{"id":19624,"date":"2026-02-27T00:45:39","date_gmt":"2026-02-27T00:45:39","guid":{"rendered":"https:\/\/nordicmart.andreevmaster.com\/product\/songmics-2-pack-fotbollsmal-for-barn\/"},"modified":"2026-02-27T08:32:53","modified_gmt":"2026-02-27T08:32:53","slug":"songmics-2-pack-fotbollsmal-for-barn","status":"publish","type":"product","link":"https:\/\/nordicmart.andreevmaster.com\/sv\/produkt\/songmics-2-pack-fotbollsmal-for-barn\/","title":{"rendered":"SONGMICS 2-pack fotbollsm\u00e5l f\u00f6r barn"},"content":{"rendered":"<p>Produktdetaljer: &#8211; F\u00e4rg: orange &#8211; Material: glasfiberst\u00e4nger, polyestern\u00e4t, Oxford-tyg &#8211; Storlek: 120 x 91 x 91 cm (L x B x H) &#8211; Vikt: 2,4 kg Leveransomfattning:- 2 x fotbollsm\u00e5l &#8211; 2 x m\u00e5ltavla &#8211; 6 x tr\u00e4ningskoner &#8211; 8 x J-formade markankare &#8211; 1 x transportv\u00e4ska &#8211; 1 x bruksanvisning SONGMICS Anm\u00e4rkningar: &#8211; Denna produkt ska monteras utomhus med hj\u00e4lp av de medf\u00f6ljande f\u00e4sttillbeh\u00f6ren. Se till att det \u00e4r stadigt fastsatt i marken. &#8211; Ej l\u00e4mpligt f\u00f6r barn under 3 \u00e5r. Barn \u00f6ver 3 \u00e5r f\u00e5r endast anv\u00e4nda produkten under uppsikt av en vuxen. &#8211; Detta \u00e4r ett pop-up fotbollsm\u00e5l. H\u00e5ll tillr\u00e4ckligt avst\u00e5nd till produkten n\u00e4r du f\u00e4ller upp den.<\/p>\n","protected":false},"excerpt":{"rendered":"<p>SONGMICS fotbollsm\u00e5l f\u00f6r barn, 2-pack, b\u00e4rbart och hopf\u00e4llbart, tr\u00e4dg\u00e5rd, park, strand, st\u00f6dst\u00e4nger av glasfiber, svart SZQ422B01<\/p>\n","protected":false},"featured_media":46512,"comment_status":"open","ping_status":"closed","template":"","meta":[],"product_brand":[],"product_cat":[33],"product_tag":[],"class_list":{"0":"post-19624","1":"product","2":"type-product","3":"status-publish","4":"has-post-thumbnail","6":"product_cat-okategoriserad","8":"first","9":"instock","10":"shipping-taxable","11":"purchasable","12":"product-type-simple"},"_links":{"self":[{"href":"https:\/\/nordicmart.andreevmaster.com\/sv\/wp-json\/wp\/v2\/product\/19624","targetHints":{"allow":["GET"]}}],"collection":[{"href":"https:\/\/nordicmart.andreevmaster.com\/sv\/wp-json\/wp\/v2\/product"}],"about":[{"href":"https:\/\/nordicmart.andreevmaster.com\/sv\/wp-json\/wp\/v2\/types\/product"}],"replies":[{"embeddable":true,"href":"https:\/\/nordicmart.andreevmaster.com\/sv\/wp-json\/wp\/v2\/comments?post=19624"}],"wp:featuredmedia":[{"embeddable":true,"href":"https:\/\/nordicmart.andreevmaster.com\/sv\/wp-json\/wp\/v2\/media\/46512"}],"wp:attachment":[{"href":"https:\/\/nordicmart.andreevmaster.com\/sv\/wp-json\/wp\/v2\/media?parent=19624"}],"wp:term":[{"taxonomy":"product_brand","embeddable":true,"href":"https:\/\/nordicmart.andreevmaster.com\/sv\/wp-json\/wp\/v2\/product_brand?post=19624"},{"taxonomy":"product_cat","embeddable":true,"href":"https:\/\/nordicmart.andreevmaster.com\/sv\/wp-json\/wp\/v2\/product_cat?post=19624"},{"taxonomy":"product_tag","embeddable":true,"href":"https:\/\/nordicmart.andreevmaster.com\/sv\/wp-json\/wp\/v2\/product_tag?post=19624"}],"curies":[{"name":"wp","href":"https:\/\/api.w.org\/{rel}","templated":true}]}}