{"id":19621,"date":"2026-02-27T00:45:38","date_gmt":"2026-02-27T00:45:38","guid":{"rendered":"https:\/\/nordicmart.andreevmaster.com\/product\/songmics-fotbollsmal-for-barn\/"},"modified":"2026-02-27T08:32:52","modified_gmt":"2026-02-27T08:32:52","slug":"songmics-fotbollsmal-for-barn","status":"publish","type":"product","link":"https:\/\/nordicmart.andreevmaster.com\/sv\/produkt\/songmics-fotbollsmal-for-barn\/","title":{"rendered":"SONGMICS fotbollsm\u00e5l f\u00f6r barn"},"content":{"rendered":"<p>Ute \u00e4r det soligt och gr\u00f6nt, men dina barn sitter framf\u00f6r TV:n eller med sina smartphones? I v\u00e5r och sommar kan du \u00e4ntligen locka ut dem i tr\u00e4dg\u00e5rden igen: Spela en omg\u00e5ng fotboll tillsammans! Med detta l\u00e4tta men \u00e4nd\u00e5 robusta fotbollsm\u00e5l fr\u00e5n SONGMICS kommer dina barn att ha kul i naturen och spela fotboll i timmar. Detta fotbollsm\u00e5l best\u00e5r av pulverlackerade r\u00f6r och ett slitstarkt PE-n\u00e4t och f\u00e4sts i marken med hj\u00e4lp av 4 U-formade jordankare. Var vill du st\u00e4lla upp det? I tr\u00e4dg\u00e5rden, parken eller p\u00e5 stranden? Ingen fara! \u00c4r du r\u00e4dd f\u00f6r monteringen? Oroa dig inte. Detta fotbollsm\u00e5l kan monteras och demonteras p\u00e5 nolltid. De enskilda delarna kan enkelt tas med \u00f6verallt. Produktdetaljer: F\u00e4rg: Vit Material: Pulverlackerade r\u00f6r, PE-n\u00e4t Storlek: 215 x 76 x 150 cm (L x B x H) Maskstorlek: 10 x 10 cm Vikt: 4,8 kg Leveransomfattning: 1 x metallstativ 1 x n\u00e4t 4 x skruv 4 x jordankare 24 x kardborreband 1 x bruksanvisning (DE, EN, FR, ES, IT) SONGMICS Anm\u00e4rkningar: Denna produkt ska monteras utomhus med hj\u00e4lp av de medf\u00f6ljande f\u00e4sttillbeh\u00f6ren. Se till att det \u00e4r stadigt fastsatt i marken. Ej l\u00e4mpligt f\u00f6r barn under 3 \u00e5r. Barn \u00f6ver 3 \u00e5r f\u00e5r endast anv\u00e4nda produkten under uppsikt av en vuxen.<\/p>\n","protected":false},"excerpt":{"rendered":"<p>SONGMICS fotbollsm\u00e5l f\u00f6r barn, snabb montering, tr\u00e4dg\u00e5rd, park, strand, j\u00e4rnr\u00f6r och PE-n\u00e4t, svart SZQ215BK<\/p>\n","protected":false},"featured_media":46509,"comment_status":"open","ping_status":"closed","template":"","meta":[],"product_brand":[],"product_cat":[33],"product_tag":[],"class_list":{"0":"post-19621","1":"product","2":"type-product","3":"status-publish","4":"has-post-thumbnail","6":"product_cat-okategoriserad","8":"first","9":"instock","10":"shipping-taxable","11":"purchasable","12":"product-type-simple"},"_links":{"self":[{"href":"https:\/\/nordicmart.andreevmaster.com\/sv\/wp-json\/wp\/v2\/product\/19621","targetHints":{"allow":["GET"]}}],"collection":[{"href":"https:\/\/nordicmart.andreevmaster.com\/sv\/wp-json\/wp\/v2\/product"}],"about":[{"href":"https:\/\/nordicmart.andreevmaster.com\/sv\/wp-json\/wp\/v2\/types\/product"}],"replies":[{"embeddable":true,"href":"https:\/\/nordicmart.andreevmaster.com\/sv\/wp-json\/wp\/v2\/comments?post=19621"}],"wp:featuredmedia":[{"embeddable":true,"href":"https:\/\/nordicmart.andreevmaster.com\/sv\/wp-json\/wp\/v2\/media\/46509"}],"wp:attachment":[{"href":"https:\/\/nordicmart.andreevmaster.com\/sv\/wp-json\/wp\/v2\/media?parent=19621"}],"wp:term":[{"taxonomy":"product_brand","embeddable":true,"href":"https:\/\/nordicmart.andreevmaster.com\/sv\/wp-json\/wp\/v2\/product_brand?post=19621"},{"taxonomy":"product_cat","embeddable":true,"href":"https:\/\/nordicmart.andreevmaster.com\/sv\/wp-json\/wp\/v2\/product_cat?post=19621"},{"taxonomy":"product_tag","embeddable":true,"href":"https:\/\/nordicmart.andreevmaster.com\/sv\/wp-json\/wp\/v2\/product_tag?post=19621"}],"curies":[{"name":"wp","href":"https:\/\/api.w.org\/{rel}","templated":true}]}}