{"id":19619,"date":"2026-02-27T00:45:38","date_gmt":"2026-02-27T00:45:38","guid":{"rendered":"https:\/\/nordicmart.andreevmaster.com\/product\/songmics-fotbollsmal-for-barn-svart\/"},"modified":"2026-02-27T08:32:52","modified_gmt":"2026-02-27T08:32:52","slug":"songmics-fotbollsmal-for-barn-svart","status":"publish","type":"product","link":"https:\/\/nordicmart.andreevmaster.com\/sv\/produkt\/songmics-fotbollsmal-for-barn-svart\/","title":{"rendered":"SONGMICS fotbollsm\u00e5l f\u00f6r barn, svart"},"content":{"rendered":"<p>Produktdetaljer: F\u00e4rg: Svart Material: Pulverlackerade j\u00e4rnr\u00f6r, PE-n\u00e4t, Oxford-tyg Storlek p\u00e5 fotbollsm\u00e5let: 215 x 76 x 150 cm (L x B x H), m\u00e5lh\u00e5l: \u00d8 40 cm Storlek p\u00e5 m\u00e5lv\u00e4ggen: 204 \u00d7 145 cm Maskstorlek: 10 x 10 cm Vikt: 5,6 kg Leveransomfattning: 1 x fotbollsm\u00e5l 1 x n\u00e4t 4 x skruv 1 x m\u00e5lv\u00e4gg 18 x elastisk \u00f6gla 8 x jordankare 24 x kardborreband 1 x bruksanvisning (DE, EN, FR, ES, IT) SONGMICS Anm\u00e4rkningar:Denna produkt ska monteras utomhus med hj\u00e4lp av de medf\u00f6ljande f\u00e4sttillbeh\u00f6ren. Se till att den \u00e4r ordentligt fastsatt i marken. Ej l\u00e4mplig f\u00f6r barn under 3 \u00e5r. Barn \u00f6ver 3 \u00e5r f\u00e5r endast anv\u00e4nda produkten under uppsikt av en vuxen.<\/p>\n","protected":false},"excerpt":{"rendered":"<p>SONGMICS fotbollsm\u00e5l f\u00f6r barn, snabb montering, tr\u00e4dg\u00e5rd, park, strand, j\u00e4rnr\u00f6r och PE-n\u00e4t, svart SZQ215BK<\/p>\n","protected":false},"featured_media":46507,"comment_status":"open","ping_status":"closed","template":"","meta":[],"product_brand":[],"product_cat":[33],"product_tag":[],"class_list":{"0":"post-19619","1":"product","2":"type-product","3":"status-publish","4":"has-post-thumbnail","6":"product_cat-okategoriserad","8":"first","9":"instock","10":"shipping-taxable","11":"purchasable","12":"product-type-simple"},"_links":{"self":[{"href":"https:\/\/nordicmart.andreevmaster.com\/sv\/wp-json\/wp\/v2\/product\/19619","targetHints":{"allow":["GET"]}}],"collection":[{"href":"https:\/\/nordicmart.andreevmaster.com\/sv\/wp-json\/wp\/v2\/product"}],"about":[{"href":"https:\/\/nordicmart.andreevmaster.com\/sv\/wp-json\/wp\/v2\/types\/product"}],"replies":[{"embeddable":true,"href":"https:\/\/nordicmart.andreevmaster.com\/sv\/wp-json\/wp\/v2\/comments?post=19619"}],"wp:featuredmedia":[{"embeddable":true,"href":"https:\/\/nordicmart.andreevmaster.com\/sv\/wp-json\/wp\/v2\/media\/46507"}],"wp:attachment":[{"href":"https:\/\/nordicmart.andreevmaster.com\/sv\/wp-json\/wp\/v2\/media?parent=19619"}],"wp:term":[{"taxonomy":"product_brand","embeddable":true,"href":"https:\/\/nordicmart.andreevmaster.com\/sv\/wp-json\/wp\/v2\/product_brand?post=19619"},{"taxonomy":"product_cat","embeddable":true,"href":"https:\/\/nordicmart.andreevmaster.com\/sv\/wp-json\/wp\/v2\/product_cat?post=19619"},{"taxonomy":"product_tag","embeddable":true,"href":"https:\/\/nordicmart.andreevmaster.com\/sv\/wp-json\/wp\/v2\/product_tag?post=19619"}],"curies":[{"name":"wp","href":"https:\/\/api.w.org\/{rel}","templated":true}]}}