{"id":19618,"date":"2026-02-27T00:45:37","date_gmt":"2026-02-27T00:45:37","guid":{"rendered":"https:\/\/nordicmart.andreevmaster.com\/product\/songmics-fotbollsmal-for-barn-roda\/"},"modified":"2026-02-27T08:32:52","modified_gmt":"2026-02-27T08:32:52","slug":"songmics-fotbollsmal-for-barn-roda","status":"publish","type":"product","link":"https:\/\/nordicmart.andreevmaster.com\/sv\/produkt\/songmics-fotbollsmal-for-barn-roda\/","title":{"rendered":"SONGMICS fotbollsm\u00e5l f\u00f6r barn, r\u00f6da"},"content":{"rendered":"<p>Produktdetaljer: F\u00e4rg: R\u00f6d Material: St\u00e5l, glasfiberst\u00e4nger, polyestern\u00e4t, Oxford-tyg Storlek: 120 x 80 x 80 cm (L x B x H) Vikt: 2,2 kg Leveransomfattning: 2 x fotbollsm\u00e5l 4 x st\u00f6dst\u00e5ng 4 x metallh\u00f6rn (2 per m\u00e5l) 8 x jordankare 1 x transportv\u00e4ska (95 x 95 x 110 cm) 1 x bruksanvisning (DE, EN, FR, ES, IT) SONGMICS Anm\u00e4rkningar:Denna produkt ska monteras utomhus med hj\u00e4lp av de medf\u00f6ljande f\u00e4sttillbeh\u00f6ren. Se till att den \u00e4r ordentligt fastsatt i marken. Ej l\u00e4mplig f\u00f6r barn under 3 \u00e5r. Barn \u00f6ver 3 \u00e5r f\u00e5r endast anv\u00e4nda produkten under uppsikt av en vuxen. Detta \u00e4r ett pop-up fotbollsm\u00e5l. H\u00e5ll tillr\u00e4ckligt avst\u00e5nd till produkten n\u00e4r du f\u00e4ller upp den.<\/p>\n","protected":false},"excerpt":{"rendered":"<p>SONGMICS fotbollsm\u00e5l f\u00f6r barn, 2-pack, pop-up, snabb montering, tr\u00e4dg\u00e5rd, park, strand, stativ av glasfiberstavar, Oxford-tyg och polyestern\u00e4t, svart SZQ122B02<\/p>\n","protected":false},"featured_media":46506,"comment_status":"open","ping_status":"closed","template":"","meta":[],"product_brand":[],"product_cat":[33],"product_tag":[],"class_list":{"0":"post-19618","1":"product","2":"type-product","3":"status-publish","4":"has-post-thumbnail","6":"product_cat-okategoriserad","8":"first","9":"instock","10":"shipping-taxable","11":"purchasable","12":"product-type-simple"},"_links":{"self":[{"href":"https:\/\/nordicmart.andreevmaster.com\/sv\/wp-json\/wp\/v2\/product\/19618","targetHints":{"allow":["GET"]}}],"collection":[{"href":"https:\/\/nordicmart.andreevmaster.com\/sv\/wp-json\/wp\/v2\/product"}],"about":[{"href":"https:\/\/nordicmart.andreevmaster.com\/sv\/wp-json\/wp\/v2\/types\/product"}],"replies":[{"embeddable":true,"href":"https:\/\/nordicmart.andreevmaster.com\/sv\/wp-json\/wp\/v2\/comments?post=19618"}],"wp:featuredmedia":[{"embeddable":true,"href":"https:\/\/nordicmart.andreevmaster.com\/sv\/wp-json\/wp\/v2\/media\/46506"}],"wp:attachment":[{"href":"https:\/\/nordicmart.andreevmaster.com\/sv\/wp-json\/wp\/v2\/media?parent=19618"}],"wp:term":[{"taxonomy":"product_brand","embeddable":true,"href":"https:\/\/nordicmart.andreevmaster.com\/sv\/wp-json\/wp\/v2\/product_brand?post=19618"},{"taxonomy":"product_cat","embeddable":true,"href":"https:\/\/nordicmart.andreevmaster.com\/sv\/wp-json\/wp\/v2\/product_cat?post=19618"},{"taxonomy":"product_tag","embeddable":true,"href":"https:\/\/nordicmart.andreevmaster.com\/sv\/wp-json\/wp\/v2\/product_tag?post=19618"}],"curies":[{"name":"wp","href":"https:\/\/api.w.org\/{rel}","templated":true}]}}