{"id":19614,"date":"2026-02-27T00:45:36","date_gmt":"2026-02-27T00:45:36","guid":{"rendered":"https:\/\/nordicmart.andreevmaster.com\/product\/songmics-fotbollsmal-med-stalram-for-barn\/"},"modified":"2026-02-27T08:32:51","modified_gmt":"2026-02-27T08:32:51","slug":"songmics-fotbollsmal-med-stalram-for-barn","status":"publish","type":"product","link":"https:\/\/nordicmart.andreevmaster.com\/sv\/produkt\/songmics-fotbollsmal-med-stalram-for-barn\/","title":{"rendered":"SONGMICS fotbollsm\u00e5l med st\u00e5lram f\u00f6r barn"},"content":{"rendered":"<p>SONGMICS Rebounder f\u00f6r fotboll, fotbollsm\u00e5l f\u00f6r barn, b\u00e4rbar, fotbollsrebounder, fotbollsm\u00e5l med st\u00e5lram, vinkeljusterbar, snabb montering, f\u00f6r tr\u00e4dg\u00e5rd, park, strand<br \/>\nF\u00e4rg: Bl\u00e4ck svart<br \/>\nMaterial: F\u00f6rzinkade st\u00e5lr\u00f6r<br \/>\nStorlek: 78,5 x 84,5 x (55-78,5) cm (D x B x H)<br \/>\nVikt: 6,7 kg<\/p>\n","protected":false},"excerpt":{"rendered":"<p>SONGMICS Rebounder f\u00f6r fotboll, fotbollsm\u00e5l f\u00f6r barn, b\u00e4rbar, fotbollsrebounder, fotbollsm\u00e5l med st\u00e5lram, vinkeljusterbar, snabb montering, f\u00f6r tr\u00e4dg\u00e5rd, park, strand<\/p>\n","protected":false},"featured_media":46502,"comment_status":"open","ping_status":"closed","template":"","meta":[],"product_brand":[],"product_cat":[33],"product_tag":[],"class_list":{"0":"post-19614","1":"product","2":"type-product","3":"status-publish","4":"has-post-thumbnail","6":"product_cat-okategoriserad","8":"first","9":"instock","10":"shipping-taxable","11":"purchasable","12":"product-type-simple"},"_links":{"self":[{"href":"https:\/\/nordicmart.andreevmaster.com\/sv\/wp-json\/wp\/v2\/product\/19614","targetHints":{"allow":["GET"]}}],"collection":[{"href":"https:\/\/nordicmart.andreevmaster.com\/sv\/wp-json\/wp\/v2\/product"}],"about":[{"href":"https:\/\/nordicmart.andreevmaster.com\/sv\/wp-json\/wp\/v2\/types\/product"}],"replies":[{"embeddable":true,"href":"https:\/\/nordicmart.andreevmaster.com\/sv\/wp-json\/wp\/v2\/comments?post=19614"}],"wp:featuredmedia":[{"embeddable":true,"href":"https:\/\/nordicmart.andreevmaster.com\/sv\/wp-json\/wp\/v2\/media\/46502"}],"wp:attachment":[{"href":"https:\/\/nordicmart.andreevmaster.com\/sv\/wp-json\/wp\/v2\/media?parent=19614"}],"wp:term":[{"taxonomy":"product_brand","embeddable":true,"href":"https:\/\/nordicmart.andreevmaster.com\/sv\/wp-json\/wp\/v2\/product_brand?post=19614"},{"taxonomy":"product_cat","embeddable":true,"href":"https:\/\/nordicmart.andreevmaster.com\/sv\/wp-json\/wp\/v2\/product_cat?post=19614"},{"taxonomy":"product_tag","embeddable":true,"href":"https:\/\/nordicmart.andreevmaster.com\/sv\/wp-json\/wp\/v2\/product_tag?post=19614"}],"curies":[{"name":"wp","href":"https:\/\/api.w.org\/{rel}","templated":true}]}}