{"id":19612,"date":"2026-02-27T00:45:36","date_gmt":"2026-02-27T00:45:36","guid":{"rendered":"https:\/\/nordicmart.andreevmaster.com\/product\/songmics-badminton-nat-med-metallstativ\/"},"modified":"2026-02-27T08:32:50","modified_gmt":"2026-02-27T08:32:50","slug":"songmics-badminton-nat-med-metallstativ","status":"publish","type":"product","link":"https:\/\/nordicmart.andreevmaster.com\/sv\/produkt\/songmics-badminton-nat-med-metallstativ\/","title":{"rendered":"SONGMICS Badminton n\u00e4t med metallstativ"},"content":{"rendered":"<p>Produktbeskrivning: Det \u00e4r soligt och gr\u00f6nt ute, men din familj sitter framf\u00f6r TV:n eller med sina smartphones? I v\u00e5r och sommar kan du \u00e4ntligen locka ut dem i tr\u00e4dg\u00e5rden igen: Spela en omg\u00e5ng badminton tillsammans! Utan elektroniska apparater eller andra distraktioner kommer dina barn att ha kul i naturen och spela badminton i timmar. Med detta badminton n\u00e4t fr\u00e5n SONGMICS blir du familjens stj\u00e4rna och spelpartner nr 1! H\u00e4r \u00e4r h\u00f6jdpunkterna i badminton n\u00e4tet fr\u00e5n SONGMICS: H\u00f6jdjusterbart n\u00e4t med markeringar p\u00e5 107, 120 och 155 cm.L\u00e4mpligt f\u00f6r m\u00e5nga n\u00e4tidrotter: badminton, tennis, volleyboll etc. Kan monteras och demonteras p\u00e5 n\u00e5gra minuter. 4 jordkrokar f\u00f6r \u00f6kad stabilitet ing\u00e5r. De nylonf\u00f6rband som \u00f6ppnas i 4 riktningar p\u00e5 n\u00e4tets stativ \u00e4r tillverkade av samma material som anv\u00e4nds f\u00f6r tillverkning av st\u00f6td\u00e4mpare. D\u00e4rf\u00f6r \u00e4r de s\u00e4rskilt h\u00e5llbara och t\u00e5liga. En transportv\u00e4ska medf\u00f6ljer ocks\u00e5. Produktdetaljer: Material: J\u00e4rnr\u00f6r + PE-n\u00e4t + Oxford-tyg Diameter p\u00e5 j\u00e4rnr\u00f6ren: 19 mm Produktm\u00e5tt: 500 x 155 x 103 cm (B x H x D) F\u00e4rg: Svart (stativ); Bl\u00e5 (n\u00e4t)Leveransomfattning:1x badminton n\u00e4t1x b\u00e4rv\u00e4ska4x markpinnar1x instruktioner (DE, EN, FR, IT, ES)<\/p>\n","protected":false},"excerpt":{"rendered":"<p>SONGMICS 5 m badminton- och tennisn\u00e4t, h\u00f6jdjusterbart, set best\u00e5ende av n\u00e4t, stabilt j\u00e4rnstativ och transportv\u00e4ska SYQ500V2<\/p>\n","protected":false},"featured_media":46500,"comment_status":"open","ping_status":"closed","template":"","meta":[],"product_brand":[],"product_cat":[33],"product_tag":[],"class_list":{"0":"post-19612","1":"product","2":"type-product","3":"status-publish","4":"has-post-thumbnail","6":"product_cat-okategoriserad","8":"first","9":"instock","10":"shipping-taxable","11":"purchasable","12":"product-type-simple"},"_links":{"self":[{"href":"https:\/\/nordicmart.andreevmaster.com\/sv\/wp-json\/wp\/v2\/product\/19612","targetHints":{"allow":["GET"]}}],"collection":[{"href":"https:\/\/nordicmart.andreevmaster.com\/sv\/wp-json\/wp\/v2\/product"}],"about":[{"href":"https:\/\/nordicmart.andreevmaster.com\/sv\/wp-json\/wp\/v2\/types\/product"}],"replies":[{"embeddable":true,"href":"https:\/\/nordicmart.andreevmaster.com\/sv\/wp-json\/wp\/v2\/comments?post=19612"}],"wp:featuredmedia":[{"embeddable":true,"href":"https:\/\/nordicmart.andreevmaster.com\/sv\/wp-json\/wp\/v2\/media\/46500"}],"wp:attachment":[{"href":"https:\/\/nordicmart.andreevmaster.com\/sv\/wp-json\/wp\/v2\/media?parent=19612"}],"wp:term":[{"taxonomy":"product_brand","embeddable":true,"href":"https:\/\/nordicmart.andreevmaster.com\/sv\/wp-json\/wp\/v2\/product_brand?post=19612"},{"taxonomy":"product_cat","embeddable":true,"href":"https:\/\/nordicmart.andreevmaster.com\/sv\/wp-json\/wp\/v2\/product_cat?post=19612"},{"taxonomy":"product_tag","embeddable":true,"href":"https:\/\/nordicmart.andreevmaster.com\/sv\/wp-json\/wp\/v2\/product_tag?post=19612"}],"curies":[{"name":"wp","href":"https:\/\/api.w.org\/{rel}","templated":true}]}}