{"id":19610,"date":"2026-02-27T00:45:35","date_gmt":"2026-02-27T00:45:35","guid":{"rendered":"https:\/\/nordicmart.andreevmaster.com\/product\/songmics-badmintonnat-set-svart\/"},"modified":"2026-02-27T08:32:50","modified_gmt":"2026-02-27T08:32:50","slug":"songmics-badmintonnat-set-svart","status":"publish","type":"product","link":"https:\/\/nordicmart.andreevmaster.com\/sv\/produkt\/songmics-badmintonnat-set-svart\/","title":{"rendered":"SONGMICS badmintonn\u00e4t-set svart"},"content":{"rendered":"<p>Detta set inneh\u00e5ller ett n\u00e4t med t\u00e4ta maskor och stabila j\u00e4rnst\u00e4nger. Med detta kan du p\u00e5 n\u00e5gra sekunder skapa en spelplan i din tr\u00e4dg\u00e5rd, p\u00e5 bakg\u00e5rden, i parken, p\u00e5 stranden eller p\u00e5 gymmet. Jaga sedan efter fj\u00e4derbollen och spela en vild badmintonmatch med dina v\u00e4nner eller familjen. Produktdetaljer: F\u00e4rg: Negro Material: J\u00e4rnst\u00e4nger, n\u00e4t av PE (polyeten), Oxford-tyg Storlek: 500 x 103 x 155 cm (L x B x H) Diameter j\u00e4rnst\u00e4nger: 19 mm Vikt: 4,8 kg Leveransomfattning: 1 x badminton n\u00e4t 1 x transportv\u00e4ska 4 x jordkrokar 1 x instruktioner (DE, EN, FR, ES, IT)<\/p>\n","protected":false},"excerpt":{"rendered":"<p>SONGMICS 5 m badminton- och tennisn\u00e4t, h\u00f6jdjusterbart, set best\u00e5ende av n\u00e4t, stabilt j\u00e4rnstativ och transportv\u00e4ska SYQ500V2<\/p>\n","protected":false},"featured_media":46498,"comment_status":"open","ping_status":"closed","template":"","meta":[],"product_brand":[],"product_cat":[33],"product_tag":[],"class_list":{"0":"post-19610","1":"product","2":"type-product","3":"status-publish","4":"has-post-thumbnail","6":"product_cat-okategoriserad","8":"first","9":"instock","10":"shipping-taxable","11":"purchasable","12":"product-type-simple"},"_links":{"self":[{"href":"https:\/\/nordicmart.andreevmaster.com\/sv\/wp-json\/wp\/v2\/product\/19610","targetHints":{"allow":["GET"]}}],"collection":[{"href":"https:\/\/nordicmart.andreevmaster.com\/sv\/wp-json\/wp\/v2\/product"}],"about":[{"href":"https:\/\/nordicmart.andreevmaster.com\/sv\/wp-json\/wp\/v2\/types\/product"}],"replies":[{"embeddable":true,"href":"https:\/\/nordicmart.andreevmaster.com\/sv\/wp-json\/wp\/v2\/comments?post=19610"}],"wp:featuredmedia":[{"embeddable":true,"href":"https:\/\/nordicmart.andreevmaster.com\/sv\/wp-json\/wp\/v2\/media\/46498"}],"wp:attachment":[{"href":"https:\/\/nordicmart.andreevmaster.com\/sv\/wp-json\/wp\/v2\/media?parent=19610"}],"wp:term":[{"taxonomy":"product_brand","embeddable":true,"href":"https:\/\/nordicmart.andreevmaster.com\/sv\/wp-json\/wp\/v2\/product_brand?post=19610"},{"taxonomy":"product_cat","embeddable":true,"href":"https:\/\/nordicmart.andreevmaster.com\/sv\/wp-json\/wp\/v2\/product_cat?post=19610"},{"taxonomy":"product_tag","embeddable":true,"href":"https:\/\/nordicmart.andreevmaster.com\/sv\/wp-json\/wp\/v2\/product_tag?post=19610"}],"curies":[{"name":"wp","href":"https:\/\/api.w.org\/{rel}","templated":true}]}}