{"id":19609,"date":"2026-02-27T00:45:35","date_gmt":"2026-02-27T00:45:35","guid":{"rendered":"https:\/\/nordicmart.andreevmaster.com\/product\/sort-badmintonnet-saet-2\/"},"modified":"2026-02-27T08:32:50","modified_gmt":"2026-02-27T08:32:50","slug":"sort-badmintonnet-saet-2","status":"publish","type":"product","link":"https:\/\/nordicmart.andreevmaster.com\/sv\/produkt\/sort-badmintonnet-saet-2\/","title":{"rendered":"Sort badmintonnet-s\u00e6t"},"content":{"rendered":"<p>Dette s\u00e6t indeholder et t\u00e6tmasket net og robuste jernst\u00e6nger. Du kan s\u00e6tte en bane op i din have, bagg\u00e5rd, park, strand eller fitnesscenter p\u00e5 f\u00e5 sekunder. S\u00e5 kan du jaga fj\u00e4derbollen och spela en vild badmintonmatch med dina v\u00e4nner eller familj. Produktdetaljer: F\u00e4rg: Negro Material: J\u00e4rnst\u00e4nger, PE (polyeten)-n\u00e4t, Oxford-tyg Storlek: 500 x 103 x 155 cm (L x B x H)Diameter p\u00e5 j\u00e4rnst\u00e4nger: 19 mmVikt: 4,8 kgLeveransomfattning:1 x badmintonn\u00e4t1 x transportv\u00e4ska4 x jordkrokar1 x bruksanvisning (DE, EN, FR, ES, IT)<\/p>\n","protected":false},"excerpt":{"rendered":"<p>Dette s\u00e6t indeholder et t\u00e6tmasket net og robuste jernst\u00e6nger. Du kan s\u00e6tte en bane op i din have, bagg\u00e5rd, park, strand eller fitnesscenter p\u00e5 f\u00e5 sekunder. S\u00e5 kan du jaga fj\u00e4derbollen och spela en vild badmintonmatch med dina v\u00e4nner eller familj. Produktdetaljer: F\u00e4rg: Negro Material: J\u00e4rnst\u00e4nger, PE (polyeten)-n\u00e4t, Oxford-tyg Storlek: 500 x 103 x 155 [&hellip;]<\/p>\n","protected":false},"featured_media":0,"comment_status":"open","ping_status":"closed","template":"","meta":[],"product_brand":[],"product_cat":[33],"product_tag":[],"class_list":{"0":"post-19609","1":"product","2":"type-product","3":"status-publish","5":"product_cat-okategoriserad","7":"first","8":"instock","9":"shipping-taxable","10":"product-type-simple"},"_links":{"self":[{"href":"https:\/\/nordicmart.andreevmaster.com\/sv\/wp-json\/wp\/v2\/product\/19609","targetHints":{"allow":["GET"]}}],"collection":[{"href":"https:\/\/nordicmart.andreevmaster.com\/sv\/wp-json\/wp\/v2\/product"}],"about":[{"href":"https:\/\/nordicmart.andreevmaster.com\/sv\/wp-json\/wp\/v2\/types\/product"}],"replies":[{"embeddable":true,"href":"https:\/\/nordicmart.andreevmaster.com\/sv\/wp-json\/wp\/v2\/comments?post=19609"}],"wp:attachment":[{"href":"https:\/\/nordicmart.andreevmaster.com\/sv\/wp-json\/wp\/v2\/media?parent=19609"}],"wp:term":[{"taxonomy":"product_brand","embeddable":true,"href":"https:\/\/nordicmart.andreevmaster.com\/sv\/wp-json\/wp\/v2\/product_brand?post=19609"},{"taxonomy":"product_cat","embeddable":true,"href":"https:\/\/nordicmart.andreevmaster.com\/sv\/wp-json\/wp\/v2\/product_cat?post=19609"},{"taxonomy":"product_tag","embeddable":true,"href":"https:\/\/nordicmart.andreevmaster.com\/sv\/wp-json\/wp\/v2\/product_tag?post=19609"}],"curies":[{"name":"wp","href":"https:\/\/api.w.org\/{rel}","templated":true}]}}