{"id":19606,"date":"2026-02-27T00:45:34","date_gmt":"2026-02-27T00:45:34","guid":{"rendered":"https:\/\/nordicmart.andreevmaster.com\/product\/songmics-badmintonnat-enkelt-att-montera-hojdjusterbart\/"},"modified":"2026-02-27T08:32:49","modified_gmt":"2026-02-27T08:32:49","slug":"songmics-badmintonnat-enkelt-att-montera-hojdjusterbart","status":"publish","type":"product","link":"https:\/\/nordicmart.andreevmaster.com\/sv\/produkt\/songmics-badmintonnat-enkelt-att-montera-hojdjusterbart\/","title":{"rendered":"SONGMICS badmintonn\u00e4t, enkelt att montera, h\u00f6jdjusterbart"},"content":{"rendered":"<p>SONGMICS 4 m badminton- och tennisn\u00e4t, h\u00f6j- och justerbart, set best\u00e5ende av n\u00e4t, stabilt j\u00e4rnstativ och transportv\u00e4ska SYQ400<br \/>\nF\u00e4rg: bl\u00e5-gul<br \/>\nMaterial: St\u00e5lst\u00e4nger, PE-n\u00e4t, Oxford-tyg<br \/>\nStorlek: 400 x 103 x (90-155) cm (L x B x H)<br \/>\nSt\u00e5ngernas diameter: 19 mm\/22 mm<br \/>\nVikt: 4,2 kg<\/p>\n","protected":false},"excerpt":{"rendered":"<p>SONGMICS 4 m badminton- och tennisn\u00e4t, h\u00f6j- och justerbart, set best\u00e5ende av n\u00e4t, stabilt j\u00e4rnstativ och transportv\u00e4ska SYQ400<\/p>\n","protected":false},"featured_media":46495,"comment_status":"open","ping_status":"closed","template":"","meta":[],"product_brand":[],"product_cat":[33],"product_tag":[],"class_list":{"0":"post-19606","1":"product","2":"type-product","3":"status-publish","4":"has-post-thumbnail","6":"product_cat-okategoriserad","8":"first","9":"instock","10":"shipping-taxable","11":"purchasable","12":"product-type-simple"},"_links":{"self":[{"href":"https:\/\/nordicmart.andreevmaster.com\/sv\/wp-json\/wp\/v2\/product\/19606","targetHints":{"allow":["GET"]}}],"collection":[{"href":"https:\/\/nordicmart.andreevmaster.com\/sv\/wp-json\/wp\/v2\/product"}],"about":[{"href":"https:\/\/nordicmart.andreevmaster.com\/sv\/wp-json\/wp\/v2\/types\/product"}],"replies":[{"embeddable":true,"href":"https:\/\/nordicmart.andreevmaster.com\/sv\/wp-json\/wp\/v2\/comments?post=19606"}],"wp:featuredmedia":[{"embeddable":true,"href":"https:\/\/nordicmart.andreevmaster.com\/sv\/wp-json\/wp\/v2\/media\/46495"}],"wp:attachment":[{"href":"https:\/\/nordicmart.andreevmaster.com\/sv\/wp-json\/wp\/v2\/media?parent=19606"}],"wp:term":[{"taxonomy":"product_brand","embeddable":true,"href":"https:\/\/nordicmart.andreevmaster.com\/sv\/wp-json\/wp\/v2\/product_brand?post=19606"},{"taxonomy":"product_cat","embeddable":true,"href":"https:\/\/nordicmart.andreevmaster.com\/sv\/wp-json\/wp\/v2\/product_cat?post=19606"},{"taxonomy":"product_tag","embeddable":true,"href":"https:\/\/nordicmart.andreevmaster.com\/sv\/wp-json\/wp\/v2\/product_tag?post=19606"}],"curies":[{"name":"wp","href":"https:\/\/api.w.org\/{rel}","templated":true}]}}