{"id":19605,"date":"2026-02-27T00:45:33","date_gmt":"2026-02-27T00:45:33","guid":{"rendered":"https:\/\/nordicmart.andreevmaster.com\/product\/songmics-barbart-badminton-nat-i-svart\/"},"modified":"2026-02-27T08:32:49","modified_gmt":"2026-02-27T08:32:49","slug":"songmics-barbart-badminton-nat-i-svart","status":"publish","type":"product","link":"https:\/\/nordicmart.andreevmaster.com\/sv\/produkt\/songmics-barbart-badminton-nat-i-svart\/","title":{"rendered":"SONGMICS b\u00e4rbart badminton n\u00e4t i svart"},"content":{"rendered":"<p>Produktbeskrivning: Badmintonn\u00e4tet \u00e4r b\u00e5de l\u00e4tt och enkelt att montera. Du kan montera n\u00e4tet var som helst och spela badminton eller tennis n\u00e4r som helst. Produktdetaljer: &#8211; Material: j\u00e4rnr\u00f6r + PE-n\u00e4t + Oxford-tyg  &#8211; Diameter p\u00e5 j\u00e4rnr\u00f6ren: 19 mm &#8211; F\u00e4rg: svart (stativ); bl\u00e5 + svart (n\u00e4t)  Leveransomfattning:<br \/>\n&#8211; 1x badminton n\u00e4t<br \/>\n&#8211; 1x b\u00e4rv\u00e4ska<br \/>\n&#8211; 4x marknitar<br \/>\n&#8211; 1x bruksanvisning (DE, EN, FR, IT, ES)<\/p>\n","protected":false},"excerpt":{"rendered":"<p>SONGMICS 4 m badminton- och tennisn\u00e4t, h\u00f6j- och justerbart, set best\u00e5ende av n\u00e4t, stabilt j\u00e4rnstativ och transportv\u00e4ska SYQ400<\/p>\n","protected":false},"featured_media":46494,"comment_status":"open","ping_status":"closed","template":"","meta":[],"product_brand":[],"product_cat":[33],"product_tag":[],"class_list":{"0":"post-19605","1":"product","2":"type-product","3":"status-publish","4":"has-post-thumbnail","6":"product_cat-okategoriserad","8":"first","9":"instock","10":"shipping-taxable","11":"purchasable","12":"product-type-simple"},"_links":{"self":[{"href":"https:\/\/nordicmart.andreevmaster.com\/sv\/wp-json\/wp\/v2\/product\/19605","targetHints":{"allow":["GET"]}}],"collection":[{"href":"https:\/\/nordicmart.andreevmaster.com\/sv\/wp-json\/wp\/v2\/product"}],"about":[{"href":"https:\/\/nordicmart.andreevmaster.com\/sv\/wp-json\/wp\/v2\/types\/product"}],"replies":[{"embeddable":true,"href":"https:\/\/nordicmart.andreevmaster.com\/sv\/wp-json\/wp\/v2\/comments?post=19605"}],"wp:featuredmedia":[{"embeddable":true,"href":"https:\/\/nordicmart.andreevmaster.com\/sv\/wp-json\/wp\/v2\/media\/46494"}],"wp:attachment":[{"href":"https:\/\/nordicmart.andreevmaster.com\/sv\/wp-json\/wp\/v2\/media?parent=19605"}],"wp:term":[{"taxonomy":"product_brand","embeddable":true,"href":"https:\/\/nordicmart.andreevmaster.com\/sv\/wp-json\/wp\/v2\/product_brand?post=19605"},{"taxonomy":"product_cat","embeddable":true,"href":"https:\/\/nordicmart.andreevmaster.com\/sv\/wp-json\/wp\/v2\/product_cat?post=19605"},{"taxonomy":"product_tag","embeddable":true,"href":"https:\/\/nordicmart.andreevmaster.com\/sv\/wp-json\/wp\/v2\/product_tag?post=19605"}],"curies":[{"name":"wp","href":"https:\/\/api.w.org\/{rel}","templated":true}]}}