{"id":19604,"date":"2026-02-27T00:45:33","date_gmt":"2026-02-27T00:45:33","guid":{"rendered":"https:\/\/nordicmart.andreevmaster.com\/product\/songmics-4-m-badminton-nat-svart-gult\/"},"modified":"2026-02-27T08:32:49","modified_gmt":"2026-02-27T08:32:49","slug":"songmics-4-m-badminton-nat-svart-gult","status":"publish","type":"product","link":"https:\/\/nordicmart.andreevmaster.com\/sv\/produkt\/songmics-4-m-badminton-nat-svart-gult\/","title":{"rendered":"SONGMICS 4 m badminton n\u00e4t svart-gult"},"content":{"rendered":"<p>Ute \u00e4r det soligt och gr\u00f6nt, men din familj sitter framf\u00f6r TV:n eller med sina smartphones? I v\u00e5r och sommar kan du \u00e4ntligen locka ut dem i tr\u00e4dg\u00e5rden igen: Spela en omg\u00e5ng badminton tillsammans! Utan elektroniska apparater eller andra distraktioner kommer dina barn att ha kul i naturen och spela badminton i timmar. Med detta badminton n\u00e4t fr\u00e5n SONGMICS blir du familjens stj\u00e4rna och spelpartner nr 1!&nbsp;H\u00e4r \u00e4r h\u00f6jdpunkterna i badminton n\u00e4tet fr\u00e5n SONGMICS:- H\u00f6jdjusterbart n\u00e4t med markeringar p\u00e5 107, 120 och 155 cm.- L\u00e4mpligt f\u00f6r m\u00e5nga n\u00e4tidrotter: badminton, tennis, volleyboll etc.- Kan monteras och demonteras p\u00e5 n\u00e5gra minuter.- 4 jordkrokar f\u00f6r \u00f6kad stabilitet ing\u00e5r.- De fyrv\u00e4gs\u00f6ppnade nylonkopplingarna p\u00e5 n\u00e4tets f\u00f6tter \u00e4r tillverkade av samma material som anv\u00e4nds f\u00f6r tillverkning av st\u00f6td\u00e4mpare. D\u00e4rf\u00f6r \u00e4r de s\u00e4rskilt h\u00e5llbara och t\u00e5liga. &#8211; En transportv\u00e4ska medf\u00f6ljer ocks\u00e5.&nbsp;Detta set inneh\u00e5ller ett n\u00e4t med t\u00e4ta maskor och stabila metallst\u00e4nger. Med detta kan du p\u00e5 n\u00e5gra sekunder skapa en spelplan i din tr\u00e4dg\u00e5rd, p\u00e5 bakg\u00e5rden, i parken, p\u00e5 stranden eller p\u00e5 gymmet. Jaga sedan efter fj\u00e4derbollen och spela en vild badmintonmatch med dina v\u00e4nner eller familjen.&nbsp;Produktdetaljer:- F\u00e4rg: Svart-gul- Material: Metallst\u00e4nger, n\u00e4t av PE (polyeten), Oxford-tyg &#8211; Storlek: 400 x 103 x 155 cm (L x B x H) &#8211; Diameter metallst\u00e4nger: 19 mm &#8211; Vikt: 4,2 kg Leveransomfattning: &#8211; 1 x badminton n\u00e4t &#8211; 1 x transportv\u00e4ska &#8211; 4 x jordkrokar &#8211; 1 x instruktioner (DE, EN, FR, ES, IT)<\/p>\n","protected":false},"excerpt":{"rendered":"<p>SONGMICS 4 m badminton- och tennisn\u00e4t, h\u00f6j- och justerbart, set best\u00e5ende av n\u00e4t, stabilt j\u00e4rnstativ och transportv\u00e4ska SYQ400<\/p>\n","protected":false},"featured_media":46493,"comment_status":"open","ping_status":"closed","template":"","meta":[],"product_brand":[],"product_cat":[33],"product_tag":[],"class_list":{"0":"post-19604","1":"product","2":"type-product","3":"status-publish","4":"has-post-thumbnail","6":"product_cat-okategoriserad","8":"first","9":"instock","10":"shipping-taxable","11":"purchasable","12":"product-type-simple"},"_links":{"self":[{"href":"https:\/\/nordicmart.andreevmaster.com\/sv\/wp-json\/wp\/v2\/product\/19604","targetHints":{"allow":["GET"]}}],"collection":[{"href":"https:\/\/nordicmart.andreevmaster.com\/sv\/wp-json\/wp\/v2\/product"}],"about":[{"href":"https:\/\/nordicmart.andreevmaster.com\/sv\/wp-json\/wp\/v2\/types\/product"}],"replies":[{"embeddable":true,"href":"https:\/\/nordicmart.andreevmaster.com\/sv\/wp-json\/wp\/v2\/comments?post=19604"}],"wp:featuredmedia":[{"embeddable":true,"href":"https:\/\/nordicmart.andreevmaster.com\/sv\/wp-json\/wp\/v2\/media\/46493"}],"wp:attachment":[{"href":"https:\/\/nordicmart.andreevmaster.com\/sv\/wp-json\/wp\/v2\/media?parent=19604"}],"wp:term":[{"taxonomy":"product_brand","embeddable":true,"href":"https:\/\/nordicmart.andreevmaster.com\/sv\/wp-json\/wp\/v2\/product_brand?post=19604"},{"taxonomy":"product_cat","embeddable":true,"href":"https:\/\/nordicmart.andreevmaster.com\/sv\/wp-json\/wp\/v2\/product_cat?post=19604"},{"taxonomy":"product_tag","embeddable":true,"href":"https:\/\/nordicmart.andreevmaster.com\/sv\/wp-json\/wp\/v2\/product_tag?post=19604"}],"curies":[{"name":"wp","href":"https:\/\/api.w.org\/{rel}","templated":true}]}}