{"id":19603,"date":"2026-02-27T00:45:33","date_gmt":"2026-02-27T00:45:33","guid":{"rendered":"https:\/\/nordicmart.andreevmaster.com\/product\/songmics-badminton-nat-3-m-bla\/"},"modified":"2026-02-27T08:32:48","modified_gmt":"2026-02-27T08:32:48","slug":"songmics-badminton-nat-3-m-bla","status":"publish","type":"product","link":"https:\/\/nordicmart.andreevmaster.com\/sv\/produkt\/songmics-badminton-nat-3-m-bla\/","title":{"rendered":"SONGMICS Badminton n\u00e4t 3 m Bl\u00e5"},"content":{"rendered":"<p>Produktbeskrivning: Badmintonn\u00e4tet \u00e4r b\u00e5de l\u00e4tt och enkelt att montera. Du kan s\u00e4tta upp n\u00e4tet var som helst och njuta av badminton eller tennis n\u00e4r som helst. Produktdetaljer: &#8211; Material: j\u00e4rnr\u00f6r + PE-n\u00e4t + Oxford-tyg  &#8211; Diameter p\u00e5 j\u00e4rnr\u00f6ren: 19 mm &#8211; Produktm\u00e5tt: 400 x (107, 120, 155) x 103 cm (B x H x D) &#8211; F\u00e4rg: svart (stativ); bl\u00e5 + svart (n\u00e4t)  Leveransomfattning: &#8211; 1x badminton n\u00e4t &#8211; 1x b\u00e4rv\u00e4ska &#8211; 4x markpinnar  &#8211; 1x bruksanvisning (DE, EN, FR, IT, ES)<\/p>\n","protected":false},"excerpt":{"rendered":"<p>SONGMICS 4 m badminton- och tennisn\u00e4t, h\u00f6j- och justerbart, set best\u00e5ende av n\u00e4t, stabilt j\u00e4rnstativ och transportv\u00e4ska SYQ400<\/p>\n","protected":false},"featured_media":46492,"comment_status":"open","ping_status":"closed","template":"","meta":[],"product_brand":[],"product_cat":[33],"product_tag":[],"class_list":{"0":"post-19603","1":"product","2":"type-product","3":"status-publish","4":"has-post-thumbnail","6":"product_cat-okategoriserad","8":"first","9":"instock","10":"shipping-taxable","11":"purchasable","12":"product-type-simple"},"_links":{"self":[{"href":"https:\/\/nordicmart.andreevmaster.com\/sv\/wp-json\/wp\/v2\/product\/19603","targetHints":{"allow":["GET"]}}],"collection":[{"href":"https:\/\/nordicmart.andreevmaster.com\/sv\/wp-json\/wp\/v2\/product"}],"about":[{"href":"https:\/\/nordicmart.andreevmaster.com\/sv\/wp-json\/wp\/v2\/types\/product"}],"replies":[{"embeddable":true,"href":"https:\/\/nordicmart.andreevmaster.com\/sv\/wp-json\/wp\/v2\/comments?post=19603"}],"wp:featuredmedia":[{"embeddable":true,"href":"https:\/\/nordicmart.andreevmaster.com\/sv\/wp-json\/wp\/v2\/media\/46492"}],"wp:attachment":[{"href":"https:\/\/nordicmart.andreevmaster.com\/sv\/wp-json\/wp\/v2\/media?parent=19603"}],"wp:term":[{"taxonomy":"product_brand","embeddable":true,"href":"https:\/\/nordicmart.andreevmaster.com\/sv\/wp-json\/wp\/v2\/product_brand?post=19603"},{"taxonomy":"product_cat","embeddable":true,"href":"https:\/\/nordicmart.andreevmaster.com\/sv\/wp-json\/wp\/v2\/product_cat?post=19603"},{"taxonomy":"product_tag","embeddable":true,"href":"https:\/\/nordicmart.andreevmaster.com\/sv\/wp-json\/wp\/v2\/product_tag?post=19603"}],"curies":[{"name":"wp","href":"https:\/\/api.w.org\/{rel}","templated":true}]}}