{"id":19601,"date":"2026-02-27T00:45:32","date_gmt":"2026-02-27T00:45:32","guid":{"rendered":"https:\/\/nordicmart.andreevmaster.com\/product\/songmics-badminton-nat-bla\/"},"modified":"2026-02-27T08:32:47","modified_gmt":"2026-02-27T08:32:47","slug":"songmics-badminton-nat-bla","status":"publish","type":"product","link":"https:\/\/nordicmart.andreevmaster.com\/sv\/produkt\/songmics-badminton-nat-bla\/","title":{"rendered":"SONGMICS badminton n\u00e4t bl\u00e5"},"content":{"rendered":"<p>Produktdetaljer: Material: J\u00e4rnr\u00f6r + PE-n\u00e4t + Oxford-tyg Diameter p\u00e5 j\u00e4rnr\u00f6r: 19 mm Produktm\u00e5tt: 300 x 155 x 103 cm (B x H x D) F\u00e4rg: Svart (ram), svart (n\u00e4t) Inneh\u00e5ll i f\u00f6rpackningen: 1 x badminton n\u00e4t, 1 x b\u00e4rv\u00e4ska, 4 x markpinnar, 1 x bruksanvisning (DE, EN, FR, IT, ES).<\/p>\n","protected":false},"excerpt":{"rendered":"<p>SONGMICS 3 m badminton- och tennisn\u00e4t, h\u00f6j- och justerbart, set best\u00e5ende av n\u00e4t, stabilt j\u00e4rnstativ och transportv\u00e4ska, gult SYQ300Y<\/p>\n","protected":false},"featured_media":46490,"comment_status":"open","ping_status":"closed","template":"","meta":[],"product_brand":[],"product_cat":[33],"product_tag":[],"class_list":{"0":"post-19601","1":"product","2":"type-product","3":"status-publish","4":"has-post-thumbnail","6":"product_cat-okategoriserad","8":"first","9":"instock","10":"shipping-taxable","11":"purchasable","12":"product-type-simple"},"_links":{"self":[{"href":"https:\/\/nordicmart.andreevmaster.com\/sv\/wp-json\/wp\/v2\/product\/19601","targetHints":{"allow":["GET"]}}],"collection":[{"href":"https:\/\/nordicmart.andreevmaster.com\/sv\/wp-json\/wp\/v2\/product"}],"about":[{"href":"https:\/\/nordicmart.andreevmaster.com\/sv\/wp-json\/wp\/v2\/types\/product"}],"replies":[{"embeddable":true,"href":"https:\/\/nordicmart.andreevmaster.com\/sv\/wp-json\/wp\/v2\/comments?post=19601"}],"wp:featuredmedia":[{"embeddable":true,"href":"https:\/\/nordicmart.andreevmaster.com\/sv\/wp-json\/wp\/v2\/media\/46490"}],"wp:attachment":[{"href":"https:\/\/nordicmart.andreevmaster.com\/sv\/wp-json\/wp\/v2\/media?parent=19601"}],"wp:term":[{"taxonomy":"product_brand","embeddable":true,"href":"https:\/\/nordicmart.andreevmaster.com\/sv\/wp-json\/wp\/v2\/product_brand?post=19601"},{"taxonomy":"product_cat","embeddable":true,"href":"https:\/\/nordicmart.andreevmaster.com\/sv\/wp-json\/wp\/v2\/product_cat?post=19601"},{"taxonomy":"product_tag","embeddable":true,"href":"https:\/\/nordicmart.andreevmaster.com\/sv\/wp-json\/wp\/v2\/product_tag?post=19601"}],"curies":[{"name":"wp","href":"https:\/\/api.w.org\/{rel}","templated":true}]}}