{"id":19600,"date":"2026-02-27T00:45:32","date_gmt":"2026-02-27T00:45:32","guid":{"rendered":"https:\/\/nordicmart.andreevmaster.com\/product\/songmics-hoj-och-langdreglerbart-badminton-nat-med-stativ\/"},"modified":"2026-02-27T08:32:47","modified_gmt":"2026-02-27T08:32:47","slug":"songmics-hoj-och-langdreglerbart-badminton-nat-med-stativ","status":"publish","type":"product","link":"https:\/\/nordicmart.andreevmaster.com\/sv\/produkt\/songmics-hoj-och-langdreglerbart-badminton-nat-med-stativ\/","title":{"rendered":"SONGMICS h\u00f6j- och l\u00e4ngdreglerbart badminton n\u00e4t med stativ"},"content":{"rendered":"<p>Produktbeskrivning: S\u00e4tt upp ditt badminton n\u00e4t var som helst och n\u00e4r som helst s\u00e5 att du och din familj kan njuta av spelet. Produktdetaljer: &#8211; Material: J\u00e4rnr\u00f6r + PE-n\u00e4t + Oxford-tyg &#8211; Diameter p\u00e5 j\u00e4rnr\u00f6ren: 19 mm &#8211; Produktm\u00e5tt: 300 x 155 x 103 cm (B x H x D) &#8211; F\u00e4rg: svart (stativ); svart (n\u00e4t) Leveransomfattning: &#8211; 1x badminton n\u00e4t &#8211; 1x b\u00e4rv\u00e4ska &#8211; 4x markpinnar &#8211; 1x bruksanvisning (DE, EN, FR, IT, ES)<\/p>\n","protected":false},"excerpt":{"rendered":"<p>SONGMICS 3 m badminton- och tennisn\u00e4t, h\u00f6j- och justerbart, set best\u00e5ende av n\u00e4t, stabilt j\u00e4rnstativ och transportv\u00e4ska, gult SYQ300Y<\/p>\n","protected":false},"featured_media":46489,"comment_status":"open","ping_status":"closed","template":"","meta":[],"product_brand":[],"product_cat":[33],"product_tag":[],"class_list":{"0":"post-19600","1":"product","2":"type-product","3":"status-publish","4":"has-post-thumbnail","6":"product_cat-okategoriserad","8":"first","9":"instock","10":"shipping-taxable","11":"purchasable","12":"product-type-simple"},"_links":{"self":[{"href":"https:\/\/nordicmart.andreevmaster.com\/sv\/wp-json\/wp\/v2\/product\/19600","targetHints":{"allow":["GET"]}}],"collection":[{"href":"https:\/\/nordicmart.andreevmaster.com\/sv\/wp-json\/wp\/v2\/product"}],"about":[{"href":"https:\/\/nordicmart.andreevmaster.com\/sv\/wp-json\/wp\/v2\/types\/product"}],"replies":[{"embeddable":true,"href":"https:\/\/nordicmart.andreevmaster.com\/sv\/wp-json\/wp\/v2\/comments?post=19600"}],"wp:featuredmedia":[{"embeddable":true,"href":"https:\/\/nordicmart.andreevmaster.com\/sv\/wp-json\/wp\/v2\/media\/46489"}],"wp:attachment":[{"href":"https:\/\/nordicmart.andreevmaster.com\/sv\/wp-json\/wp\/v2\/media?parent=19600"}],"wp:term":[{"taxonomy":"product_brand","embeddable":true,"href":"https:\/\/nordicmart.andreevmaster.com\/sv\/wp-json\/wp\/v2\/product_brand?post=19600"},{"taxonomy":"product_cat","embeddable":true,"href":"https:\/\/nordicmart.andreevmaster.com\/sv\/wp-json\/wp\/v2\/product_cat?post=19600"},{"taxonomy":"product_tag","embeddable":true,"href":"https:\/\/nordicmart.andreevmaster.com\/sv\/wp-json\/wp\/v2\/product_tag?post=19600"}],"curies":[{"name":"wp","href":"https:\/\/api.w.org\/{rel}","templated":true}]}}