{"id":19599,"date":"2026-02-27T00:45:32","date_gmt":"2026-02-27T00:45:32","guid":{"rendered":"https:\/\/nordicmart.andreevmaster.com\/product\/hojdjusterbart-badminton-nat-med-stativ\/"},"modified":"2026-02-27T08:32:47","modified_gmt":"2026-02-27T08:32:47","slug":"hojdjusterbart-badminton-nat-med-stativ","status":"publish","type":"product","link":"https:\/\/nordicmart.andreevmaster.com\/sv\/produkt\/hojdjusterbart-badminton-nat-med-stativ\/","title":{"rendered":"H\u00f6jdjusterbart badminton n\u00e4t med stativ"},"content":{"rendered":"<p>Produktbeskrivelse: S\u00e4tt upp ditt badminton n\u00e4t var som helst och n\u00e4r som helst, s\u00e5 att du och din familj kan njuta av att spela. Produktdetaljer: &#8211; Material: j\u00e4rnr\u00f6r + PE-n\u00e4t + Oxford-tyg &#8211; J\u00e4rnr\u00f6rens diameter: 19 mm &#8211; Produktm\u00e5tt: 300 x 155 x 103 cm (B x H x D) &#8211; F\u00e4rg: svart (ram); svart (n\u00e4t)Leveransomfattning:- 1x badminton n\u00e4t- 1x b\u00e4rv\u00e4ska- 4x jordspik- 1x bruksanvisning (DE, EN, FR, IT, ES)<\/p>\n","protected":false},"excerpt":{"rendered":"<p>Produktbeskrivelse: S\u00e4tt upp ditt badminton n\u00e4t var som helst och n\u00e4r som helst, s\u00e5 att du och din familj kan njuta av att spela. Produktdetaljer: &#8211; Material: j\u00e4rnr\u00f6r + PE-n\u00e4t + Oxford-tyg &#8211; J\u00e4rnr\u00f6rens diameter: 19 mm &#8211; Produktm\u00e5tt: 300 x 155 x 103 cm (B x H x D) &#8211; F\u00e4rg: svart (ram); svart [&hellip;]<\/p>\n","protected":false},"featured_media":0,"comment_status":"open","ping_status":"closed","template":"","meta":[],"product_brand":[],"product_cat":[33],"product_tag":[],"class_list":{"0":"post-19599","1":"product","2":"type-product","3":"status-publish","5":"product_cat-okategoriserad","7":"first","8":"instock","9":"shipping-taxable","10":"product-type-simple"},"_links":{"self":[{"href":"https:\/\/nordicmart.andreevmaster.com\/sv\/wp-json\/wp\/v2\/product\/19599","targetHints":{"allow":["GET"]}}],"collection":[{"href":"https:\/\/nordicmart.andreevmaster.com\/sv\/wp-json\/wp\/v2\/product"}],"about":[{"href":"https:\/\/nordicmart.andreevmaster.com\/sv\/wp-json\/wp\/v2\/types\/product"}],"replies":[{"embeddable":true,"href":"https:\/\/nordicmart.andreevmaster.com\/sv\/wp-json\/wp\/v2\/comments?post=19599"}],"wp:attachment":[{"href":"https:\/\/nordicmart.andreevmaster.com\/sv\/wp-json\/wp\/v2\/media?parent=19599"}],"wp:term":[{"taxonomy":"product_brand","embeddable":true,"href":"https:\/\/nordicmart.andreevmaster.com\/sv\/wp-json\/wp\/v2\/product_brand?post=19599"},{"taxonomy":"product_cat","embeddable":true,"href":"https:\/\/nordicmart.andreevmaster.com\/sv\/wp-json\/wp\/v2\/product_cat?post=19599"},{"taxonomy":"product_tag","embeddable":true,"href":"https:\/\/nordicmart.andreevmaster.com\/sv\/wp-json\/wp\/v2\/product_tag?post=19599"}],"curies":[{"name":"wp","href":"https:\/\/api.w.org\/{rel}","templated":true}]}}