{"id":19598,"date":"2026-02-27T00:45:31","date_gmt":"2026-02-27T00:45:31","guid":{"rendered":"https:\/\/nordicmart.andreevmaster.com\/product\/badmintonnet-bla-2\/"},"modified":"2026-02-27T08:32:47","modified_gmt":"2026-02-27T08:32:47","slug":"badmintonnet-bla-2","status":"publish","type":"product","link":"https:\/\/nordicmart.andreevmaster.com\/sv\/produkt\/badmintonnet-bla-2\/","title":{"rendered":"Badmintonnet bl\u00e5"},"content":{"rendered":"<p>Produktdetaljer:Material: J\u00e4rnr\u00f6r + PE-n\u00e4t + Oxford-tyg Diameter p\u00e5 j\u00e4rnr\u00f6r: 19 mm Produktm\u00e5tt: 300 x 155 x 103 cm (B x H x D) F\u00e4rg: Svart (ram), svart (n\u00e4t)Inneh\u00e5ll i f\u00f6rpackningen:1x badminton n\u00e4t, 1x b\u00e4rv\u00e4ska, 4x jordspikar, 1x bruksanvisning (DE, EN, FR, IT, ES).<\/p>\n","protected":false},"excerpt":{"rendered":"<p>Produktdetaljer:Material: J\u00e4rnr\u00f6r + PE-n\u00e4t + Oxford-tyg Diameter p\u00e5 j\u00e4rnr\u00f6r: 19 mm Produktm\u00e5tt: 300 x 155 x 103 cm (B x H x D) F\u00e4rg: Svart (ram), svart (n\u00e4t)Inneh\u00e5ll i f\u00f6rpackningen:1x badminton n\u00e4t, 1x b\u00e4rv\u00e4ska, 4x jordspikar, 1x bruksanvisning (DE, EN, FR, IT, ES).<\/p>\n","protected":false},"featured_media":0,"comment_status":"open","ping_status":"closed","template":"","meta":[],"product_brand":[],"product_cat":[33],"product_tag":[],"class_list":{"0":"post-19598","1":"product","2":"type-product","3":"status-publish","5":"product_cat-okategoriserad","7":"first","8":"instock","9":"shipping-taxable","10":"product-type-simple"},"_links":{"self":[{"href":"https:\/\/nordicmart.andreevmaster.com\/sv\/wp-json\/wp\/v2\/product\/19598","targetHints":{"allow":["GET"]}}],"collection":[{"href":"https:\/\/nordicmart.andreevmaster.com\/sv\/wp-json\/wp\/v2\/product"}],"about":[{"href":"https:\/\/nordicmart.andreevmaster.com\/sv\/wp-json\/wp\/v2\/types\/product"}],"replies":[{"embeddable":true,"href":"https:\/\/nordicmart.andreevmaster.com\/sv\/wp-json\/wp\/v2\/comments?post=19598"}],"wp:attachment":[{"href":"https:\/\/nordicmart.andreevmaster.com\/sv\/wp-json\/wp\/v2\/media?parent=19598"}],"wp:term":[{"taxonomy":"product_brand","embeddable":true,"href":"https:\/\/nordicmart.andreevmaster.com\/sv\/wp-json\/wp\/v2\/product_brand?post=19598"},{"taxonomy":"product_cat","embeddable":true,"href":"https:\/\/nordicmart.andreevmaster.com\/sv\/wp-json\/wp\/v2\/product_cat?post=19598"},{"taxonomy":"product_tag","embeddable":true,"href":"https:\/\/nordicmart.andreevmaster.com\/sv\/wp-json\/wp\/v2\/product_tag?post=19598"}],"curies":[{"name":"wp","href":"https:\/\/api.w.org\/{rel}","templated":true}]}}