{"id":19580,"date":"2026-02-27T00:45:26","date_gmt":"2026-02-27T00:45:26","guid":{"rendered":"https:\/\/nordicmart.andreevmaster.com\/product\/songmics-hantelset-3-par-2-x-1-kg\/"},"modified":"2026-02-27T08:32:43","modified_gmt":"2026-02-27T08:32:43","slug":"songmics-hantelset-3-par-2-x-1-kg","status":"publish","type":"product","link":"https:\/\/nordicmart.andreevmaster.com\/sv\/produkt\/songmics-hantelset-3-par-2-x-1-kg\/","title":{"rendered":"SONGMICS hantelset, 3 par, 2 x 1 kg"},"content":{"rendered":"<p>B\u00f6rja tr\u00e4na med hantlar! B\u00f6rja st\u00e4rka dina muskler redan idag! Kvinnor som vill b\u00f6rja med styrketr\u00e4ning eller som tr\u00e4nar sporadiskt b\u00f6r inte missa detta hantelset. Skaffa dessa hantlar och integrera regelbunden hanteltr\u00e4ning i din tr\u00e4ningsrutin! Praktisk kombination f\u00f6r tr\u00e4ning med l\u00e5g vikt! Vissa hantlar \u00e4r f\u00f6r tunga och inte l\u00e4mpliga f\u00f6r nyb\u00f6rjare. D\u00e5 \u00e4r det dags f\u00f6r detta l\u00e4tta hantelset! Detta set, som best\u00e5r av 1 kg, 2 kg och 3 kg hantlar, \u00e4r en hit f\u00f6r nyb\u00f6rjare och personer som vill g\u00e5 ner i vikt, bygga upp styrka i armar och axlar eller st\u00e4rka musklerna i l\u00e5r och rumpa.Leveransomfattning 6 x hantel 1 x hantelst\u00e4ll av PP-plast Produktdetaljer F\u00e4rg: limegr\u00f6n, akvamarin och gr\u00e5 Material: gjutj\u00e4rn med neoprenbel\u00e4ggning Vikt: 2 x 1 kg, 2 x 2 kg, 2 x 3 kg 1 kg: 13,5 x 6,5 x 6 cm (L x B x H); 9 cm (handtagets l\u00e4ngd) 2 kg: 16 x 8 x 7,5 cm (L x B x H); 10 cm (handtagets l\u00e4ngd) 3 kg: 20 x 9 x 8,5 cm (L x B x H); 11,5 cm (handtagets l\u00e4ngd)<\/p>\n","protected":false},"excerpt":{"rendered":"<p>Hantelset, 3 par, 2 x 1 kg, 2 x 2 kg, 2 x 3 kg, f\u00f6rvaring, gym, styrketr\u00e4ning, halkfri neoprenbel\u00e4ggning, rosa, akvamarin, bl\u00e5<\/p>\n","protected":false},"featured_media":46471,"comment_status":"open","ping_status":"closed","template":"","meta":[],"product_brand":[],"product_cat":[33],"product_tag":[],"class_list":{"0":"post-19580","1":"product","2":"type-product","3":"status-publish","4":"has-post-thumbnail","6":"product_cat-okategoriserad","8":"first","9":"instock","10":"shipping-taxable","11":"purchasable","12":"product-type-simple"},"_links":{"self":[{"href":"https:\/\/nordicmart.andreevmaster.com\/sv\/wp-json\/wp\/v2\/product\/19580","targetHints":{"allow":["GET"]}}],"collection":[{"href":"https:\/\/nordicmart.andreevmaster.com\/sv\/wp-json\/wp\/v2\/product"}],"about":[{"href":"https:\/\/nordicmart.andreevmaster.com\/sv\/wp-json\/wp\/v2\/types\/product"}],"replies":[{"embeddable":true,"href":"https:\/\/nordicmart.andreevmaster.com\/sv\/wp-json\/wp\/v2\/comments?post=19580"}],"wp:featuredmedia":[{"embeddable":true,"href":"https:\/\/nordicmart.andreevmaster.com\/sv\/wp-json\/wp\/v2\/media\/46471"}],"wp:attachment":[{"href":"https:\/\/nordicmart.andreevmaster.com\/sv\/wp-json\/wp\/v2\/media?parent=19580"}],"wp:term":[{"taxonomy":"product_brand","embeddable":true,"href":"https:\/\/nordicmart.andreevmaster.com\/sv\/wp-json\/wp\/v2\/product_brand?post=19580"},{"taxonomy":"product_cat","embeddable":true,"href":"https:\/\/nordicmart.andreevmaster.com\/sv\/wp-json\/wp\/v2\/product_cat?post=19580"},{"taxonomy":"product_tag","embeddable":true,"href":"https:\/\/nordicmart.andreevmaster.com\/sv\/wp-json\/wp\/v2\/product_tag?post=19580"}],"curies":[{"name":"wp","href":"https:\/\/api.w.org\/{rel}","templated":true}]}}