{"id":19577,"date":"2026-02-27T00:45:25","date_gmt":"2026-02-27T00:45:25","guid":{"rendered":"https:\/\/nordicmart.andreevmaster.com\/product\/songmics-hantel-set-hexagon-med-hantelstall\/"},"modified":"2026-02-27T08:32:42","modified_gmt":"2026-02-27T08:32:42","slug":"songmics-hantel-set-hexagon-med-hantelstall","status":"publish","type":"product","link":"https:\/\/nordicmart.andreevmaster.com\/sv\/produkt\/songmics-hantel-set-hexagon-med-hantelstall\/","title":{"rendered":"SONGMICS Hantel-set, hexagon, med hantelst\u00e4ll"},"content":{"rendered":"<p>B\u00f6rja st\u00e4rka dina muskler redan idag! Kvinnor som vill b\u00f6rja med styrketr\u00e4ning eller som tr\u00e4nar sporadiskt b\u00f6r inte missa detta hantelset. Skaffa dessa hantlar och integrera regelbunden hanteltr\u00e4ning i din tr\u00e4ningsrutin!Hanteltr\u00e4ning f\u00f6r hemmet Dessa hantlar imponerar med sin robusta form i gjutj\u00e4rn och mjuka neoprenbel\u00e4ggning och ligger bekv\u00e4mt och halkfritt i handen. Med det medf\u00f6ljande st\u00e4llet kan du dessutom f\u00f6rvara hantlarna snyggt och utrymmesbesparande. Praktisk kombination f\u00f6r tr\u00e4ning med l\u00e5g vikt Produktdetaljer: F\u00e4rg: Gul, rosa och lila Material: Gjutj\u00e4rn med neoprenbel\u00e4ggning Storlek: (2 x) 13,5 x 6,5 x 6 cm (L x B x H) (2 x) 15 x 7 x 6,5 cm (L x B x H) (2 x) 16 x 8 x 7,5 cm (L x B x H) Vikt: 2 x 1 kg, 2 x 1,5 kg, 2 x 2 kgLeveransomfattning:6 x hantel1 x hantelst\u00e4ll av PP-plastSONGMICS Anvisningar:St\u00e4ll inte dessa hantlar p\u00e5 en h\u00f6gt bel\u00e4gen hylla n\u00e4r de inte anv\u00e4nds.Barn f\u00e5r inte leka med produkten.St\u00e4ll ner hantlarna f\u00f6rsiktigt f\u00f6r att undvika skador p\u00e5 f\u00f6tterna.<\/p>\n","protected":false},"excerpt":{"rendered":"<p>SONGMICS Hantel-set, Hexagon, med hantelst\u00e4ll, 2 x 1 kg, 2 x 1,5 kg, 2 x 2 kg, matt yta, neoprenbel\u00e4ggning, styrketr\u00e4ning, hemma, gul, rosa och lila SYL609B02<\/p>\n","protected":false},"featured_media":46468,"comment_status":"open","ping_status":"closed","template":"","meta":[],"product_brand":[],"product_cat":[33],"product_tag":[],"class_list":{"0":"post-19577","1":"product","2":"type-product","3":"status-publish","4":"has-post-thumbnail","6":"product_cat-okategoriserad","8":"first","9":"instock","10":"shipping-taxable","11":"purchasable","12":"product-type-simple"},"_links":{"self":[{"href":"https:\/\/nordicmart.andreevmaster.com\/sv\/wp-json\/wp\/v2\/product\/19577","targetHints":{"allow":["GET"]}}],"collection":[{"href":"https:\/\/nordicmart.andreevmaster.com\/sv\/wp-json\/wp\/v2\/product"}],"about":[{"href":"https:\/\/nordicmart.andreevmaster.com\/sv\/wp-json\/wp\/v2\/types\/product"}],"replies":[{"embeddable":true,"href":"https:\/\/nordicmart.andreevmaster.com\/sv\/wp-json\/wp\/v2\/comments?post=19577"}],"wp:featuredmedia":[{"embeddable":true,"href":"https:\/\/nordicmart.andreevmaster.com\/sv\/wp-json\/wp\/v2\/media\/46468"}],"wp:attachment":[{"href":"https:\/\/nordicmart.andreevmaster.com\/sv\/wp-json\/wp\/v2\/media?parent=19577"}],"wp:term":[{"taxonomy":"product_brand","embeddable":true,"href":"https:\/\/nordicmart.andreevmaster.com\/sv\/wp-json\/wp\/v2\/product_brand?post=19577"},{"taxonomy":"product_cat","embeddable":true,"href":"https:\/\/nordicmart.andreevmaster.com\/sv\/wp-json\/wp\/v2\/product_cat?post=19577"},{"taxonomy":"product_tag","embeddable":true,"href":"https:\/\/nordicmart.andreevmaster.com\/sv\/wp-json\/wp\/v2\/product_tag?post=19577"}],"curies":[{"name":"wp","href":"https:\/\/api.w.org\/{rel}","templated":true}]}}