{"id":19575,"date":"2026-02-27T00:45:25","date_gmt":"2026-02-27T00:45:25","guid":{"rendered":"https:\/\/nordicmart.andreevmaster.com\/product\/songmics-2-i-1-hantlar-hantelset-med-kopplingsror-i-stal-2-x-15-kg-black-svart\/"},"modified":"2026-02-27T08:32:41","modified_gmt":"2026-02-27T08:32:41","slug":"songmics-2-i-1-hantlar-hantelset-med-kopplingsror-i-stal-2-x-15-kg-black-svart","status":"publish","type":"product","link":"https:\/\/nordicmart.andreevmaster.com\/sv\/produkt\/songmics-2-i-1-hantlar-hantelset-med-kopplingsror-i-stal-2-x-15-kg-black-svart\/","title":{"rendered":"SONGMICS 2-i-1-hantlar, hantelset med kopplingsr\u00f6r i st\u00e5l, 2 x 15 kg, bl\u00e4ck svart"},"content":{"rendered":"<p>SONGMICS erbjuder alltid de b\u00e4sta fitnessprodukterna f\u00f6r dig som vill n\u00e5 din idealvikt. V\u00e5rt helt nya hantelset \u00e4r utvecklat f\u00f6r att ge dig den b\u00e4sta tr\u00e4ningsupplevelsen utan begr\u00e4nsningar i tid och utrymme.  Det g\u00f6r det m\u00f6jligt f\u00f6r dig att:  Anpassa din egen tr\u00e4ningsrutin: Olika skivor g\u00f6r det enkelt att justera vikterna genom enkla kombinationer beroende p\u00e5 tr\u00e4ningsintensitet, vilket sparar pengar och utrymme f\u00f6r extra vikter.  Enkelt byta till l\u00e5nghantel:  Med den medf\u00f6ljande l\u00e5nghantelkopplingen kan du f\u00e5 en l\u00e5nghantel p\u00e5 nolltid. Det ger dig fler m\u00f6jligheter att bygga upp musklerna i olika delar av kroppen f\u00f6r en b\u00e4ttre tr\u00e4ningsupplevelse.  Rekommenderade valfria kombinationer:  10 kg: 4 x 1,25 kg, 4 x 1 kg, 2 x st\u00e4nger, 4 x stj\u00e4rnl\u00e5s 16 kg: 4 x 2,5 kg, 4 x 1,25 kg, 2 x st\u00e4nger, 4 x stj\u00e4rnl\u00e5s 20 kg: 4 x 2,5 kg, 4 x 1,25 kg, 4 x 1 kg, 2 x st\u00e4nger, 4 x stj\u00e4rnl\u00e5s 26 kg: 8 x 2,5 kg, 4 x 1,25 kg, 2 x st\u00e4nger, 4 x stj\u00e4rnl\u00e5s 30 kg: 8 x 2,5 kg, 4 x 1,25 kg, 4 x 1 kg, 2 x st\u00e4nger, 4 x stj\u00e4rnl\u00e5s Produktdetaljer:  -F\u00e4rg: svart -Material: PP-plast med betongfyllning, j\u00e4rn Leveransomfattning:  &#8211; 8 x 2,5 kg skiva &#8211; 4 x 1,25 kg skiva &#8211; 4 x 1 kg skiva &#8211; 2 x st\u00e5ng &#8211; 4 x stj\u00e4rnl\u00e5s &#8211; 1 x kopplingsr\u00f6r av st\u00e5l SONGMICS Anvisningar:  -F\u00f6rvara inte hantlarna p\u00e5 h\u00f6ga platser.  -Barn f\u00e5r inte leka med hantlarna.  -L\u00e4gg ner hantlarna f\u00f6rsiktigt efter tr\u00e4ningen f\u00f6r att undvika skador. <\/p>\n","protected":false},"excerpt":{"rendered":"<p>SONGMICS Unisex Adult justerbart hantelset i plast med kopplingsr\u00f6r i st\u00e5l, 2 x 15 kg, 35 x 14 cm<\/p>\n","protected":false},"featured_media":46466,"comment_status":"open","ping_status":"closed","template":"","meta":[],"product_brand":[],"product_cat":[33],"product_tag":[],"class_list":{"0":"post-19575","1":"product","2":"type-product","3":"status-publish","4":"has-post-thumbnail","6":"product_cat-okategoriserad","8":"first","9":"instock","10":"shipping-taxable","11":"purchasable","12":"product-type-simple"},"_links":{"self":[{"href":"https:\/\/nordicmart.andreevmaster.com\/sv\/wp-json\/wp\/v2\/product\/19575","targetHints":{"allow":["GET"]}}],"collection":[{"href":"https:\/\/nordicmart.andreevmaster.com\/sv\/wp-json\/wp\/v2\/product"}],"about":[{"href":"https:\/\/nordicmart.andreevmaster.com\/sv\/wp-json\/wp\/v2\/types\/product"}],"replies":[{"embeddable":true,"href":"https:\/\/nordicmart.andreevmaster.com\/sv\/wp-json\/wp\/v2\/comments?post=19575"}],"wp:featuredmedia":[{"embeddable":true,"href":"https:\/\/nordicmart.andreevmaster.com\/sv\/wp-json\/wp\/v2\/media\/46466"}],"wp:attachment":[{"href":"https:\/\/nordicmart.andreevmaster.com\/sv\/wp-json\/wp\/v2\/media?parent=19575"}],"wp:term":[{"taxonomy":"product_brand","embeddable":true,"href":"https:\/\/nordicmart.andreevmaster.com\/sv\/wp-json\/wp\/v2\/product_brand?post=19575"},{"taxonomy":"product_cat","embeddable":true,"href":"https:\/\/nordicmart.andreevmaster.com\/sv\/wp-json\/wp\/v2\/product_cat?post=19575"},{"taxonomy":"product_tag","embeddable":true,"href":"https:\/\/nordicmart.andreevmaster.com\/sv\/wp-json\/wp\/v2\/product_tag?post=19575"}],"curies":[{"name":"wp","href":"https:\/\/api.w.org\/{rel}","templated":true}]}}