{"id":19558,"date":"2026-02-27T00:45:20","date_gmt":"2026-02-27T00:45:20","guid":{"rendered":"https:\/\/nordicmart.andreevmaster.com\/product\/songmics-hantlar-2-pack-rod\/"},"modified":"2026-02-27T08:32:38","modified_gmt":"2026-02-27T08:32:38","slug":"songmics-hantlar-2-pack-rod","status":"publish","type":"product","link":"https:\/\/nordicmart.andreevmaster.com\/sv\/produkt\/songmics-hantlar-2-pack-rod\/","title":{"rendered":"SONGMICS Hantlar 2-pack r\u00f6d"},"content":{"rendered":"<p>Eget gym hemma Allt fler m\u00e4nniskor vill inte l\u00e4ngre tr\u00e4na styrka p\u00e5 gymmet utan hemma, eftersom de med fria vikter kan g\u00f6ra m\u00e5nga olika \u00f6vningar. Tack vare sina sm\u00e5 m\u00e5tt tar hanteln mycket lite plats, men kan med relativt tunga och valbara vikter fungera perfekt f\u00f6r din styrketr\u00e4ning. Leveransomfattning: 2 x hantel SONGMICS Anm\u00e4rkningar: N\u00e4r hantlarna inte anv\u00e4nds ska de endast l\u00e4ggas p\u00e5 golvet eller n\u00e4ra golvet. Hantlarna \u00e4r inte leksaker f\u00f6r barn. F\u00f6rvara dem p\u00e5 ett s\u00e4kert s\u00e4tt f\u00f6r att undvika skador. <\/p>\n","protected":false},"excerpt":{"rendered":"<p>SONGMICS 2-pack hantlar f\u00f6r kvinnor, 2 x 3,0 kg, r\u00f6da, 20 x 8,5 cm<\/p>\n","protected":false},"featured_media":46449,"comment_status":"open","ping_status":"closed","template":"","meta":[],"product_brand":[],"product_cat":[33],"product_tag":[],"class_list":{"0":"post-19558","1":"product","2":"type-product","3":"status-publish","4":"has-post-thumbnail","6":"product_cat-okategoriserad","8":"first","9":"instock","10":"shipping-taxable","11":"purchasable","12":"product-type-simple"},"_links":{"self":[{"href":"https:\/\/nordicmart.andreevmaster.com\/sv\/wp-json\/wp\/v2\/product\/19558","targetHints":{"allow":["GET"]}}],"collection":[{"href":"https:\/\/nordicmart.andreevmaster.com\/sv\/wp-json\/wp\/v2\/product"}],"about":[{"href":"https:\/\/nordicmart.andreevmaster.com\/sv\/wp-json\/wp\/v2\/types\/product"}],"replies":[{"embeddable":true,"href":"https:\/\/nordicmart.andreevmaster.com\/sv\/wp-json\/wp\/v2\/comments?post=19558"}],"wp:featuredmedia":[{"embeddable":true,"href":"https:\/\/nordicmart.andreevmaster.com\/sv\/wp-json\/wp\/v2\/media\/46449"}],"wp:attachment":[{"href":"https:\/\/nordicmart.andreevmaster.com\/sv\/wp-json\/wp\/v2\/media?parent=19558"}],"wp:term":[{"taxonomy":"product_brand","embeddable":true,"href":"https:\/\/nordicmart.andreevmaster.com\/sv\/wp-json\/wp\/v2\/product_brand?post=19558"},{"taxonomy":"product_cat","embeddable":true,"href":"https:\/\/nordicmart.andreevmaster.com\/sv\/wp-json\/wp\/v2\/product_cat?post=19558"},{"taxonomy":"product_tag","embeddable":true,"href":"https:\/\/nordicmart.andreevmaster.com\/sv\/wp-json\/wp\/v2\/product_tag?post=19558"}],"curies":[{"name":"wp","href":"https:\/\/api.w.org\/{rel}","templated":true}]}}