{"id":19553,"date":"2026-02-27T00:45:18","date_gmt":"2026-02-27T00:45:18","guid":{"rendered":"https:\/\/nordicmart.andreevmaster.com\/product\/songmics-hantlar-2-pack-2-x-10-kg\/"},"modified":"2026-02-27T08:32:36","modified_gmt":"2026-02-27T08:32:36","slug":"songmics-hantlar-2-pack-2-x-10-kg","status":"publish","type":"product","link":"https:\/\/nordicmart.andreevmaster.com\/sv\/produkt\/songmics-hantlar-2-pack-2-x-10-kg\/","title":{"rendered":"SONGMICS Hantlar 2-pack (2 x 10 kg)"},"content":{"rendered":"<p>Skapa ditt eget gym med dessa hantlar fr\u00e5n SONGMICS! Idag \u00e4r de flesta m\u00e4nniskor upptagna och har ont om tid att g\u00e5 till gymmet. Med dessa hantlar kan du utnyttja sm\u00e5 pauser p\u00e5 ett meningsfullt s\u00e4tt och f\u00f6rb\u00e4ttra din kondition, oavsett om du \u00e4r hemma, p\u00e5 kontoret eller utomhus. Skaffa dessa platsbesparande tr\u00e4ningsredskap och b\u00f6rja tr\u00e4na! SONGMICS erbjuder hantlar i olika viktklasser och f\u00e4rger. Produktdetaljer: F\u00e4rg: Svart Material: Gjutj\u00e4rn, vinylbel\u00e4ggning Storlek: 26 x 13 x 11,5 cm (L x B x H) Handtagets l\u00e4ngd: 11,6 cm Vikt per hantel: 10 kg Leveransomfattning: 2 x hantel SONGMICS Anvisningar:Av s\u00e4kerhetssk\u00e4l ska du inte f\u00f6rvara hantlarna p\u00e5 h\u00f6ga platser. Barn f\u00e5r inte leka med hantlarna. L\u00e4gg ner hantlarna f\u00f6rsiktigt efter tr\u00e4ningen f\u00f6r att undvika skador.<\/p>\n","protected":false},"excerpt":{"rendered":"<p>SONGMICS Hantlar, 2-pack, 10 kg, styrketr\u00e4ning, hemma, p\u00e5 kontoret, gym, svart SYL620BK<\/p>\n","protected":false},"featured_media":46444,"comment_status":"open","ping_status":"closed","template":"","meta":[],"product_brand":[],"product_cat":[33],"product_tag":[],"class_list":{"0":"post-19553","1":"product","2":"type-product","3":"status-publish","4":"has-post-thumbnail","6":"product_cat-okategoriserad","8":"first","9":"instock","10":"shipping-taxable","11":"purchasable","12":"product-type-simple"},"_links":{"self":[{"href":"https:\/\/nordicmart.andreevmaster.com\/sv\/wp-json\/wp\/v2\/product\/19553","targetHints":{"allow":["GET"]}}],"collection":[{"href":"https:\/\/nordicmart.andreevmaster.com\/sv\/wp-json\/wp\/v2\/product"}],"about":[{"href":"https:\/\/nordicmart.andreevmaster.com\/sv\/wp-json\/wp\/v2\/types\/product"}],"replies":[{"embeddable":true,"href":"https:\/\/nordicmart.andreevmaster.com\/sv\/wp-json\/wp\/v2\/comments?post=19553"}],"wp:featuredmedia":[{"embeddable":true,"href":"https:\/\/nordicmart.andreevmaster.com\/sv\/wp-json\/wp\/v2\/media\/46444"}],"wp:attachment":[{"href":"https:\/\/nordicmart.andreevmaster.com\/sv\/wp-json\/wp\/v2\/media?parent=19553"}],"wp:term":[{"taxonomy":"product_brand","embeddable":true,"href":"https:\/\/nordicmart.andreevmaster.com\/sv\/wp-json\/wp\/v2\/product_brand?post=19553"},{"taxonomy":"product_cat","embeddable":true,"href":"https:\/\/nordicmart.andreevmaster.com\/sv\/wp-json\/wp\/v2\/product_cat?post=19553"},{"taxonomy":"product_tag","embeddable":true,"href":"https:\/\/nordicmart.andreevmaster.com\/sv\/wp-json\/wp\/v2\/product_tag?post=19553"}],"curies":[{"name":"wp","href":"https:\/\/api.w.org\/{rel}","templated":true}]}}