{"id":19547,"date":"2026-02-27T00:45:17","date_gmt":"2026-02-27T00:45:17","guid":{"rendered":"https:\/\/nordicmart.andreevmaster.com\/product\/songmics-hantlar-svarta\/"},"modified":"2026-02-27T08:32:35","modified_gmt":"2026-02-27T08:32:35","slug":"songmics-hantlar-svarta","status":"publish","type":"product","link":"https:\/\/nordicmart.andreevmaster.com\/sv\/produkt\/songmics-hantlar-svarta\/","title":{"rendered":"SONGMICS hantlar svarta"},"content":{"rendered":"<p>SONGMICS erbjuder alltid de b\u00e4sta fitnessprodukterna f\u00f6r dig som vill n\u00e5 din idealvikt. V\u00e5rt helt nya hantelset \u00e4r utvecklat f\u00f6r att ge dig den b\u00e4sta tr\u00e4ningsupplevelsen utan begr\u00e4nsningar i tid och utrymme.  Det g\u00f6r det m\u00f6jligt f\u00f6r dig att:  Anpassa din egen tr\u00e4ningsrutin: Olika skivor g\u00f6r det enkelt att justera vikterna genom enkla kombinationer beroende p\u00e5 tr\u00e4ningsintensitet, vilket sparar pengar och utrymme f\u00f6r extra vikter.  Med en totalvikt p\u00e5 50 kg och 16 gjutj\u00e4rnskivor \u00e4r detta hantelset l\u00e4mpligt f\u00f6r b\u00e5de nyb\u00f6rjare och avancerade fitnessentusiaster. \u00d6ka vikten gradvis fr\u00e5n 10 kg till 50 kg s\u00e5 kommer du att n\u00e5 dina m\u00e5l och bygga den perfekta kroppsformen du alltid velat ha. Inga fler urs\u00e4kter! B\u00f6rja redan idag!  Produktdetaljer:-F\u00e4rg: svart- Material: pulverlackerade gjutj\u00e4rnskivor, galvaniserade j\u00e4rnst\u00e4nger, j\u00e4rn- stj\u00e4rnl\u00e5sLeveransomfattning:- 8 x 5 kg skivor &#8211; 4 x 2,5 kg skivor &#8211; 4 x 1,25 kg skivor &#8211; 2 x st\u00e4nger &#8211; 4 x stj\u00e4rnl\u00e5s SONGMICS Anvisningar: &#8211; Applicera rostskyddsolja p\u00e5 ytan f\u00f6re anv\u00e4ndning. &#8211; F\u00f6rvara inte hantlarna p\u00e5 h\u00f6ga platser. &#8211; Barn f\u00e5r inte leka med hantlarna.- L\u00e4gg ner hantlarna f\u00f6rsiktigt efter tr\u00e4ningen f\u00f6r att undvika skador.<\/p>\n","protected":false},"excerpt":{"rendered":"<p>SONGMICS Hantlar, 2-pack, 5 kg, styrketr\u00e4ning, hemma, p\u00e5 kontoret, gym, svart SYL60BK<\/p>\n","protected":false},"featured_media":46439,"comment_status":"open","ping_status":"closed","template":"","meta":[],"product_brand":[],"product_cat":[33],"product_tag":[],"class_list":{"0":"post-19547","1":"product","2":"type-product","3":"status-publish","4":"has-post-thumbnail","6":"product_cat-okategoriserad","8":"first","9":"instock","10":"shipping-taxable","11":"purchasable","12":"product-type-simple"},"_links":{"self":[{"href":"https:\/\/nordicmart.andreevmaster.com\/sv\/wp-json\/wp\/v2\/product\/19547","targetHints":{"allow":["GET"]}}],"collection":[{"href":"https:\/\/nordicmart.andreevmaster.com\/sv\/wp-json\/wp\/v2\/product"}],"about":[{"href":"https:\/\/nordicmart.andreevmaster.com\/sv\/wp-json\/wp\/v2\/types\/product"}],"replies":[{"embeddable":true,"href":"https:\/\/nordicmart.andreevmaster.com\/sv\/wp-json\/wp\/v2\/comments?post=19547"}],"wp:featuredmedia":[{"embeddable":true,"href":"https:\/\/nordicmart.andreevmaster.com\/sv\/wp-json\/wp\/v2\/media\/46439"}],"wp:attachment":[{"href":"https:\/\/nordicmart.andreevmaster.com\/sv\/wp-json\/wp\/v2\/media?parent=19547"}],"wp:term":[{"taxonomy":"product_brand","embeddable":true,"href":"https:\/\/nordicmart.andreevmaster.com\/sv\/wp-json\/wp\/v2\/product_brand?post=19547"},{"taxonomy":"product_cat","embeddable":true,"href":"https:\/\/nordicmart.andreevmaster.com\/sv\/wp-json\/wp\/v2\/product_cat?post=19547"},{"taxonomy":"product_tag","embeddable":true,"href":"https:\/\/nordicmart.andreevmaster.com\/sv\/wp-json\/wp\/v2\/product_tag?post=19547"}],"curies":[{"name":"wp","href":"https:\/\/api.w.org\/{rel}","templated":true}]}}