{"id":19546,"date":"2026-02-27T00:45:17","date_gmt":"2026-02-27T00:45:17","guid":{"rendered":"https:\/\/nordicmart.andreevmaster.com\/product\/songmics-hantlar-med-matt-belaggning\/"},"modified":"2026-02-27T08:32:35","modified_gmt":"2026-02-27T08:32:35","slug":"songmics-hantlar-med-matt-belaggning","status":"publish","type":"product","link":"https:\/\/nordicmart.andreevmaster.com\/sv\/produkt\/songmics-hantlar-med-matt-belaggning\/","title":{"rendered":"SONGMICS hantlar med matt bel\u00e4ggning"},"content":{"rendered":"<p>Tack vare den sexkantiga formen rullar hantlarna inte iv\u00e4g, utan kan placeras stabilt. Eftersom hantelns k\u00e4rna \u00e4r gjord av massivt gjutj\u00e4rn tar hanteln mindre plats och sparar d\u00e4rmed utrymme. Det mjuka vinyl\u00f6verdraget skyddar golvet fr\u00e5n repor. Det b\u00f6jda handtaget \u00e4r ergonomiskt, passar handen och minskar tr\u00f6tthet i handen. Vinyl\u00f6verdraget \u00e4r mjukt, matt och svettresistent och har ett h\u00f6gt grepp, vilket s\u00e4kerst\u00e4ller bra grepp under dynamiska \u00f6vningar. L\u00e4mpliga f\u00f6r yoga, aerobics, pilates, gymnastik etc. Tack vare de sm\u00e5 dimensionerna \u00e4r de l\u00e4tta att f\u00f6rvara\/transportera, s\u00e5 du kan anv\u00e4nda v\u00e5ra hantlar var som helst. Songmics hantlar finns i 8 f\u00e4rger och vikter, perfekta f\u00f6r hela familjen. 2 x 1 kg\/gul 2 x 1,5 kg\/orange 2 x 2 kg\/lila 2 x 2,5 kg\/bl\u00e5 2 x 3 kg\/r\u00f6d 2 x 4 kg\/gr\u00f6n 2 x 5 kg\/svart.<\/p>\n","protected":false},"excerpt":{"rendered":"<p>SONGMICS Hantlar, 2-pack, 5 kg, styrketr\u00e4ning, hemma, p\u00e5 kontoret, gym, svart SYL60BK<\/p>\n","protected":false},"featured_media":46438,"comment_status":"open","ping_status":"closed","template":"","meta":[],"product_brand":[],"product_cat":[33],"product_tag":[],"class_list":{"0":"post-19546","1":"product","2":"type-product","3":"status-publish","4":"has-post-thumbnail","6":"product_cat-okategoriserad","8":"first","9":"instock","10":"shipping-taxable","11":"purchasable","12":"product-type-simple"},"_links":{"self":[{"href":"https:\/\/nordicmart.andreevmaster.com\/sv\/wp-json\/wp\/v2\/product\/19546","targetHints":{"allow":["GET"]}}],"collection":[{"href":"https:\/\/nordicmart.andreevmaster.com\/sv\/wp-json\/wp\/v2\/product"}],"about":[{"href":"https:\/\/nordicmart.andreevmaster.com\/sv\/wp-json\/wp\/v2\/types\/product"}],"replies":[{"embeddable":true,"href":"https:\/\/nordicmart.andreevmaster.com\/sv\/wp-json\/wp\/v2\/comments?post=19546"}],"wp:featuredmedia":[{"embeddable":true,"href":"https:\/\/nordicmart.andreevmaster.com\/sv\/wp-json\/wp\/v2\/media\/46438"}],"wp:attachment":[{"href":"https:\/\/nordicmart.andreevmaster.com\/sv\/wp-json\/wp\/v2\/media?parent=19546"}],"wp:term":[{"taxonomy":"product_brand","embeddable":true,"href":"https:\/\/nordicmart.andreevmaster.com\/sv\/wp-json\/wp\/v2\/product_brand?post=19546"},{"taxonomy":"product_cat","embeddable":true,"href":"https:\/\/nordicmart.andreevmaster.com\/sv\/wp-json\/wp\/v2\/product_cat?post=19546"},{"taxonomy":"product_tag","embeddable":true,"href":"https:\/\/nordicmart.andreevmaster.com\/sv\/wp-json\/wp\/v2\/product_tag?post=19546"}],"curies":[{"name":"wp","href":"https:\/\/api.w.org\/{rel}","templated":true}]}}