{"id":19544,"date":"2026-02-27T00:45:16","date_gmt":"2026-02-27T00:45:16","guid":{"rendered":"https:\/\/nordicmart.andreevmaster.com\/product\/valurautaiset-kasipainot-2\/"},"modified":"2026-02-27T08:32:34","modified_gmt":"2026-02-27T08:32:34","slug":"valurautaiset-kasipainot-2","status":"publish","type":"product","link":"https:\/\/nordicmart.andreevmaster.com\/sv\/produkt\/valurautaiset-kasipainot-2\/","title":{"rendered":"valurautaiset k\u00e4sipainot"},"content":{"rendered":"<p>Tr\u00e4ning m\u00f6ter komfort: SONGMICS tr\u00e4ningsutrustning \u00e4r utformad f\u00f6r att hj\u00e4lpa dig att forma din kropp. Oavsett om det \u00e4r p\u00e5 kontoret eller gymmet kan du b\u00f6rja tr\u00e4na n\u00e4r som helst \u2013 var som helst!Gjutj\u00e4rnsvikter: Tunga gjutj\u00e4rnsplattor, pulverlackerad yta, galvaniserade st\u00e4nger \u2013 dessa handvikter garanterar l\u00e5ng livsl\u00e4ngd. <\/p>\n<p>Halkfria handtag: Stabila st\u00e4nger med halkfri ribbning p\u00e5 ytan garanterar ett s\u00e4kert och bekv\u00e4mt grepp. 4-stj\u00e4rniga l\u00e5s f\u00f6rhindrar irriterande skrammel fr\u00e5n vikterna. Flexibla handvikter: Vill du bygga upp din handstyrka? Vill du st\u00e4rka musklerna i l\u00e5r och rumpa? Denna handviktsats kommer att hj\u00e4lpa dig. <\/p>\n<p>Vad du f\u00e5r: 50 kg handvikter (2 x 25 kg) \u2013 4 x 5 kg skivor, 8 x 2,5 kg skivor, 4 x 1,25 kg skivor, 2 x st\u00e5ng, 4 x stj\u00e4rnl\u00e5s; produkten levereras i 2 paket.<\/p>\n<p>Specifikationer:- F\u00e4rg: Svart &#8211; Material: M\u00e5lad gjuten j\u00e4rnskiva, galvaniserad j\u00e4rnst\u00e5ng, j\u00e4rnsp\u00e4rr- 4 x 5 kg skivor- 8 x 2,5 kg skivor- 4 x 1,25 kg skivor- 2 x st\u00e4nger- 4 x sp\u00e4rrar<\/p>\n","protected":false},"excerpt":{"rendered":"<p>Tr\u00e4ning m\u00f6ter komfort: SONGMICS tr\u00e4ningsutrustning \u00e4r utformad f\u00f6r att hj\u00e4lpa dig att forma din kropp. Oavsett om det \u00e4r p\u00e5 kontoret eller gymmet kan du b\u00f6rja tr\u00e4na n\u00e4r som helst \u2013 var som helst!Gjutj\u00e4rnsvikter: Tunga gjutj\u00e4rnsplattor, pulverlackerad yta, galvaniserade st\u00e4nger \u2013 dessa handvikter garanterar l\u00e5ng livsl\u00e4ngd. Halkfria handtag: Stabila st\u00e4nger med halkfri ribbning p\u00e5 ytan [&hellip;]<\/p>\n","protected":false},"featured_media":0,"comment_status":"open","ping_status":"closed","template":"","meta":[],"product_brand":[],"product_cat":[33],"product_tag":[],"class_list":{"0":"post-19544","1":"product","2":"type-product","3":"status-publish","5":"product_cat-okategoriserad","7":"first","8":"instock","9":"shipping-taxable","10":"product-type-simple"},"_links":{"self":[{"href":"https:\/\/nordicmart.andreevmaster.com\/sv\/wp-json\/wp\/v2\/product\/19544","targetHints":{"allow":["GET"]}}],"collection":[{"href":"https:\/\/nordicmart.andreevmaster.com\/sv\/wp-json\/wp\/v2\/product"}],"about":[{"href":"https:\/\/nordicmart.andreevmaster.com\/sv\/wp-json\/wp\/v2\/types\/product"}],"replies":[{"embeddable":true,"href":"https:\/\/nordicmart.andreevmaster.com\/sv\/wp-json\/wp\/v2\/comments?post=19544"}],"wp:attachment":[{"href":"https:\/\/nordicmart.andreevmaster.com\/sv\/wp-json\/wp\/v2\/media?parent=19544"}],"wp:term":[{"taxonomy":"product_brand","embeddable":true,"href":"https:\/\/nordicmart.andreevmaster.com\/sv\/wp-json\/wp\/v2\/product_brand?post=19544"},{"taxonomy":"product_cat","embeddable":true,"href":"https:\/\/nordicmart.andreevmaster.com\/sv\/wp-json\/wp\/v2\/product_cat?post=19544"},{"taxonomy":"product_tag","embeddable":true,"href":"https:\/\/nordicmart.andreevmaster.com\/sv\/wp-json\/wp\/v2\/product_tag?post=19544"}],"curies":[{"name":"wp","href":"https:\/\/api.w.org\/{rel}","templated":true}]}}