{"id":19543,"date":"2026-02-27T00:45:16","date_gmt":"2026-02-27T00:45:16","guid":{"rendered":"https:\/\/nordicmart.andreevmaster.com\/product\/songmics-hantlar-av-gjutjarn-50-kg\/"},"modified":"2026-02-27T08:32:34","modified_gmt":"2026-02-27T08:32:34","slug":"songmics-hantlar-av-gjutjarn-50-kg","status":"publish","type":"product","link":"https:\/\/nordicmart.andreevmaster.com\/sv\/produkt\/songmics-hantlar-av-gjutjarn-50-kg\/","title":{"rendered":"SONGMICS hantlar av gjutj\u00e4rn 50 kg"},"content":{"rendered":"<p>SONGMICS erbjuder h\u00f6gkvalitativa fitnessprodukter f\u00f6r alla som vill uppn\u00e5 en idealisk kroppsform. V\u00e5rt hantelset \u00e4r utvecklat f\u00f6r att ge dig en optimal tr\u00e4ningsupplevelse utan begr\u00e4nsningar i tid och utrymme. Det g\u00f6r att du kan anpassa din tr\u00e4ning efter dina behov. Olika skivor g\u00f6r det m\u00f6jligt att anpassa vikterna till din tr\u00e4ningsintensitet genom att enkelt kombinera dem. Produktdetaljer: F\u00e4rg: Svart Material: Pulverlackerade gjutj\u00e4rnskivor, st\u00e5lst\u00e4nger, j\u00e4rnstj\u00e4rnl\u00e5s SONGMICS Anm\u00e4rkningar: F\u00f6r att underl\u00e4tta transporten levereras produkten i tv\u00e5 paket. Var t\u00e5lmodig om du f\u00f6rst endast f\u00e5r ett paket. Det andra paketet levereras inom kort. Innan du anv\u00e4nder hantlarna b\u00f6r du applicera ett rostskyddsolja p\u00e5 ytan. Av s\u00e4kerhetssk\u00e4l b\u00f6r du inte f\u00f6rvara hantlarna p\u00e5 h\u00f6ga platser d\u00e4r de kan rulla ner. Barn f\u00e5r inte leka med hantlarna. L\u00e4gg ner hantlarna f\u00f6rsiktigt efter tr\u00e4ningen f\u00f6r att undvika skador.<\/p>\n","protected":false},"excerpt":{"rendered":"<p>SONGMICS Hantlar, hantelset i gjutj\u00e4rn, 50 kg, justerbara, f\u00f6r m\u00e4n och kvinnor, tr\u00e4ning, fitnesstr\u00e4ning, tyngdlyftning f\u00f6r hemmet, gym, svart SYL50BS<\/p>\n","protected":false},"featured_media":46436,"comment_status":"open","ping_status":"closed","template":"","meta":[],"product_brand":[],"product_cat":[33],"product_tag":[],"class_list":{"0":"post-19543","1":"product","2":"type-product","3":"status-publish","4":"has-post-thumbnail","6":"product_cat-okategoriserad","8":"first","9":"instock","10":"shipping-taxable","11":"purchasable","12":"product-type-simple"},"_links":{"self":[{"href":"https:\/\/nordicmart.andreevmaster.com\/sv\/wp-json\/wp\/v2\/product\/19543","targetHints":{"allow":["GET"]}}],"collection":[{"href":"https:\/\/nordicmart.andreevmaster.com\/sv\/wp-json\/wp\/v2\/product"}],"about":[{"href":"https:\/\/nordicmart.andreevmaster.com\/sv\/wp-json\/wp\/v2\/types\/product"}],"replies":[{"embeddable":true,"href":"https:\/\/nordicmart.andreevmaster.com\/sv\/wp-json\/wp\/v2\/comments?post=19543"}],"wp:featuredmedia":[{"embeddable":true,"href":"https:\/\/nordicmart.andreevmaster.com\/sv\/wp-json\/wp\/v2\/media\/46436"}],"wp:attachment":[{"href":"https:\/\/nordicmart.andreevmaster.com\/sv\/wp-json\/wp\/v2\/media?parent=19543"}],"wp:term":[{"taxonomy":"product_brand","embeddable":true,"href":"https:\/\/nordicmart.andreevmaster.com\/sv\/wp-json\/wp\/v2\/product_brand?post=19543"},{"taxonomy":"product_cat","embeddable":true,"href":"https:\/\/nordicmart.andreevmaster.com\/sv\/wp-json\/wp\/v2\/product_cat?post=19543"},{"taxonomy":"product_tag","embeddable":true,"href":"https:\/\/nordicmart.andreevmaster.com\/sv\/wp-json\/wp\/v2\/product_tag?post=19543"}],"curies":[{"name":"wp","href":"https:\/\/api.w.org\/{rel}","templated":true}]}}