{"id":19541,"date":"2026-02-27T00:45:15","date_gmt":"2026-02-27T00:45:15","guid":{"rendered":"https:\/\/nordicmart.andreevmaster.com\/product\/songmics-hantlar-med-kopplingsstang-40-kg-black-svart\/"},"modified":"2026-02-27T08:32:34","modified_gmt":"2026-02-27T08:32:34","slug":"songmics-hantlar-med-kopplingsstang-40-kg-black-svart","status":"publish","type":"product","link":"https:\/\/nordicmart.andreevmaster.com\/sv\/produkt\/songmics-hantlar-med-kopplingsstang-40-kg-black-svart\/","title":{"rendered":"SONGMICS Hantlar med kopplingsst\u00e5ng 40 kg bl\u00e4ck svart"},"content":{"rendered":"<p>SONGMICS Hantelset, hantlar med kopplingsst\u00e5ng, hexagon, hantelset, 10 kg, 20 kg, 30 kg, f\u00f6r tr\u00e4ning, fitnesstr\u00e4ning, tyngdlyftning f\u00f6r hemmet, gym<br \/>\nF\u00e4rg: bl\u00e4ck svart<br \/>\nMaterial: St\u00e5lst\u00e5ng, skydds\u00f6verdrag av plast, betong<br \/>\noch sandfyllning<br \/>\nStorlek p\u00e5 l\u00e5nghanteln: 135 x 21,8 x 21,5 cm (L x B x H)<br \/>\nStorlek p\u00e5 hanteln: 50,9 x 21,8 x 21,5 cm (L x B x H)<br \/>\nTotalvikt: 40 kg<\/p>\n","protected":false},"excerpt":{"rendered":"<p>SONGMICS Hantelset, hantlar med kopplingsst\u00e5ng, hexagon, hantelset, 10 kg, 20 kg, 30 kg, f\u00f6r tr\u00e4ning, fitnesstr\u00e4ning, tyngdlyftning f\u00f6r hemmet, gym<\/p>\n","protected":false},"featured_media":46715,"comment_status":"open","ping_status":"closed","template":"","meta":[],"product_brand":[],"product_cat":[33],"product_tag":[],"class_list":{"0":"post-19541","1":"product","2":"type-product","3":"status-publish","4":"has-post-thumbnail","6":"product_cat-okategoriserad","8":"first","9":"instock","10":"shipping-taxable","11":"purchasable","12":"product-type-simple"},"_links":{"self":[{"href":"https:\/\/nordicmart.andreevmaster.com\/sv\/wp-json\/wp\/v2\/product\/19541","targetHints":{"allow":["GET"]}}],"collection":[{"href":"https:\/\/nordicmart.andreevmaster.com\/sv\/wp-json\/wp\/v2\/product"}],"about":[{"href":"https:\/\/nordicmart.andreevmaster.com\/sv\/wp-json\/wp\/v2\/types\/product"}],"replies":[{"embeddable":true,"href":"https:\/\/nordicmart.andreevmaster.com\/sv\/wp-json\/wp\/v2\/comments?post=19541"}],"wp:featuredmedia":[{"embeddable":true,"href":"https:\/\/nordicmart.andreevmaster.com\/sv\/wp-json\/wp\/v2\/media\/46715"}],"wp:attachment":[{"href":"https:\/\/nordicmart.andreevmaster.com\/sv\/wp-json\/wp\/v2\/media?parent=19541"}],"wp:term":[{"taxonomy":"product_brand","embeddable":true,"href":"https:\/\/nordicmart.andreevmaster.com\/sv\/wp-json\/wp\/v2\/product_brand?post=19541"},{"taxonomy":"product_cat","embeddable":true,"href":"https:\/\/nordicmart.andreevmaster.com\/sv\/wp-json\/wp\/v2\/product_cat?post=19541"},{"taxonomy":"product_tag","embeddable":true,"href":"https:\/\/nordicmart.andreevmaster.com\/sv\/wp-json\/wp\/v2\/product_tag?post=19541"}],"curies":[{"name":"wp","href":"https:\/\/api.w.org\/{rel}","templated":true}]}}