{"id":19540,"date":"2026-02-27T00:45:15","date_gmt":"2026-02-27T00:45:15","guid":{"rendered":"https:\/\/nordicmart.andreevmaster.com\/product\/songmics-hantlar-gula\/"},"modified":"2026-02-27T08:32:34","modified_gmt":"2026-02-27T08:32:34","slug":"songmics-hantlar-gula","status":"publish","type":"product","link":"https:\/\/nordicmart.andreevmaster.com\/sv\/produkt\/songmics-hantlar-gula\/","title":{"rendered":"SONGMICS hantlar gula"},"content":{"rendered":"<p>Produktdetaljer: &#8211; F\u00e4rg: Gul &#8211; Material: Hantelhandtag av st\u00e5l med plastbel\u00e4ggning, kopplingsr\u00f6r av st\u00e5l med skumplast\u00f6verdrag, skivor med PVC-skydd, h\u00f6lje av pulverlackerat st\u00e5l, fyllning av j\u00e4rn-sand-cementblandning, stj\u00e4rnl\u00e5s av polypropen &#8211; L\u00e4ngd p\u00e5 hantelst\u00e5ngen: 42 cm &#8211; L\u00e4ngd p\u00e5 kopplingsr\u00f6r: 40 cm &#8211; Storlek p\u00e5 2 kg-skiva: 18 x 3,2 cm (\u00d8 x H) &#8211; Storlek p\u00e5 2,5 kg-skiva: 19,5 x 3,5 cm (\u00d8 x H) &#8211; Storlek p\u00e5 2,75 kg-skiva: 20,5 x 3,5 cm (\u00d8 x H) &#8211; Storlek p\u00e5 stj\u00e4rnl\u00e5s: 5,5 x 4,5 x 2 cm (L x B x H) &#8211; Storlek per hantel: 20,5 x 42 cm (\u00d8 x H) &#8211; Storlek p\u00e5 l\u00e5nghantel (2 hantlar med kopplingsr\u00f6r): 20,5 x 94 cm (\u00d8 x H) &#8211; Vikt: 30 kg<\/p>\n","protected":false},"excerpt":{"rendered":"<p>SONGMICS hantlar, hantelset, 2 x 15 kg, bodybuilding, muskeluppbyggnad, med kopplingsr\u00f6r, fyllning av j\u00e4rn-sand-cementblandning, hemmatr\u00e4ning, gul SYL330Y01<\/p>\n","protected":false},"featured_media":46434,"comment_status":"open","ping_status":"closed","template":"","meta":[],"product_brand":[],"product_cat":[33],"product_tag":[],"class_list":{"0":"post-19540","1":"product","2":"type-product","3":"status-publish","4":"has-post-thumbnail","6":"product_cat-okategoriserad","8":"first","9":"instock","10":"shipping-taxable","11":"purchasable","12":"product-type-simple"},"_links":{"self":[{"href":"https:\/\/nordicmart.andreevmaster.com\/sv\/wp-json\/wp\/v2\/product\/19540","targetHints":{"allow":["GET"]}}],"collection":[{"href":"https:\/\/nordicmart.andreevmaster.com\/sv\/wp-json\/wp\/v2\/product"}],"about":[{"href":"https:\/\/nordicmart.andreevmaster.com\/sv\/wp-json\/wp\/v2\/types\/product"}],"replies":[{"embeddable":true,"href":"https:\/\/nordicmart.andreevmaster.com\/sv\/wp-json\/wp\/v2\/comments?post=19540"}],"wp:featuredmedia":[{"embeddable":true,"href":"https:\/\/nordicmart.andreevmaster.com\/sv\/wp-json\/wp\/v2\/media\/46434"}],"wp:attachment":[{"href":"https:\/\/nordicmart.andreevmaster.com\/sv\/wp-json\/wp\/v2\/media?parent=19540"}],"wp:term":[{"taxonomy":"product_brand","embeddable":true,"href":"https:\/\/nordicmart.andreevmaster.com\/sv\/wp-json\/wp\/v2\/product_brand?post=19540"},{"taxonomy":"product_cat","embeddable":true,"href":"https:\/\/nordicmart.andreevmaster.com\/sv\/wp-json\/wp\/v2\/product_cat?post=19540"},{"taxonomy":"product_tag","embeddable":true,"href":"https:\/\/nordicmart.andreevmaster.com\/sv\/wp-json\/wp\/v2\/product_tag?post=19540"}],"curies":[{"name":"wp","href":"https:\/\/api.w.org\/{rel}","templated":true}]}}