{"id":19539,"date":"2026-02-27T00:45:14","date_gmt":"2026-02-27T00:45:14","guid":{"rendered":"https:\/\/nordicmart.andreevmaster.com\/product\/songmics-hantlar-med-kopplingsror-gula\/"},"modified":"2026-02-27T08:32:33","modified_gmt":"2026-02-27T08:32:33","slug":"songmics-hantlar-med-kopplingsror-gula","status":"publish","type":"product","link":"https:\/\/nordicmart.andreevmaster.com\/sv\/produkt\/songmics-hantlar-med-kopplingsror-gula\/","title":{"rendered":"SONGMICS Hantlar med kopplingsr\u00f6r Gula"},"content":{"rendered":"<p>Produktdetaljer: &#8211; F\u00e4rg: Gul &#8211; Material: Hantelhandtag av st\u00e5l med plastbel\u00e4ggning, kopplingsr\u00f6r av st\u00e5l med skumplast\u00f6verdrag, skivor med PVC-skydd, h\u00f6lje av pulverlackerat st\u00e5l, fyllning av j\u00e4rn-sand-cementblandning, stj\u00e4rnl\u00e5s av polypropen &#8211; L\u00e4ngd p\u00e5 hantelst\u00e5ng: 42 cm &#8211; L\u00e4ngd p\u00e5 kopplingsr\u00f6r: 40 cm &#8211; Storlek p\u00e5 1,25 kg-skiva: 14 x 3,5 cm (\u00d8 x H) &#8211; Storlek p\u00e5 1,5 kg-skiva: 15,5 x 3,5 cm (\u00d8 x H) &#8211; Storlek p\u00e5 2 kg-skiva: 18 x 3,2 cm (\u00d8 x H) &#8211; Storlek p\u00e5 stj\u00e4rnl\u00e5s: 5,5 x 4,5 x 2 cm (L x B x H) &#8211; Storlek per hantel: 18 x 42 cm (\u00d8 x H) &#8211; Storlek p\u00e5 l\u00e5nghantel (2 hantlar med kopplingsr\u00f6r): 18 x 94 cm (\u00d8 x H) &#8211; Vikt: 20 kg<\/p>\n","protected":false},"excerpt":{"rendered":"<p>SONGMICS hantlar 2 x 10 kg, hantlar, set, bodybuilding, muskeluppbyggnad, med kopplingsr\u00f6r, hemmatr\u00e4ning, gul SYL320Y01<\/p>\n","protected":false},"featured_media":46433,"comment_status":"open","ping_status":"closed","template":"","meta":[],"product_brand":[],"product_cat":[33],"product_tag":[],"class_list":{"0":"post-19539","1":"product","2":"type-product","3":"status-publish","4":"has-post-thumbnail","6":"product_cat-okategoriserad","8":"first","9":"instock","10":"shipping-taxable","11":"purchasable","12":"product-type-simple"},"_links":{"self":[{"href":"https:\/\/nordicmart.andreevmaster.com\/sv\/wp-json\/wp\/v2\/product\/19539","targetHints":{"allow":["GET"]}}],"collection":[{"href":"https:\/\/nordicmart.andreevmaster.com\/sv\/wp-json\/wp\/v2\/product"}],"about":[{"href":"https:\/\/nordicmart.andreevmaster.com\/sv\/wp-json\/wp\/v2\/types\/product"}],"replies":[{"embeddable":true,"href":"https:\/\/nordicmart.andreevmaster.com\/sv\/wp-json\/wp\/v2\/comments?post=19539"}],"wp:featuredmedia":[{"embeddable":true,"href":"https:\/\/nordicmart.andreevmaster.com\/sv\/wp-json\/wp\/v2\/media\/46433"}],"wp:attachment":[{"href":"https:\/\/nordicmart.andreevmaster.com\/sv\/wp-json\/wp\/v2\/media?parent=19539"}],"wp:term":[{"taxonomy":"product_brand","embeddable":true,"href":"https:\/\/nordicmart.andreevmaster.com\/sv\/wp-json\/wp\/v2\/product_brand?post=19539"},{"taxonomy":"product_cat","embeddable":true,"href":"https:\/\/nordicmart.andreevmaster.com\/sv\/wp-json\/wp\/v2\/product_cat?post=19539"},{"taxonomy":"product_tag","embeddable":true,"href":"https:\/\/nordicmart.andreevmaster.com\/sv\/wp-json\/wp\/v2\/product_tag?post=19539"}],"curies":[{"name":"wp","href":"https:\/\/api.w.org\/{rel}","templated":true}]}}