{"id":19538,"date":"2026-02-27T00:45:14","date_gmt":"2026-02-27T00:45:14","guid":{"rendered":"https:\/\/nordicmart.andreevmaster.com\/product\/songmics-gjutjarns-hantelset-30-kg\/"},"modified":"2026-02-27T08:32:33","modified_gmt":"2026-02-27T08:32:33","slug":"songmics-gjutjarns-hantelset-30-kg","status":"publish","type":"product","link":"https:\/\/nordicmart.andreevmaster.com\/sv\/produkt\/songmics-gjutjarns-hantelset-30-kg\/","title":{"rendered":"SONGMICS gjutj\u00e4rns hantelset 30 kg"},"content":{"rendered":"<p>SONGMICS erbjuder h\u00f6gkvalitativa fitnessprodukter f\u00f6r alla som str\u00e4var efter en idealisk kroppsform. V\u00e5rt hantelset \u00e4r utvecklat f\u00f6r att ge dig en optimal tr\u00e4ningsupplevelse utan begr\u00e4nsningar i tid och utrymme. Det g\u00f6r det m\u00f6jligt f\u00f6r dig att anpassa din tr\u00e4ning. Olika skivor g\u00f6r det m\u00f6jligt att anpassa vikterna till din tr\u00e4ningsintensitet genom att enkelt kombinera dem.&nbsp;Produktdetaljer:- F\u00e4rg: Svart- Material: Pulverlackerade gjutj\u00e4rnskivor, st\u00e5lst\u00e4nger, j\u00e4rnstj\u00e4rnl\u00e5s&nbsp;SONGMICS Anvisningar:- Innan du anv\u00e4nder hantlarna b\u00f6r du applicera ett rostskyddsolja p\u00e5 ytan. &#8211; Av s\u00e4kerhetssk\u00e4l ska du inte f\u00f6rvara hantlarna p\u00e5 h\u00f6ga platser d\u00e4r de kan rulla ner. &#8211; Barn f\u00e5r inte leka med hantlarna. &#8211; L\u00e4gg ner hantlarna f\u00f6rsiktigt efter tr\u00e4ningen f\u00f6r att undvika skador.<\/p>\n","protected":false},"excerpt":{"rendered":"<p>SONGMICS Unisex Adult justerbar plastskivst\u00e5ngssats med kopplingsr\u00f6r i st\u00e5l, 2 x 15 kg, 35 x 14 cm<\/p>\n","protected":false},"featured_media":46432,"comment_status":"open","ping_status":"closed","template":"","meta":[],"product_brand":[],"product_cat":[33],"product_tag":[],"class_list":{"0":"post-19538","1":"product","2":"type-product","3":"status-publish","4":"has-post-thumbnail","6":"product_cat-okategoriserad","8":"first","9":"instock","10":"shipping-taxable","11":"purchasable","12":"product-type-simple"},"_links":{"self":[{"href":"https:\/\/nordicmart.andreevmaster.com\/sv\/wp-json\/wp\/v2\/product\/19538","targetHints":{"allow":["GET"]}}],"collection":[{"href":"https:\/\/nordicmart.andreevmaster.com\/sv\/wp-json\/wp\/v2\/product"}],"about":[{"href":"https:\/\/nordicmart.andreevmaster.com\/sv\/wp-json\/wp\/v2\/types\/product"}],"replies":[{"embeddable":true,"href":"https:\/\/nordicmart.andreevmaster.com\/sv\/wp-json\/wp\/v2\/comments?post=19538"}],"wp:featuredmedia":[{"embeddable":true,"href":"https:\/\/nordicmart.andreevmaster.com\/sv\/wp-json\/wp\/v2\/media\/46432"}],"wp:attachment":[{"href":"https:\/\/nordicmart.andreevmaster.com\/sv\/wp-json\/wp\/v2\/media?parent=19538"}],"wp:term":[{"taxonomy":"product_brand","embeddable":true,"href":"https:\/\/nordicmart.andreevmaster.com\/sv\/wp-json\/wp\/v2\/product_brand?post=19538"},{"taxonomy":"product_cat","embeddable":true,"href":"https:\/\/nordicmart.andreevmaster.com\/sv\/wp-json\/wp\/v2\/product_cat?post=19538"},{"taxonomy":"product_tag","embeddable":true,"href":"https:\/\/nordicmart.andreevmaster.com\/sv\/wp-json\/wp\/v2\/product_tag?post=19538"}],"curies":[{"name":"wp","href":"https:\/\/api.w.org\/{rel}","templated":true}]}}