{"id":19536,"date":"2026-02-27T00:45:13","date_gmt":"2026-02-27T00:45:13","guid":{"rendered":"https:\/\/nordicmart.andreevmaster.com\/product\/songmics-30-kg-justerbar-hantelset\/"},"modified":"2026-02-27T08:32:32","modified_gmt":"2026-02-27T08:32:32","slug":"songmics-30-kg-justerbar-hantelset","status":"publish","type":"product","link":"https:\/\/nordicmart.andreevmaster.com\/sv\/produkt\/songmics-30-kg-justerbar-hantelset\/","title":{"rendered":"SONGMICS 30 kg justerbar hantelset"},"content":{"rendered":"<p>SONGMICS erbjuder alltid h\u00f6gkvalitativa fitnessprodukter f\u00f6r dem som str\u00e4var efter sin idealvikt. V\u00e5rt helt nya hantelset \u00e4r utvecklat f\u00f6r att ge dig den optimala tr\u00e4ningsupplevelsen utan begr\u00e4nsningar i tid och utrymme. Det g\u00f6r det m\u00f6jligt f\u00f6r dig att: Anpassa din egen tr\u00e4ningsrutin: Olika skivor g\u00f6r det enkelt att justera vikterna genom enkla kombinationer beroende p\u00e5 tr\u00e4ningsintensitet, vilket sparar utrymme f\u00f6r extra vikter.Rekommenderade valfria kombinationer: 10 kg: 4 x 1,25 kg, 2 x st\u00e5ng, 4 x stj\u00e4rnl\u00e5s 15 kg: 4 x 2,5 kg, 2 x st\u00e5ng, 4 x stj\u00e4rnl\u00e5s 20 kg: 4 x 2,5 kg, 4 x 1,25 kg, 2 x st\u00e5ng, 4 x stj\u00e4rnl\u00e5s 25 kg: 8 x 2,5 kg, 2 x st\u00e5ng, 4 x stj\u00e4rnl\u00e5s 30 kg: 8 x 2,5 kg, 4 x 1,25 kg, 2 x st\u00e5ng, 4 x stj\u00e4rnl\u00e5s Enkel \u00f6verg\u00e5ng till skivst\u00e5ng: Med den medf\u00f6ljande skivst\u00e5ngskopplingen kan du p\u00e5 nolltid f\u00e5 en skivst\u00e5ng. Den ger dig fler m\u00f6jligheter att bygga upp musklerna i olika delar av kroppen f\u00f6r att uppn\u00e5 en b\u00e4ttre tr\u00e4ningsupplevelse. Produktdetaljer: F\u00e4rg: Svart Material: Pulverlackerade gjutj\u00e4rnskivor, galvaniserade j\u00e4rnst\u00e4nger, j\u00e4rnstj\u00e4rnl\u00e5s St\u00e5ng: L\u00e4ngd \u2013 35 cm; \u00d8 \u2013 30 mm Handtagsl\u00e4ngd: 14 cm L\u00e4ngd p\u00e5 kopplingsr\u00f6r: 30 cm Leveransomfattning: 8 x 2,5 kg skiva 4 x 1,25 kg skiva 2 x st\u00e5ng 4 x stj\u00e4rnl\u00e5s 1 x kopplingsr\u00f6r 1 x tillbeh\u00f6rspaket SONGICs anvisningar:Innan du anv\u00e4nder hantlarna b\u00f6r du applicera rostskyddsolja p\u00e5 ytan. Av s\u00e4kerhetssk\u00e4l b\u00f6r du inte f\u00f6rvara hantlarna p\u00e5 h\u00f6ga platser d\u00e4r de kan rulla ner. Barn f\u00e5r inte leka med hantlarna. L\u00e4gg ner hantlarna f\u00f6rsiktigt efter tr\u00e4ningen f\u00f6r att undvika skador.<\/p>\n","protected":false},"excerpt":{"rendered":"<p>SONGMICS Unisex Adult justerbar plastskivst\u00e5ngssats med kopplingsr\u00f6r i st\u00e5l, 2 x 15 kg, 35 x 14 cm<\/p>\n","protected":false},"featured_media":46430,"comment_status":"open","ping_status":"closed","template":"","meta":[],"product_brand":[],"product_cat":[33],"product_tag":[],"class_list":{"0":"post-19536","1":"product","2":"type-product","3":"status-publish","4":"has-post-thumbnail","6":"product_cat-okategoriserad","8":"first","9":"instock","10":"shipping-taxable","11":"purchasable","12":"product-type-simple"},"_links":{"self":[{"href":"https:\/\/nordicmart.andreevmaster.com\/sv\/wp-json\/wp\/v2\/product\/19536","targetHints":{"allow":["GET"]}}],"collection":[{"href":"https:\/\/nordicmart.andreevmaster.com\/sv\/wp-json\/wp\/v2\/product"}],"about":[{"href":"https:\/\/nordicmart.andreevmaster.com\/sv\/wp-json\/wp\/v2\/types\/product"}],"replies":[{"embeddable":true,"href":"https:\/\/nordicmart.andreevmaster.com\/sv\/wp-json\/wp\/v2\/comments?post=19536"}],"wp:featuredmedia":[{"embeddable":true,"href":"https:\/\/nordicmart.andreevmaster.com\/sv\/wp-json\/wp\/v2\/media\/46430"}],"wp:attachment":[{"href":"https:\/\/nordicmart.andreevmaster.com\/sv\/wp-json\/wp\/v2\/media?parent=19536"}],"wp:term":[{"taxonomy":"product_brand","embeddable":true,"href":"https:\/\/nordicmart.andreevmaster.com\/sv\/wp-json\/wp\/v2\/product_brand?post=19536"},{"taxonomy":"product_cat","embeddable":true,"href":"https:\/\/nordicmart.andreevmaster.com\/sv\/wp-json\/wp\/v2\/product_cat?post=19536"},{"taxonomy":"product_tag","embeddable":true,"href":"https:\/\/nordicmart.andreevmaster.com\/sv\/wp-json\/wp\/v2\/product_tag?post=19536"}],"curies":[{"name":"wp","href":"https:\/\/api.w.org\/{rel}","templated":true}]}}