{"id":19535,"date":"2026-02-27T00:45:13","date_gmt":"2026-02-27T00:45:13","guid":{"rendered":"https:\/\/nordicmart.andreevmaster.com\/product\/songmics-hantlar-svart\/"},"modified":"2026-02-27T08:32:32","modified_gmt":"2026-02-27T08:32:32","slug":"songmics-hantlar-svart","status":"publish","type":"product","link":"https:\/\/nordicmart.andreevmaster.com\/sv\/produkt\/songmics-hantlar-svart\/","title":{"rendered":"SONGMICS Hantlar Svart"},"content":{"rendered":"<p>Den perfekta basutrustningen f\u00f6r hemmagymmet Skr\u00e4ddarsy din tr\u00e4ning F\u00e5 ut det b\u00e4sta av din kropp! Detta hantelset \u00e4r anpassat efter dina individuella m\u00e5l, styrkor och prestationsf\u00f6rm\u00e5ga. Du kan enkelt anpassa det totala vikten p\u00e5 setet fr\u00e5n SONGMICS efter dina behov genom att l\u00e4gga till eller ta bort hantelskivor med olika vikt. Oavsett om du f\u00f6redrar armb\u00f6jningar, b\u00e4nkpress, hantelrodd eller andra \u00f6vningar, kommer detta set att hj\u00e4lpa dig att bygga muskler. L\u00e4mpligt f\u00f6r daglig anv\u00e4ndning Tack vare sand-cementblandningen inuti, det robusta h\u00f6ljet av PE-plast och de bekv\u00e4ma, halkfria handtagen kan du anv\u00e4nda hantelsetet M\u00e5nga alternativ:De totalt 20 kg tunga vikterna kan s\u00e4ttas ihop till hantlar i f\u00f6ljande viktklasser: 5 kg, 6 kg, 10 kg, 11 kg, 15 kg, 16 kg och 20 kg.De totalt 30 kg tunga vikterna kan s\u00e4ttas ihop till hantlar i f\u00f6ljande viktklasser: 5 kg, 6 kg, 10 kg, 11 kg, 15 kg, 16 kg, 20 kg, 21 kg, 25 kg, 26 kg och 30 kg.De totalt 40 kg tunga vikterna kan s\u00e4ttas ihop till hantlar i f\u00f6ljande viktklasser: 5 kg, 7 kg, 10 kg, 12 kg, 15 kg, 17 kg, 20 kg, 22 kg, 25 kg, 27 kg, 30 kg, 32 kg, 35 kg, 37 kg och 40 kg.SONGMICS Anm\u00e4rkningar: F\u00f6rvara inte hantlarna p\u00e5 en h\u00f6g plats, till exempel p\u00e5 den \u00f6versta hyllan i ett reol, eftersom det finns risk att de faller ner. Detta kan leda till allvarliga skador eller personskador.Ol\u00e4mplig f\u00f6r barn. Anv\u00e4nd hantlarna med f\u00f6rsiktighet f\u00f6r att undvika skador. Se till att vikterna och muttrarna \u00e4r ordentligt \u00e5tdragna innan du anv\u00e4nder hantlarna.<\/p>\n","protected":false},"excerpt":{"rendered":"<p>SONGMICS Unisex Adult justerbar plastskivst\u00e5ngssats med kopplingsr\u00f6r i st\u00e5l, 2 x 15 kg, 35 x 14 cm<\/p>\n","protected":false},"featured_media":46429,"comment_status":"open","ping_status":"closed","template":"","meta":[],"product_brand":[],"product_cat":[33],"product_tag":[],"class_list":{"0":"post-19535","1":"product","2":"type-product","3":"status-publish","4":"has-post-thumbnail","6":"product_cat-okategoriserad","8":"first","9":"instock","10":"shipping-taxable","11":"purchasable","12":"product-type-simple"},"_links":{"self":[{"href":"https:\/\/nordicmart.andreevmaster.com\/sv\/wp-json\/wp\/v2\/product\/19535","targetHints":{"allow":["GET"]}}],"collection":[{"href":"https:\/\/nordicmart.andreevmaster.com\/sv\/wp-json\/wp\/v2\/product"}],"about":[{"href":"https:\/\/nordicmart.andreevmaster.com\/sv\/wp-json\/wp\/v2\/types\/product"}],"replies":[{"embeddable":true,"href":"https:\/\/nordicmart.andreevmaster.com\/sv\/wp-json\/wp\/v2\/comments?post=19535"}],"wp:featuredmedia":[{"embeddable":true,"href":"https:\/\/nordicmart.andreevmaster.com\/sv\/wp-json\/wp\/v2\/media\/46429"}],"wp:attachment":[{"href":"https:\/\/nordicmart.andreevmaster.com\/sv\/wp-json\/wp\/v2\/media?parent=19535"}],"wp:term":[{"taxonomy":"product_brand","embeddable":true,"href":"https:\/\/nordicmart.andreevmaster.com\/sv\/wp-json\/wp\/v2\/product_brand?post=19535"},{"taxonomy":"product_cat","embeddable":true,"href":"https:\/\/nordicmart.andreevmaster.com\/sv\/wp-json\/wp\/v2\/product_cat?post=19535"},{"taxonomy":"product_tag","embeddable":true,"href":"https:\/\/nordicmart.andreevmaster.com\/sv\/wp-json\/wp\/v2\/product_tag?post=19535"}],"curies":[{"name":"wp","href":"https:\/\/api.w.org\/{rel}","templated":true}]}}