{"id":19533,"date":"2026-02-27T00:45:13","date_gmt":"2026-02-27T00:45:13","guid":{"rendered":"https:\/\/nordicmart.andreevmaster.com\/product\/hantlar-svarta\/"},"modified":"2026-02-27T08:32:32","modified_gmt":"2026-02-27T08:32:32","slug":"hantlar-svarta","status":"publish","type":"product","link":"https:\/\/nordicmart.andreevmaster.com\/sv\/produkt\/hantlar-svarta\/","title":{"rendered":"Hantlar svarta"},"content":{"rendered":"<p>Den perfekta basutrustningen f\u00f6r ditt hemgymAnpassa din tr\u00e4ningF\u00e5 ut det b\u00e4sta av din kropp! Detta hantelset \u00e4r skr\u00e4ddarsytt f\u00f6r dina individuella m\u00e5l, styrkor och f\u00f6rm\u00e5gor. Du kan enkelt anpassa det totala viktsetet fr\u00e5n SONGMICS efter dina behov genom att l\u00e4gga till eller ta bort viktskivor med olika vikter. Oavsett om du f\u00f6redrar armcurls, b\u00e4nkpress, handviktsrodd eller andra \u00f6vningar, kommer detta set att hj\u00e4lpa dig att bygga muskler.L\u00e4mpligt f\u00f6r daglig anv\u00e4ndning Tack vare sandcementblandningen inuti, det robusta PE-plastskyddet och de halkfria handtagen som ligger bra i handen kan du anv\u00e4nda handviktsatsen p\u00e5 m\u00e5nga olika s\u00e4tt: Vikterna, som totalt v\u00e4ger 20 kg, kan kombineras f\u00f6r att bilda handvikter i f\u00f6ljande viktklasser: 5 kg, 6 kg, 10 kg, 11 kg, 15 kg, 16 kg och 20 kg. Vikterna, som v\u00e4ger totalt 30 kg, kan kombineras till handvikter i f\u00f6ljande viktklasser: 5 kg, 6 kg, 10 kg, 11 kg, 15 kg, 16 kg, 20 kg, 21 kg, 25 kg, 26 kg och 30 kg. Vikterna p\u00e5 totalt 40 kg kan kombineras till handvikter i f\u00f6ljande viktklasser: 5 kg, 7 kg, 10 kg, 15 kg, 16 kg och 20 kg: 5 kg, 7 kg, 10 kg, 12 kg, 15 kg, 17 kg, 20 kg, 22 kg, 25 kg, 27 kg, 30 kg, 32 kg, 35 kg, 37 kg och 40 kg.SONGMICS Anm\u00e4rkningar:F\u00f6rvara inte handvikterna p\u00e5 en h\u00f6g plats, t.ex. p\u00e5 den \u00f6versta delen av en hylla, eftersom det finns risk f\u00f6r att de faller ner. Det kan resultera i allvarliga skador. Ol\u00e4mpligt f\u00f6r barn. Anv\u00e4nd handvikterna med f\u00f6rsiktighet f\u00f6r att undvika skador. Se till att vikterna och muttrarna \u00e4r ordentligt \u00e5tdragna innan du anv\u00e4nder handvikterna.<\/p>\n","protected":false},"excerpt":{"rendered":"<p>Den perfekta basutrustningen f\u00f6r ditt hemgymAnpassa din tr\u00e4ningF\u00e5 ut det b\u00e4sta av din kropp! Detta hantelset \u00e4r skr\u00e4ddarsytt f\u00f6r dina individuella m\u00e5l, styrkor och f\u00f6rm\u00e5gor. Du kan enkelt anpassa det totala viktsetet fr\u00e5n SONGMICS efter dina behov genom att l\u00e4gga till eller ta bort viktskivor med olika vikter. Oavsett om du f\u00f6redrar armcurls, b\u00e4nkpress, handviktsrodd [&hellip;]<\/p>\n","protected":false},"featured_media":0,"comment_status":"open","ping_status":"closed","template":"","meta":[],"product_brand":[],"product_cat":[33],"product_tag":[],"class_list":{"0":"post-19533","1":"product","2":"type-product","3":"status-publish","5":"product_cat-okategoriserad","7":"first","8":"instock","9":"shipping-taxable","10":"product-type-simple"},"_links":{"self":[{"href":"https:\/\/nordicmart.andreevmaster.com\/sv\/wp-json\/wp\/v2\/product\/19533","targetHints":{"allow":["GET"]}}],"collection":[{"href":"https:\/\/nordicmart.andreevmaster.com\/sv\/wp-json\/wp\/v2\/product"}],"about":[{"href":"https:\/\/nordicmart.andreevmaster.com\/sv\/wp-json\/wp\/v2\/types\/product"}],"replies":[{"embeddable":true,"href":"https:\/\/nordicmart.andreevmaster.com\/sv\/wp-json\/wp\/v2\/comments?post=19533"}],"wp:attachment":[{"href":"https:\/\/nordicmart.andreevmaster.com\/sv\/wp-json\/wp\/v2\/media?parent=19533"}],"wp:term":[{"taxonomy":"product_brand","embeddable":true,"href":"https:\/\/nordicmart.andreevmaster.com\/sv\/wp-json\/wp\/v2\/product_brand?post=19533"},{"taxonomy":"product_cat","embeddable":true,"href":"https:\/\/nordicmart.andreevmaster.com\/sv\/wp-json\/wp\/v2\/product_cat?post=19533"},{"taxonomy":"product_tag","embeddable":true,"href":"https:\/\/nordicmart.andreevmaster.com\/sv\/wp-json\/wp\/v2\/product_tag?post=19533"}],"curies":[{"name":"wp","href":"https:\/\/api.w.org\/{rel}","templated":true}]}}