{"id":19531,"date":"2026-02-27T00:45:12","date_gmt":"2026-02-27T00:45:12","guid":{"rendered":"https:\/\/nordicmart.andreevmaster.com\/product\/songmics-korta-hantlar-av-gjutjarn-svarta\/"},"modified":"2026-02-27T08:32:31","modified_gmt":"2026-02-27T08:32:31","slug":"songmics-korta-hantlar-av-gjutjarn-svarta","status":"publish","type":"product","link":"https:\/\/nordicmart.andreevmaster.com\/sv\/produkt\/songmics-korta-hantlar-av-gjutjarn-svarta\/","title":{"rendered":"SONGMICS korta hantlar av gjutj\u00e4rn, svarta"},"content":{"rendered":"<p>SONGMICS erbjuder alltid de b\u00e4sta fitnessprodukterna f\u00f6r dig som vill n\u00e5 din idealvikt. V\u00e5rt helt nya hantelset \u00e4r utvecklat f\u00f6r att ge dig den b\u00e4sta tr\u00e4ningsupplevelsen utan begr\u00e4nsningar i tid och utrymme.  Det g\u00f6r det m\u00f6jligt f\u00f6r dig att:  Anpassa din egen tr\u00e4ningsrutin: Olika skivor g\u00f6r det enkelt att justera vikterna genom enkla kombinationer beroende p\u00e5 tr\u00e4ningsintensitet, vilket sparar pengar och utrymme f\u00f6r extra vikter.  F\u00f6rvara setet utan problem:  Du kommer inte l\u00e4ngre att klaga p\u00e5 saknade delar, eftersom SONGMICS hantlar levereras i en b\u00e4rbar v\u00e4ska. Alla komponenter f\u00f6rvaras snyggt och dammfritt n\u00e4r du inte anv\u00e4nder dem. Bekv\u00e4mt handtag underl\u00e4ttar b\u00e4randet.  Rekommenderade fritt valbara kombinationer:  10 kg: 4 x 1,25 kg, 2 x st\u00e4nger, 4 x stj\u00e4rnl\u00e5s 15 kg: 4 x 2,5 kg, 2 x st\u00e4nger, 4 x stj\u00e4rnl\u00e5s 20 kg: 4 x 2,5 kg, 4 x 1,25 kg, 2 x st\u00e4nger, 4 x stj\u00e4rnl\u00e5s Produktdetaljer: -F\u00e4rg: svart -Material: pulverlackerade gjutj\u00e4rnskivor, galvaniserade j\u00e4rnst\u00e4nger, j\u00e4rnstj\u00e4rnl\u00e5s Leveransomfattning:- 4 x 2,5 kg skiva &#8211; 4 x 1,25 kg skiva &#8211; 2 x st\u00e5ng &#8211; 4 x stj\u00e4rnl\u00e5s &#8211; 1 x v\u00e4ska SONGMICS Anvisningar: &#8211; Applicera rostskyddsolja p\u00e5 ytan f\u00f6re anv\u00e4ndning. &#8211; F\u00f6rvara inte hantlarna p\u00e5 h\u00f6ga platser. &#8211; Barn f\u00e5r inte leka med hantlarna.- L\u00e4gg ner hantlarna f\u00f6rsiktigt efter tr\u00e4ningen f\u00f6r att undvika skador.<\/p>\n","protected":false},"excerpt":{"rendered":"<p>SONGMICS 2-pack hantlar 20 kg (2 x 10 kg) SYL20HV1<\/p>\n","protected":false},"featured_media":46426,"comment_status":"open","ping_status":"closed","template":"","meta":[],"product_brand":[],"product_cat":[33],"product_tag":[],"class_list":{"0":"post-19531","1":"product","2":"type-product","3":"status-publish","4":"has-post-thumbnail","6":"product_cat-okategoriserad","8":"first","9":"instock","10":"shipping-taxable","11":"purchasable","12":"product-type-simple"},"_links":{"self":[{"href":"https:\/\/nordicmart.andreevmaster.com\/sv\/wp-json\/wp\/v2\/product\/19531","targetHints":{"allow":["GET"]}}],"collection":[{"href":"https:\/\/nordicmart.andreevmaster.com\/sv\/wp-json\/wp\/v2\/product"}],"about":[{"href":"https:\/\/nordicmart.andreevmaster.com\/sv\/wp-json\/wp\/v2\/types\/product"}],"replies":[{"embeddable":true,"href":"https:\/\/nordicmart.andreevmaster.com\/sv\/wp-json\/wp\/v2\/comments?post=19531"}],"wp:featuredmedia":[{"embeddable":true,"href":"https:\/\/nordicmart.andreevmaster.com\/sv\/wp-json\/wp\/v2\/media\/46426"}],"wp:attachment":[{"href":"https:\/\/nordicmart.andreevmaster.com\/sv\/wp-json\/wp\/v2\/media?parent=19531"}],"wp:term":[{"taxonomy":"product_brand","embeddable":true,"href":"https:\/\/nordicmart.andreevmaster.com\/sv\/wp-json\/wp\/v2\/product_brand?post=19531"},{"taxonomy":"product_cat","embeddable":true,"href":"https:\/\/nordicmart.andreevmaster.com\/sv\/wp-json\/wp\/v2\/product_cat?post=19531"},{"taxonomy":"product_tag","embeddable":true,"href":"https:\/\/nordicmart.andreevmaster.com\/sv\/wp-json\/wp\/v2\/product_tag?post=19531"}],"curies":[{"name":"wp","href":"https:\/\/api.w.org\/{rel}","templated":true}]}}