{"id":19528,"date":"2026-02-27T00:45:11","date_gmt":"2026-02-27T00:45:11","guid":{"rendered":"https:\/\/nordicmart.andreevmaster.com\/product\/2-i-1-handviktset-2-x-10-kg-justerbara-vikter-i-gjutjarn-med-extra-viktsstang-i-stal-fitnesstraning-tyngdlyftning-i-hemmagym-svart\/"},"modified":"2026-02-27T08:32:31","modified_gmt":"2026-02-27T08:32:31","slug":"2-i-1-handviktset-2-x-10-kg-justerbara-vikter-i-gjutjarn-med-extra-viktsstang-i-stal-fitnesstraning-tyngdlyftning-i-hemmagym-svart","status":"publish","type":"product","link":"https:\/\/nordicmart.andreevmaster.com\/sv\/produkt\/2-i-1-handviktset-2-x-10-kg-justerbara-vikter-i-gjutjarn-med-extra-viktsstang-i-stal-fitnesstraning-tyngdlyftning-i-hemmagym-svart\/","title":{"rendered":"2-i-1 handviktset, 2 x 10 kg justerbara vikter i gjutj\u00e4rn, med extra viktsst\u00e5ng i st\u00e5l, fitnesstr\u00e4ning, tyngdlyftning, i hemmagym, svart"},"content":{"rendered":"<p>[Fitness m\u00f6ter bekv\u00e4mlighet] SONGMICS tr\u00e4ningsutrustning \u00e4r utformad f\u00f6r att hj\u00e4lpa dig att h\u00e5lla en ideal kroppsform, oavsett om du \u00e4r p\u00e5 kontoret eller hemma; b\u00f6rja bara tr\u00e4na n\u00e4r du k\u00e4nner f\u00f6r det.[Justerbar vikt] 8 plattor (4 x 2,5 kg, 4 x 1,25 kg) g\u00f6r det m\u00f6jligt f\u00f6r dig att justera vikten f\u00f6r olika tr\u00e4ningsset; detta set med 2 handvikter kan kombineras till en 20 kg viktskaft.[Gjord f\u00f6r att h\u00e5lla] Detta handviktset \u00e4r tillverkat av h\u00f6gkvalitativt gjutj\u00e4rn med sprutm\u00e5lad yta och galvaniserade st\u00e4nger, och det \u00e4r robust och h\u00e5llbart i m\u00e5nga \u00e5r fram\u00f6ver.<\/p>\n<p>[Extra skivst\u00e5ng] En extra skivst\u00e5ng p\u00e5 30 cm medf\u00f6ljer, s\u00e5 att du kan f\u00f6rvandla handviktsatsen till en vanlig skivst\u00e5ng och tr\u00e4na med flera olika r\u00f6relsem\u00f6nster.<\/p>\n<p>[S\u00e4kert grepp] Med r\u00e4fflor p\u00e5 ytan \u00e4r den 14 cm l\u00e5nga handviktsst\u00e5ngen halkfri och s\u00e4kerst\u00e4ller ett bekv\u00e4mt grepp; dessutom l\u00e5ser 4 spinlock-kragar s\u00e4kert f\u00f6r att h\u00e5lla handviktskivorna p\u00e5 plats. <\/p>\n<p>SONGMICS erbjuder h\u00f6gkvalitativa fitnessaccessoarer f\u00f6r dem som arbetar f\u00f6r att uppn\u00e5 en ideal kroppsform. V\u00e5ra handviktset \u00e4r utformade f\u00f6r att ge dig en optimal tr\u00e4ningsupplevelse utan tids- och platsbegr\u00e4nsningar, s\u00e5 att du kan: &#8230;&#8230; anpassa din tr\u00e4ning: Olika skivor g\u00f6r det m\u00f6jligt att anpassa vikterna till din tr\u00e4ningsintensitet genom att helt enkelt kombinera dem, s\u00e5 att du sparar pengar och plats f\u00f6r extra vikter&#8230;. detta handviktset till en viktsst\u00e5ng: Det speciella kopplingsstycket som medf\u00f6ljer leveransen ger dig en viktsst\u00e5ng p\u00e5 nolltid. Det ger dig \u00e4nnu fler m\u00f6jligheter att bygga upp musklerna i olika delar av kroppen och uppn\u00e5 b\u00e4ttre tr\u00e4ningsresultat. Produktdetaljer: F\u00e4rg: Svart Material: Pulverlackerade gjutj\u00e4rnskivor, galvaniserade j\u00e4rnst\u00e4nger, j\u00e4rnstj\u00e4rnbeslag Leveransomfattning: 4 x 2,5 kg skiva 4 x 1,25 kg skiva 2 x st\u00e5ng 4 x stj\u00e4rnbeslag 1 x kopplingsr\u00f6r 1 x tillbeh\u00f6rspaket SONG MICs Anm\u00e4rkningar:Innan du anv\u00e4nder handvikterna ska du applicera ett rostskyddsmedel p\u00e5 ytan. Av s\u00e4kerhetssk\u00e4l f\u00e5r du inte f\u00f6rvara handvikterna p\u00e5 h\u00f6ga platser d\u00e4r de kan rulla ner. L\u00e5t inte barn leka med handvikterna. L\u00e4gg handvikterna f\u00f6rsiktigt ifr\u00e5n dig efter tr\u00e4ningen f\u00f6r att undvika skador.<\/p>\n","protected":false},"excerpt":{"rendered":"<p>[Fitness m\u00f6ter bekv\u00e4mlighet] SONGMICS tr\u00e4ningsutrustning \u00e4r utformad f\u00f6r att hj\u00e4lpa dig att h\u00e5lla en ideal kroppsform, oavsett om du \u00e4r p\u00e5 kontoret eller hemma; b\u00f6rja bara tr\u00e4na n\u00e4r du k\u00e4nner f\u00f6r det.[Justerbar vikt] 8 plattor (4 x 2,5 kg, 4 x 1,25 kg) g\u00f6r det m\u00f6jligt f\u00f6r dig att justera vikten f\u00f6r olika tr\u00e4ningsset; detta [&hellip;]<\/p>\n","protected":false},"featured_media":0,"comment_status":"open","ping_status":"closed","template":"","meta":[],"product_brand":[],"product_cat":[33],"product_tag":[],"class_list":{"0":"post-19528","1":"product","2":"type-product","3":"status-publish","5":"product_cat-okategoriserad","7":"first","8":"instock","9":"shipping-taxable","10":"product-type-simple"},"_links":{"self":[{"href":"https:\/\/nordicmart.andreevmaster.com\/sv\/wp-json\/wp\/v2\/product\/19528","targetHints":{"allow":["GET"]}}],"collection":[{"href":"https:\/\/nordicmart.andreevmaster.com\/sv\/wp-json\/wp\/v2\/product"}],"about":[{"href":"https:\/\/nordicmart.andreevmaster.com\/sv\/wp-json\/wp\/v2\/types\/product"}],"replies":[{"embeddable":true,"href":"https:\/\/nordicmart.andreevmaster.com\/sv\/wp-json\/wp\/v2\/comments?post=19528"}],"wp:attachment":[{"href":"https:\/\/nordicmart.andreevmaster.com\/sv\/wp-json\/wp\/v2\/media?parent=19528"}],"wp:term":[{"taxonomy":"product_brand","embeddable":true,"href":"https:\/\/nordicmart.andreevmaster.com\/sv\/wp-json\/wp\/v2\/product_brand?post=19528"},{"taxonomy":"product_cat","embeddable":true,"href":"https:\/\/nordicmart.andreevmaster.com\/sv\/wp-json\/wp\/v2\/product_cat?post=19528"},{"taxonomy":"product_tag","embeddable":true,"href":"https:\/\/nordicmart.andreevmaster.com\/sv\/wp-json\/wp\/v2\/product_tag?post=19528"}],"curies":[{"name":"wp","href":"https:\/\/api.w.org\/{rel}","templated":true}]}}