{"id":19527,"date":"2026-02-27T00:45:11","date_gmt":"2026-02-27T00:45:11","guid":{"rendered":"https:\/\/nordicmart.andreevmaster.com\/product\/songmics-hantelset-20-kg-svart\/"},"modified":"2026-02-27T08:32:31","modified_gmt":"2026-02-27T08:32:31","slug":"songmics-hantelset-20-kg-svart","status":"publish","type":"product","link":"https:\/\/nordicmart.andreevmaster.com\/sv\/produkt\/songmics-hantelset-20-kg-svart\/","title":{"rendered":"SONGMICS hantelset 20 kg svart"},"content":{"rendered":"<p>Den perfekta basutrustningen f\u00f6r hemgymmet Skr\u00e4ddarsy ditt tr\u00e4ningspass F\u00e5 ut det b\u00e4sta av din kropp! Detta hantelset \u00e4r anpassat efter dina individuella m\u00e5l, styrkor och prestationsf\u00f6rm\u00e5ga. Du kan enkelt anpassa det totala vikten p\u00e5 setet fr\u00e5n SONGMICS efter dina behov genom att l\u00e4gga till eller ta bort hantelskivor med olika vikt. Oavsett om du f\u00f6redrar armb\u00f6jningar, b\u00e4nkpress, rodd med hantlar eller andra \u00f6vningar, kommer detta set att hj\u00e4lpa dig att bygga muskler. L\u00e4mpligt f\u00f6r daglig anv\u00e4ndning Tack vare sand-cementblandningen inuti, det robusta h\u00f6ljet av PE-plast och de bekv\u00e4ma, halkfria handtagen kan du enkelt anv\u00e4nda hantelsetet varje dag.Produktdetaljer F\u00e4rg: Svart Material: J\u00e4rnst\u00e5ng, hantelskivor med cementblandningsfyllning och PE-h\u00f6lje Diameter skivh\u00e5l: 2,6 cm Storlek hantelst\u00e5ng: 2,5 x 50,5 cm (diameter x l\u00e4ngd) L\u00e4ngd p\u00e5 handtaget: 12 cm Vikt hantelst\u00e5ng och stj\u00e4rnmuttern: 1 kg<\/p>\n","protected":false},"excerpt":{"rendered":"<p>SONGMICS 2-pack hantlar 20 kg (2 x 10 kg) SYL20HV1<\/p>\n","protected":false},"featured_media":46423,"comment_status":"open","ping_status":"closed","template":"","meta":[],"product_brand":[],"product_cat":[33],"product_tag":[],"class_list":{"0":"post-19527","1":"product","2":"type-product","3":"status-publish","4":"has-post-thumbnail","6":"product_cat-okategoriserad","8":"first","9":"instock","10":"shipping-taxable","11":"purchasable","12":"product-type-simple"},"_links":{"self":[{"href":"https:\/\/nordicmart.andreevmaster.com\/sv\/wp-json\/wp\/v2\/product\/19527","targetHints":{"allow":["GET"]}}],"collection":[{"href":"https:\/\/nordicmart.andreevmaster.com\/sv\/wp-json\/wp\/v2\/product"}],"about":[{"href":"https:\/\/nordicmart.andreevmaster.com\/sv\/wp-json\/wp\/v2\/types\/product"}],"replies":[{"embeddable":true,"href":"https:\/\/nordicmart.andreevmaster.com\/sv\/wp-json\/wp\/v2\/comments?post=19527"}],"wp:featuredmedia":[{"embeddable":true,"href":"https:\/\/nordicmart.andreevmaster.com\/sv\/wp-json\/wp\/v2\/media\/46423"}],"wp:attachment":[{"href":"https:\/\/nordicmart.andreevmaster.com\/sv\/wp-json\/wp\/v2\/media?parent=19527"}],"wp:term":[{"taxonomy":"product_brand","embeddable":true,"href":"https:\/\/nordicmart.andreevmaster.com\/sv\/wp-json\/wp\/v2\/product_brand?post=19527"},{"taxonomy":"product_cat","embeddable":true,"href":"https:\/\/nordicmart.andreevmaster.com\/sv\/wp-json\/wp\/v2\/product_cat?post=19527"},{"taxonomy":"product_tag","embeddable":true,"href":"https:\/\/nordicmart.andreevmaster.com\/sv\/wp-json\/wp\/v2\/product_tag?post=19527"}],"curies":[{"name":"wp","href":"https:\/\/api.w.org\/{rel}","templated":true}]}}