{"id":19526,"date":"2026-02-27T00:45:11","date_gmt":"2026-02-27T00:45:11","guid":{"rendered":"https:\/\/nordicmart.andreevmaster.com\/product\/songmics-hantelset-med-kopplingsror-i-stal\/"},"modified":"2026-02-27T08:32:30","modified_gmt":"2026-02-27T08:32:30","slug":"songmics-hantelset-med-kopplingsror-i-stal","status":"publish","type":"product","link":"https:\/\/nordicmart.andreevmaster.com\/sv\/produkt\/songmics-hantelset-med-kopplingsror-i-stal\/","title":{"rendered":"SONGMICS hantelset med kopplingsr\u00f6r i st\u00e5l"},"content":{"rendered":"<p>SONGMICS erbjuder alltid de b\u00e4sta fitnessprodukterna f\u00f6r dig som vill n\u00e5 din idealvikt. V\u00e5rt helt nya hantelset har utvecklats f\u00f6r att ge dig den optimala tr\u00e4ningsupplevelsen utan begr\u00e4nsningar i tid och utrymme.  Det g\u00f6r det m\u00f6jligt f\u00f6r dig att:  Anpassa din egen tr\u00e4ningsrutin: Olika skivor g\u00f6r det enkelt att justera vikterna genom enkla kombinationer beroende p\u00e5 tr\u00e4ningsintensitet, vilket sparar pengar och utrymme f\u00f6r extra vikter.  Enkelt byta till l\u00e5ngst\u00e5ng:  Med den medf\u00f6ljande l\u00e5ngst\u00e5ngskopplingen kan du f\u00e5 en l\u00e5ngst\u00e5ng p\u00e5 nolltid. Den ger dig fler m\u00f6jligheter att bygga upp musklerna i olika delar av kroppen f\u00f6r en b\u00e4ttre tr\u00e4ningsupplevelse.  Rekommenderade valfria kombinationer:  6 kg: 4 x 1,25 kg, 2 x st\u00e4nger, 4 x stj\u00e4rnl\u00e5s 10 kg: 4 x 1,25 kg, 4 x 1 kg, 2 x st\u00e4nger, 4 x stj\u00e4rnl\u00e5s 16 kg: 4 x 2,5 kg, 4 x 1,25 kg, 2 x st\u00e4nger, 4 x stj\u00e4rnl\u00e5s 20 kg: 4 x 2,5 kg, 4 x 1,25 kg, 4 x 1 kg, 2 x st\u00e4nger, 4 x stj\u00e4rnl\u00e5s Produktdetaljer:  -F\u00e4rg: svart -Material: PP-plast med betongfyllning, j\u00e4rn Leveransomfattning: SYL20HBK &#8211; 4 x 2,5 kg skiva &#8211; 4 x 1,25 kg skiva &#8211; 4 x 1 kg skiva &#8211; 2 x st\u00e5ng &#8211; 4 x stj\u00e4rnl\u00e5s &#8211; 1 x anslutningsr\u00f6r i st\u00e5l SONGIMC Anvisningar: -F\u00f6rvara inte hantlarna p\u00e5 h\u00f6ga platser.-Barn f\u00e5r inte leka med hantlarna. -L\u00e4gg ner hantlarna f\u00f6rsiktigt efter tr\u00e4ningen f\u00f6r att undvika skador.<\/p>\n","protected":false},"excerpt":{"rendered":"<p>SONGMICS 2-pack hantlar 20 kg (2 x 10 kg) SYL20HV1<\/p>\n","protected":false},"featured_media":46422,"comment_status":"open","ping_status":"closed","template":"","meta":[],"product_brand":[],"product_cat":[33],"product_tag":[],"class_list":{"0":"post-19526","1":"product","2":"type-product","3":"status-publish","4":"has-post-thumbnail","6":"product_cat-okategoriserad","8":"first","9":"instock","10":"shipping-taxable","11":"purchasable","12":"product-type-simple"},"_links":{"self":[{"href":"https:\/\/nordicmart.andreevmaster.com\/sv\/wp-json\/wp\/v2\/product\/19526","targetHints":{"allow":["GET"]}}],"collection":[{"href":"https:\/\/nordicmart.andreevmaster.com\/sv\/wp-json\/wp\/v2\/product"}],"about":[{"href":"https:\/\/nordicmart.andreevmaster.com\/sv\/wp-json\/wp\/v2\/types\/product"}],"replies":[{"embeddable":true,"href":"https:\/\/nordicmart.andreevmaster.com\/sv\/wp-json\/wp\/v2\/comments?post=19526"}],"wp:featuredmedia":[{"embeddable":true,"href":"https:\/\/nordicmart.andreevmaster.com\/sv\/wp-json\/wp\/v2\/media\/46422"}],"wp:attachment":[{"href":"https:\/\/nordicmart.andreevmaster.com\/sv\/wp-json\/wp\/v2\/media?parent=19526"}],"wp:term":[{"taxonomy":"product_brand","embeddable":true,"href":"https:\/\/nordicmart.andreevmaster.com\/sv\/wp-json\/wp\/v2\/product_brand?post=19526"},{"taxonomy":"product_cat","embeddable":true,"href":"https:\/\/nordicmart.andreevmaster.com\/sv\/wp-json\/wp\/v2\/product_cat?post=19526"},{"taxonomy":"product_tag","embeddable":true,"href":"https:\/\/nordicmart.andreevmaster.com\/sv\/wp-json\/wp\/v2\/product_tag?post=19526"}],"curies":[{"name":"wp","href":"https:\/\/api.w.org\/{rel}","templated":true}]}}