{"id":19525,"date":"2026-02-27T00:45:10","date_gmt":"2026-02-27T00:45:10","guid":{"rendered":"https:\/\/nordicmart.andreevmaster.com\/product\/hantelset-20-kg-svart\/"},"modified":"2026-02-27T08:32:30","modified_gmt":"2026-02-27T08:32:30","slug":"hantelset-20-kg-svart","status":"publish","type":"product","link":"https:\/\/nordicmart.andreevmaster.com\/sv\/produkt\/hantelset-20-kg-svart\/","title":{"rendered":"Hantelset 20 kg svart"},"content":{"rendered":"<p>Den perfekta basutrustningen f\u00f6r ditt hemgymAnpassa din tr\u00e4ningF\u00e5 ut det b\u00e4sta av din kropp! Detta hantelset \u00e4r skr\u00e4ddarsytt f\u00f6r dina individuella m\u00e5l, styrkor och f\u00f6rm\u00e5gor. Du kan enkelt anpassa det totala viktsetet fr\u00e5n SONGMICS efter dina behov genom att l\u00e4gga till eller ta bort viktskivor med olika vikter. Oavsett om du f\u00f6redrar armcurls, b\u00e4nkpress, handviktsrodd eller andra \u00f6vningar, kommer detta set att hj\u00e4lpa dig att bygga muskler.L\u00e4mpligt f\u00f6r daglig anv\u00e4ndning Tack vare sand-cementblandningen inuti, det robusta PE-plast\u00f6verdraget och de bekv\u00e4ma, halkfria handtagen kan du enkelt anv\u00e4nda handviktsatsen varje dag. Produktdetaljer F\u00e4rg: Svart Material: J\u00e4rnst\u00e5ng, viktskivor fyllda med cementblandning och PE-h\u00f6lje Diameter p\u00e5 skivh\u00e5l: 2,6 cm Storlek p\u00e5 viktskiva: 2,5 x 50,5 cm (diameter x l\u00e4ngd)Handtagsl\u00e4ngd: 12 cmVikt p\u00e5 st\u00e5ng och stj\u00e4rnmuttern: 1 kg<\/p>\n","protected":false},"excerpt":{"rendered":"<p>Den perfekta basutrustningen f\u00f6r ditt hemgymAnpassa din tr\u00e4ningF\u00e5 ut det b\u00e4sta av din kropp! Detta hantelset \u00e4r skr\u00e4ddarsytt f\u00f6r dina individuella m\u00e5l, styrkor och f\u00f6rm\u00e5gor. Du kan enkelt anpassa det totala viktsetet fr\u00e5n SONGMICS efter dina behov genom att l\u00e4gga till eller ta bort viktskivor med olika vikter. Oavsett om du f\u00f6redrar armcurls, b\u00e4nkpress, handviktsrodd [&hellip;]<\/p>\n","protected":false},"featured_media":0,"comment_status":"open","ping_status":"closed","template":"","meta":[],"product_brand":[],"product_cat":[33],"product_tag":[],"class_list":{"0":"post-19525","1":"product","2":"type-product","3":"status-publish","5":"product_cat-okategoriserad","7":"first","8":"instock","9":"shipping-taxable","10":"product-type-simple"},"_links":{"self":[{"href":"https:\/\/nordicmart.andreevmaster.com\/sv\/wp-json\/wp\/v2\/product\/19525","targetHints":{"allow":["GET"]}}],"collection":[{"href":"https:\/\/nordicmart.andreevmaster.com\/sv\/wp-json\/wp\/v2\/product"}],"about":[{"href":"https:\/\/nordicmart.andreevmaster.com\/sv\/wp-json\/wp\/v2\/types\/product"}],"replies":[{"embeddable":true,"href":"https:\/\/nordicmart.andreevmaster.com\/sv\/wp-json\/wp\/v2\/comments?post=19525"}],"wp:attachment":[{"href":"https:\/\/nordicmart.andreevmaster.com\/sv\/wp-json\/wp\/v2\/media?parent=19525"}],"wp:term":[{"taxonomy":"product_brand","embeddable":true,"href":"https:\/\/nordicmart.andreevmaster.com\/sv\/wp-json\/wp\/v2\/product_brand?post=19525"},{"taxonomy":"product_cat","embeddable":true,"href":"https:\/\/nordicmart.andreevmaster.com\/sv\/wp-json\/wp\/v2\/product_cat?post=19525"},{"taxonomy":"product_tag","embeddable":true,"href":"https:\/\/nordicmart.andreevmaster.com\/sv\/wp-json\/wp\/v2\/product_tag?post=19525"}],"curies":[{"name":"wp","href":"https:\/\/api.w.org\/{rel}","templated":true}]}}