{"id":19519,"date":"2026-02-27T00:45:09","date_gmt":"2026-02-27T00:45:09","guid":{"rendered":"https:\/\/nordicmart.andreevmaster.com\/product\/songmics-2-pack-hantlar-2-x-4-kg\/"},"modified":"2026-02-27T08:32:29","modified_gmt":"2026-02-27T08:32:29","slug":"songmics-2-pack-hantlar-2-x-4-kg","status":"publish","type":"product","link":"https:\/\/nordicmart.andreevmaster.com\/sv\/produkt\/songmics-2-pack-hantlar-2-x-4-kg\/","title":{"rendered":"SONGMICS 2-pack hantlar 2 x 4 kg"},"content":{"rendered":"<p>V\u00e4ck dina muskler: eget gym hemma Allt fler m\u00e4nniskor vill inte l\u00e4ngre tr\u00e4na styrka p\u00e5 gymmet utan hemma, eftersom de kan g\u00f6ra m\u00e5nga olika \u00f6vningar med fria vikter. Tack vare de sm\u00e5 m\u00e5tten tar hanteln mycket lite plats, men kan med relativt tunga och valbara vikter fungera perfekt f\u00f6r din styrketr\u00e4ning. Produktdetaljer:F\u00e4rg: Svart Material: Gjutj\u00e4rn, vinylbel\u00e4ggning Storlek: 20,5 x 9,5 x 9 cm (L x B x H) Handtagets l\u00e4ngd: 11,5 cm Vikt: 2 x 4 kg Leveransomfattning: 2 x hantel SONGMICS Anm\u00e4rkningar: N\u00e4r hantlarna inte anv\u00e4nds ska de endast l\u00e4ggas p\u00e5 golvet eller n\u00e4ra golvet.Hantlarna \u00e4r inte leksaker f\u00f6r barn. F\u00f6rvara dem p\u00e5 ett s\u00e4kert s\u00e4tt f\u00f6r att undvika skador.<\/p>\n","protected":false},"excerpt":{"rendered":"<p>SONGMICS Hantlar, 2-pack, korta hantlar, styrketr\u00e4ning, hemma, p\u00e5 kontoret, gym, 2 x 4 kg, svart SYL068BK<\/p>\n","protected":false},"featured_media":46416,"comment_status":"open","ping_status":"closed","template":"","meta":[],"product_brand":[],"product_cat":[33],"product_tag":[],"class_list":{"0":"post-19519","1":"product","2":"type-product","3":"status-publish","4":"has-post-thumbnail","6":"product_cat-okategoriserad","8":"first","9":"instock","10":"shipping-taxable","11":"purchasable","12":"product-type-simple"},"_links":{"self":[{"href":"https:\/\/nordicmart.andreevmaster.com\/sv\/wp-json\/wp\/v2\/product\/19519","targetHints":{"allow":["GET"]}}],"collection":[{"href":"https:\/\/nordicmart.andreevmaster.com\/sv\/wp-json\/wp\/v2\/product"}],"about":[{"href":"https:\/\/nordicmart.andreevmaster.com\/sv\/wp-json\/wp\/v2\/types\/product"}],"replies":[{"embeddable":true,"href":"https:\/\/nordicmart.andreevmaster.com\/sv\/wp-json\/wp\/v2\/comments?post=19519"}],"wp:featuredmedia":[{"embeddable":true,"href":"https:\/\/nordicmart.andreevmaster.com\/sv\/wp-json\/wp\/v2\/media\/46416"}],"wp:attachment":[{"href":"https:\/\/nordicmart.andreevmaster.com\/sv\/wp-json\/wp\/v2\/media?parent=19519"}],"wp:term":[{"taxonomy":"product_brand","embeddable":true,"href":"https:\/\/nordicmart.andreevmaster.com\/sv\/wp-json\/wp\/v2\/product_brand?post=19519"},{"taxonomy":"product_cat","embeddable":true,"href":"https:\/\/nordicmart.andreevmaster.com\/sv\/wp-json\/wp\/v2\/product_cat?post=19519"},{"taxonomy":"product_tag","embeddable":true,"href":"https:\/\/nordicmart.andreevmaster.com\/sv\/wp-json\/wp\/v2\/product_tag?post=19519"}],"curies":[{"name":"wp","href":"https:\/\/api.w.org\/{rel}","templated":true}]}}