{"id":19517,"date":"2026-02-27T00:45:08","date_gmt":"2026-02-27T00:45:08","guid":{"rendered":"https:\/\/nordicmart.andreevmaster.com\/product\/songmics-hantlar-2-pack-2-x-2-kg\/"},"modified":"2026-02-27T08:32:28","modified_gmt":"2026-02-27T08:32:28","slug":"songmics-hantlar-2-pack-2-x-2-kg","status":"publish","type":"product","link":"https:\/\/nordicmart.andreevmaster.com\/sv\/produkt\/songmics-hantlar-2-pack-2-x-2-kg\/","title":{"rendered":"SONGMICS Hantlar 2-pack 2 x 2 kg"},"content":{"rendered":"<p>V\u00e4ck dina muskler: eget gym hemma \u2013 Allt fler m\u00e4nniskor vill inte l\u00e4ngre tr\u00e4na styrka p\u00e5 gymmet utan hemma, eftersom de kan g\u00f6ra m\u00e5nga olika \u00f6vningar med fria vikter. Tack vare sina sm\u00e5 m\u00e5tt tar hanteln mycket lite plats, men kan med relativt tunga och valbara vikter fungera perfekt f\u00f6r din styrketr\u00e4ning.Produktdetaljer: F\u00e4rg: Gul Material: Gjutj\u00e4rn, vinylbel\u00e4ggning Storlek: 16 x 8 x 7,5 cm (L x B x H) Handtagets l\u00e4ngd: 10 cm Vikt: 2 x 2 kg Leveransomfattning: 2 x hantel SONGMICS Anm\u00e4rkningar: N\u00e4r du inte anv\u00e4nder hantlarna, l\u00e4gg dem endast p\u00e5 golvet eller n\u00e4ra golvet.Hantlarna \u00e4r inte leksaker f\u00f6r barn. F\u00f6rvara dem p\u00e5 ett s\u00e4kert s\u00e4tt f\u00f6r att undvika skador.<\/p>\n","protected":false},"excerpt":{"rendered":"<p>SONGMICS Hantlar, 2-pack, korta hantlar, gymnastikskivst\u00e4nger, vinyl, 2 x 2 kg, gula SYL064YL<\/p>\n","protected":false},"featured_media":46414,"comment_status":"open","ping_status":"closed","template":"","meta":[],"product_brand":[],"product_cat":[33],"product_tag":[],"class_list":{"0":"post-19517","1":"product","2":"type-product","3":"status-publish","4":"has-post-thumbnail","6":"product_cat-okategoriserad","8":"first","9":"instock","10":"shipping-taxable","11":"purchasable","12":"product-type-simple"},"_links":{"self":[{"href":"https:\/\/nordicmart.andreevmaster.com\/sv\/wp-json\/wp\/v2\/product\/19517","targetHints":{"allow":["GET"]}}],"collection":[{"href":"https:\/\/nordicmart.andreevmaster.com\/sv\/wp-json\/wp\/v2\/product"}],"about":[{"href":"https:\/\/nordicmart.andreevmaster.com\/sv\/wp-json\/wp\/v2\/types\/product"}],"replies":[{"embeddable":true,"href":"https:\/\/nordicmart.andreevmaster.com\/sv\/wp-json\/wp\/v2\/comments?post=19517"}],"wp:featuredmedia":[{"embeddable":true,"href":"https:\/\/nordicmart.andreevmaster.com\/sv\/wp-json\/wp\/v2\/media\/46414"}],"wp:attachment":[{"href":"https:\/\/nordicmart.andreevmaster.com\/sv\/wp-json\/wp\/v2\/media?parent=19517"}],"wp:term":[{"taxonomy":"product_brand","embeddable":true,"href":"https:\/\/nordicmart.andreevmaster.com\/sv\/wp-json\/wp\/v2\/product_brand?post=19517"},{"taxonomy":"product_cat","embeddable":true,"href":"https:\/\/nordicmart.andreevmaster.com\/sv\/wp-json\/wp\/v2\/product_cat?post=19517"},{"taxonomy":"product_tag","embeddable":true,"href":"https:\/\/nordicmart.andreevmaster.com\/sv\/wp-json\/wp\/v2\/product_tag?post=19517"}],"curies":[{"name":"wp","href":"https:\/\/api.w.org\/{rel}","templated":true}]}}