{"id":19514,"date":"2026-02-27T00:45:07","date_gmt":"2026-02-27T00:45:07","guid":{"rendered":"https:\/\/nordicmart.andreevmaster.com\/product\/songmics-hantelset-i-gjutjarn-rott\/"},"modified":"2026-02-27T08:32:27","modified_gmt":"2026-02-27T08:32:27","slug":"songmics-hantelset-i-gjutjarn-rott","status":"publish","type":"product","link":"https:\/\/nordicmart.andreevmaster.com\/sv\/produkt\/songmics-hantelset-i-gjutjarn-rott\/","title":{"rendered":"SONGMICS hantelset i gjutj\u00e4rn, r\u00f6tt"},"content":{"rendered":"<p>SONGMICS erbjuder h\u00f6gkvalitativa tr\u00e4ningsredskap f\u00f6r alla som str\u00e4var efter en idealisk kroppsform. V\u00e5rt hantelset har utvecklats f\u00f6r att ge dig en optimal tr\u00e4ningsupplevelse utan begr\u00e4nsningar i tid och utrymme. Det g\u00f6r det m\u00f6jligt f\u00f6r dig att&#8230; &#8230; anpassa din tr\u00e4ning: Olika skivor g\u00f6r det m\u00f6jligt att anpassa vikterna till din tr\u00e4ningsintensitet genom att enkelt kombinera dem, vilket sparar pengar och utrymme f\u00f6r extra vikter.S\u00e5 h\u00e4r f\u00f6rvandlar du detta hantelset till en skivst\u00e5ng: Med hj\u00e4lp av den speciella kopplingen som ing\u00e5r i leveransen f\u00e5r du en skivst\u00e5ng p\u00e5 nolltid. Detta ger dig \u00e4nnu fler m\u00f6jligheter att bygga upp musklerna i olika delar av kroppen och uppn\u00e5 b\u00e4ttre tr\u00e4ningsresultat.Produktdetaljer: F\u00e4rg: R\u00f6d Material: Pulverlackerade gjutj\u00e4rnskivor, galvaniserade j\u00e4rnst\u00e4nger, j\u00e4rnstj\u00e4rnl\u00e5s, silikonh\u00f6lje Leveransomfattning: 4 x 2,5 kg skiva 4 x 1,25 kg skiva 2 x st\u00e5ng 4 x stj\u00e4rnl\u00e5s 1 x kopplingsr\u00f6r SONGIMC Anvisningar:Innan du anv\u00e4nder hantlarna b\u00f6r du applicera ett rostskyddsolja p\u00e5 ytan. Av s\u00e4kerhetssk\u00e4l b\u00f6r du inte f\u00f6rvara hantlarna p\u00e5 h\u00f6ga platser d\u00e4r de kan rulla ner. Barn f\u00e5r inte leka med hantlarna. L\u00e4gg ner hantlarna f\u00f6rsiktigt efter tr\u00e4ningen f\u00f6r att undvika skador.<\/p>\n","protected":false},"excerpt":{"rendered":"<p>SONGMICS skivst\u00e4nger, skivst\u00e5ngsset i gjutj\u00e4rn, justerbara, skivst\u00e5ngsset med kopplingsr\u00f6r, avtagbara skydds\u00f6verdrag, f\u00f6r m\u00e4n och kvinnor, tyngdlyftning f\u00f6r hemmet, gym, r\u00f6d SYL020R01<\/p>\n","protected":false},"featured_media":46411,"comment_status":"open","ping_status":"closed","template":"","meta":[],"product_brand":[],"product_cat":[33],"product_tag":[],"class_list":{"0":"post-19514","1":"product","2":"type-product","3":"status-publish","4":"has-post-thumbnail","6":"product_cat-okategoriserad","8":"first","9":"instock","10":"shipping-taxable","11":"purchasable","12":"product-type-simple"},"_links":{"self":[{"href":"https:\/\/nordicmart.andreevmaster.com\/sv\/wp-json\/wp\/v2\/product\/19514","targetHints":{"allow":["GET"]}}],"collection":[{"href":"https:\/\/nordicmart.andreevmaster.com\/sv\/wp-json\/wp\/v2\/product"}],"about":[{"href":"https:\/\/nordicmart.andreevmaster.com\/sv\/wp-json\/wp\/v2\/types\/product"}],"replies":[{"embeddable":true,"href":"https:\/\/nordicmart.andreevmaster.com\/sv\/wp-json\/wp\/v2\/comments?post=19514"}],"wp:featuredmedia":[{"embeddable":true,"href":"https:\/\/nordicmart.andreevmaster.com\/sv\/wp-json\/wp\/v2\/media\/46411"}],"wp:attachment":[{"href":"https:\/\/nordicmart.andreevmaster.com\/sv\/wp-json\/wp\/v2\/media?parent=19514"}],"wp:term":[{"taxonomy":"product_brand","embeddable":true,"href":"https:\/\/nordicmart.andreevmaster.com\/sv\/wp-json\/wp\/v2\/product_brand?post=19514"},{"taxonomy":"product_cat","embeddable":true,"href":"https:\/\/nordicmart.andreevmaster.com\/sv\/wp-json\/wp\/v2\/product_cat?post=19514"},{"taxonomy":"product_tag","embeddable":true,"href":"https:\/\/nordicmart.andreevmaster.com\/sv\/wp-json\/wp\/v2\/product_tag?post=19514"}],"curies":[{"name":"wp","href":"https:\/\/api.w.org\/{rel}","templated":true}]}}