{"id":19513,"date":"2026-02-27T00:45:06","date_gmt":"2026-02-27T00:45:06","guid":{"rendered":"https:\/\/nordicmart.andreevmaster.com\/product\/songmics-hantlar-2-pack-totalt-20-kg-black-svart\/"},"modified":"2026-02-27T08:32:27","modified_gmt":"2026-02-27T08:32:27","slug":"songmics-hantlar-2-pack-totalt-20-kg-black-svart","status":"publish","type":"product","link":"https:\/\/nordicmart.andreevmaster.com\/sv\/produkt\/songmics-hantlar-2-pack-totalt-20-kg-black-svart\/","title":{"rendered":"SONGMICS Hantlar 2-pack totalt 20 kg bl\u00e4ck svart"},"content":{"rendered":"<p>SONGMICS Hantelset, Hantlar 2-pack, Hexagon, Hantel-set, 2 x 5 kg, 2 x 10 kg, f\u00f6r tr\u00e4ning, fitnesstr\u00e4ning, tyngdlyftning hemma, gym<br \/>\nF\u00e4rg: bl\u00e4ck svart<br \/>\nMaterial: plast, gjutj\u00e4rn<br \/>\nTotal storlek: 31 x 13,5 x 11 cm (L x B x H)<br \/>\nHandtagets storlek: 128 mm L x 32 mm d<br \/>\nVikt: 20 kg<\/p>\n","protected":false},"excerpt":{"rendered":"<p>SONGMICS Hantelset, Hantlar 2-pack, Hexagon, Hantel-set, 2 x 5 kg, 2 x 10 kg, f\u00f6r tr\u00e4ning, fitnesstr\u00e4ning, tyngdlyftning hemma, gym<\/p>\n","protected":false},"featured_media":46410,"comment_status":"open","ping_status":"closed","template":"","meta":[],"product_brand":[],"product_cat":[33],"product_tag":[],"class_list":{"0":"post-19513","1":"product","2":"type-product","3":"status-publish","4":"has-post-thumbnail","6":"product_cat-okategoriserad","8":"first","9":"instock","10":"shipping-taxable","11":"purchasable","12":"product-type-simple"},"_links":{"self":[{"href":"https:\/\/nordicmart.andreevmaster.com\/sv\/wp-json\/wp\/v2\/product\/19513","targetHints":{"allow":["GET"]}}],"collection":[{"href":"https:\/\/nordicmart.andreevmaster.com\/sv\/wp-json\/wp\/v2\/product"}],"about":[{"href":"https:\/\/nordicmart.andreevmaster.com\/sv\/wp-json\/wp\/v2\/types\/product"}],"replies":[{"embeddable":true,"href":"https:\/\/nordicmart.andreevmaster.com\/sv\/wp-json\/wp\/v2\/comments?post=19513"}],"wp:featuredmedia":[{"embeddable":true,"href":"https:\/\/nordicmart.andreevmaster.com\/sv\/wp-json\/wp\/v2\/media\/46410"}],"wp:attachment":[{"href":"https:\/\/nordicmart.andreevmaster.com\/sv\/wp-json\/wp\/v2\/media?parent=19513"}],"wp:term":[{"taxonomy":"product_brand","embeddable":true,"href":"https:\/\/nordicmart.andreevmaster.com\/sv\/wp-json\/wp\/v2\/product_brand?post=19513"},{"taxonomy":"product_cat","embeddable":true,"href":"https:\/\/nordicmart.andreevmaster.com\/sv\/wp-json\/wp\/v2\/product_cat?post=19513"},{"taxonomy":"product_tag","embeddable":true,"href":"https:\/\/nordicmart.andreevmaster.com\/sv\/wp-json\/wp\/v2\/product_tag?post=19513"}],"curies":[{"name":"wp","href":"https:\/\/api.w.org\/{rel}","templated":true}]}}