{"id":19512,"date":"2026-02-27T00:45:06","date_gmt":"2026-02-27T00:45:06","guid":{"rendered":"https:\/\/nordicmart.andreevmaster.com\/product\/songmics-motionscykel-med-8-motstandsinstallningar\/"},"modified":"2026-02-27T08:32:27","modified_gmt":"2026-02-27T08:32:27","slug":"songmics-motionscykel-med-8-motstandsinstallningar","status":"publish","type":"product","link":"https:\/\/nordicmart.andreevmaster.com\/sv\/produkt\/songmics-motionscykel-med-8-motstandsinstallningar\/","title":{"rendered":"SONGMICS motionscykel med 8 motst\u00e5ndsinst\u00e4llningar"},"content":{"rendered":"<p>Tr\u00e4ning f\u00f6r och med hj\u00e4rtat Med hj\u00e4lp av denna konditionstr\u00e4nare fr\u00e5n SONGMICS kan du st\u00e4rka din cirkulation, tr\u00e4na muskler och uth\u00e5llighet effektivt, minska stress och fr\u00e4mja en sund matsm\u00e4ltning. Tack vare denna motionscykel beh\u00f6ver du inte l\u00e4ngre springa i parken i iskall kyla eller belasta dina kn\u00e4n p\u00e5 l\u00f6pband. H\u00e5ll dig till denna fitnesscykel och genomf\u00f6r ett effektivt konditionstr\u00e4ning bekv\u00e4mt hemifr\u00e5n. Tr\u00e4na med ultimat komfort Denna hopf\u00e4llbara motionscykel fr\u00e5n SONGMICS \u00e4r l\u00e4mplig f\u00f6r personer som v\u00e4ger upp till 100 kg och \u00e4r utrustad med en bekv\u00e4m, bred och justerbar sadel. S\u00e5 kan du br\u00e4nna n\u00e5gra kalorier utan att beh\u00f6va k\u00e4nna dig obekv\u00e4m. H\u00e5ll koll p\u00e5 viktiga detaljer Se p\u00e5 den stora displayen hur l\u00e5ngt du redan har cyklat, hur snabb du \u00e4r, hur m\u00e5nga kalorier du har f\u00f6rbr\u00e4nt och hur h\u00f6g din puls \u00e4r. Ta bara tag i styret med inbyggda pulssensorer f\u00f6r att \u00f6vervaka din puls under tr\u00e4ningen.Enkel montering och f\u00f6rvaring Tack vare den detaljerade instruktionen bygger du muskler p\u00e5 denna inomhuscykel innan du m\u00e4rker det: N\u00e4r du \u00e4r klar med ditt dagliga tr\u00e4ningspass kan du enkelt f\u00e4lla ihop denna platsbesparande cykel och st\u00e4lla den i ett h\u00f6rn eller i ditt sk\u00e5p \u2013 ingen demontering kr\u00e4vs! Produktdetaljer:- F\u00e4rg: Svart &#8211; Material: J\u00e4rn, plast &#8211; Information p\u00e5 displayen: Puls, hastighet, tid, str\u00e4cka, kilometerm\u00e4tare, kalorif\u00f6rbrukning &#8211; Motst\u00e5nd: 8 magnetiska motst\u00e5ndsinst\u00e4llningar &#8211; Storlek: 78 x 41 x 113 cm (L x B x H) &#8211; Storlek hopf\u00e4lld: 35 x 41 x 133 cm (L x B x H) &#8211; Vikt: 15 kg &#8211; Max. anv\u00e4ndarens vikt: 100 kg &#8211; Max. anv\u00e4ndarens l\u00e4ngd: 185 cm &#8211; H\u00f6jd p\u00e5 justerbar sadel: 73 &#8211; 86 cm &#8211; M\u00e5tt p\u00e5 golvmatta: 120 x 60 x 0,4 cm (L x<\/p>\n","protected":false},"excerpt":{"rendered":"<p>SONGMICS X Bike\uff0cHemmabike, cykeltr\u00e4nare, fitnesscykel, hopf\u00e4llbar fitnesscykel, 8 magnetiska motst\u00e5ndsinst\u00e4llningar, pulsm\u00e4tning, mobilh\u00e5llare, belastningskapacitet upp till 100 kg, orange SXB11OG<\/p>\n","protected":false},"featured_media":46409,"comment_status":"open","ping_status":"closed","template":"","meta":[],"product_brand":[],"product_cat":[33],"product_tag":[],"class_list":{"0":"post-19512","1":"product","2":"type-product","3":"status-publish","4":"has-post-thumbnail","6":"product_cat-okategoriserad","8":"first","9":"instock","10":"shipping-taxable","11":"purchasable","12":"product-type-simple"},"_links":{"self":[{"href":"https:\/\/nordicmart.andreevmaster.com\/sv\/wp-json\/wp\/v2\/product\/19512","targetHints":{"allow":["GET"]}}],"collection":[{"href":"https:\/\/nordicmart.andreevmaster.com\/sv\/wp-json\/wp\/v2\/product"}],"about":[{"href":"https:\/\/nordicmart.andreevmaster.com\/sv\/wp-json\/wp\/v2\/types\/product"}],"replies":[{"embeddable":true,"href":"https:\/\/nordicmart.andreevmaster.com\/sv\/wp-json\/wp\/v2\/comments?post=19512"}],"wp:featuredmedia":[{"embeddable":true,"href":"https:\/\/nordicmart.andreevmaster.com\/sv\/wp-json\/wp\/v2\/media\/46409"}],"wp:attachment":[{"href":"https:\/\/nordicmart.andreevmaster.com\/sv\/wp-json\/wp\/v2\/media?parent=19512"}],"wp:term":[{"taxonomy":"product_brand","embeddable":true,"href":"https:\/\/nordicmart.andreevmaster.com\/sv\/wp-json\/wp\/v2\/product_brand?post=19512"},{"taxonomy":"product_cat","embeddable":true,"href":"https:\/\/nordicmart.andreevmaster.com\/sv\/wp-json\/wp\/v2\/product_cat?post=19512"},{"taxonomy":"product_tag","embeddable":true,"href":"https:\/\/nordicmart.andreevmaster.com\/sv\/wp-json\/wp\/v2\/product_tag?post=19512"}],"curies":[{"name":"wp","href":"https:\/\/api.w.org\/{rel}","templated":true}]}}