{"id":19511,"date":"2026-02-27T00:45:06","date_gmt":"2026-02-27T00:45:06","guid":{"rendered":"https:\/\/nordicmart.andreevmaster.com\/product\/songmics-motionscykel-med-pulsmatning\/"},"modified":"2026-02-27T08:32:27","modified_gmt":"2026-02-27T08:32:27","slug":"songmics-motionscykel-med-pulsmatning","status":"publish","type":"product","link":"https:\/\/nordicmart.andreevmaster.com\/sv\/produkt\/songmics-motionscykel-med-pulsmatning\/","title":{"rendered":"SONGMICS motionscykel med pulsm\u00e4tning"},"content":{"rendered":"<p>Produktdetaljer: F\u00e4rg: Svart Material: J\u00e4rn, plast Information p\u00e5 displayen: Puls, hastighet, tid, str\u00e4cka, kilometerm\u00e4tare, kalorif\u00f6rbrukning Motst\u00e5nd: 8 magnetiska motst\u00e5ndsinst\u00e4llningar Storlek: 78 x 41 x 113 cm (L x B x H) Storlek hopf\u00e4lld: 35 x 41 x 133 cm (L x B x H) Vikt: 15 kg Max. anv\u00e4ndarens vikt: 100 kg Max. anv\u00e4ndarens l\u00e4ngd: 185 cm H\u00f6jd p\u00e5 justerbar sadel: 73\u201386 cm M\u00e5tt p\u00e5 golvmatta: 120 x 60 x 0,4 cm (L x B x H) Material p\u00e5 golvmatta: PVC Batterier: AAA (ing\u00e5r i leveransen) F\u00f6rvaringsbox: SvartLeveransomfattning:1 x motionscykel1 x golvmatta2 x batteri1 x monterings tillbeh\u00f6r1 x bruksanvisning (DE, EN, FR, ES, IT)SONGMICS Anm\u00e4rkningar:S\u00e4kerhets- och h\u00e4lsoinformation! Personer med hj\u00e4rt- och k\u00e4rlproblem och\/eller strokepatienter b\u00f6r inte anv\u00e4nda denna produkt. Denna produkt \u00e4r inte l\u00e4mplig f\u00f6r barn. Str\u00e4ck p\u00e5 dig innan du tr\u00e4nar p\u00e5 denna cykel. F\u00f6rvara produkten i uppr\u00e4tt l\u00e4ge. L\u00e4gg den inte p\u00e5 golvet. Anv\u00e4nd produkten endast p\u00e5 ett torrt och plant underlag.<\/p>\n","protected":false},"excerpt":{"rendered":"<p>SONGMICS X Bike\uff0cHemmabike, cykeltr\u00e4nare, fitnesscykel, hopf\u00e4llbar fitnesscykel, 8 magnetiska motst\u00e5ndsinst\u00e4llningar, pulsm\u00e4tning, mobilh\u00e5llare, belastningskapacitet upp till 100 kg, orange SXB11OG<\/p>\n","protected":false},"featured_media":46408,"comment_status":"open","ping_status":"closed","template":"","meta":[],"product_brand":[],"product_cat":[33],"product_tag":[],"class_list":{"0":"post-19511","1":"product","2":"type-product","3":"status-publish","4":"has-post-thumbnail","6":"product_cat-okategoriserad","8":"first","9":"instock","10":"shipping-taxable","11":"purchasable","12":"product-type-simple"},"_links":{"self":[{"href":"https:\/\/nordicmart.andreevmaster.com\/sv\/wp-json\/wp\/v2\/product\/19511","targetHints":{"allow":["GET"]}}],"collection":[{"href":"https:\/\/nordicmart.andreevmaster.com\/sv\/wp-json\/wp\/v2\/product"}],"about":[{"href":"https:\/\/nordicmart.andreevmaster.com\/sv\/wp-json\/wp\/v2\/types\/product"}],"replies":[{"embeddable":true,"href":"https:\/\/nordicmart.andreevmaster.com\/sv\/wp-json\/wp\/v2\/comments?post=19511"}],"wp:featuredmedia":[{"embeddable":true,"href":"https:\/\/nordicmart.andreevmaster.com\/sv\/wp-json\/wp\/v2\/media\/46408"}],"wp:attachment":[{"href":"https:\/\/nordicmart.andreevmaster.com\/sv\/wp-json\/wp\/v2\/media?parent=19511"}],"wp:term":[{"taxonomy":"product_brand","embeddable":true,"href":"https:\/\/nordicmart.andreevmaster.com\/sv\/wp-json\/wp\/v2\/product_brand?post=19511"},{"taxonomy":"product_cat","embeddable":true,"href":"https:\/\/nordicmart.andreevmaster.com\/sv\/wp-json\/wp\/v2\/product_cat?post=19511"},{"taxonomy":"product_tag","embeddable":true,"href":"https:\/\/nordicmart.andreevmaster.com\/sv\/wp-json\/wp\/v2\/product_tag?post=19511"}],"curies":[{"name":"wp","href":"https:\/\/api.w.org\/{rel}","templated":true}]}}