{"id":19508,"date":"2026-02-27T00:45:05","date_gmt":"2026-02-27T00:45:05","guid":{"rendered":"https:\/\/nordicmart.andreevmaster.com\/product\/songmics-hantelbank-svart-rod\/"},"modified":"2026-02-27T08:32:26","modified_gmt":"2026-02-27T08:32:26","slug":"songmics-hantelbank-svart-rod","status":"publish","type":"product","link":"https:\/\/nordicmart.andreevmaster.com\/sv\/produkt\/songmics-hantelbank-svart-rod\/","title":{"rendered":"SONGMICS Hantelb\u00e4nk svart-r\u00f6d"},"content":{"rendered":"<p>Produktdetaljer: Material: Pulverlackerat st\u00e5l, PU-\u00f6verdrag, h\u00f6gdensitetsfoam M\u00e5tt p\u00e5 ryggst\u00f6det: 30 x 75 cm (L x B) M\u00e5tt p\u00e5 sittytan: 29 x 30,5 cm (L x B) Tjocklek p\u00e5 ryggst\u00f6d och sittyta: 5 cm Sitth\u00f6jd: 56 cm Leveransomfattning: 1 x hantelb\u00e4nk 2 x elastiskt rep 1 x tillbeh\u00f6rspaket 1 x bruksanvisning (DE, EN, FR, ES, IT) SONGMICS Anm\u00e4rkningar: Denna produkt \u00e4r inte l\u00e4mplig f\u00f6r personer med h\u00f6gt blodtryck, hj\u00e4rt- och k\u00e4rlsjukdomar eller cerebrovaskul\u00e4ra sjukdomar. Av s\u00e4kerhetssk\u00e4l f\u00e5r barn inte kl\u00e4ttra p\u00e5 eller leka med produkten. Kontrollera att produkten \u00e4r oskadad innan anv\u00e4ndning. Uppv\u00e4rmnings\u00f6vningar rekommenderas f\u00f6re tr\u00e4ning. Anv\u00e4nd endast produkten p\u00e5 ett torrt och plant underlag. N\u00e4r produkten inte anv\u00e4nds b\u00f6r du f\u00e4lla ihop hantelb\u00e4nken och f\u00f6rvara den i uppr\u00e4tt l\u00e4ge.<\/p>\n","protected":false},"excerpt":{"rendered":"<p>SONGMICS Hantelb\u00e4nk, tr\u00e4ningsb\u00e4nk, lutande b\u00e4nk, justerbar, hopf\u00e4llbar, 7-stegs lutbar ryggst\u00f6d, multifunktionell, f\u00f6r hemmatr\u00e4ning, med 2 elastiska rep, hantel\u00f6vningar, svart-r\u00f6d SWB801R01<\/p>\n","protected":false},"featured_media":46405,"comment_status":"open","ping_status":"closed","template":"","meta":[],"product_brand":[],"product_cat":[33],"product_tag":[],"class_list":{"0":"post-19508","1":"product","2":"type-product","3":"status-publish","4":"has-post-thumbnail","6":"product_cat-okategoriserad","8":"first","9":"instock","10":"shipping-taxable","11":"purchasable","12":"product-type-simple"},"_links":{"self":[{"href":"https:\/\/nordicmart.andreevmaster.com\/sv\/wp-json\/wp\/v2\/product\/19508","targetHints":{"allow":["GET"]}}],"collection":[{"href":"https:\/\/nordicmart.andreevmaster.com\/sv\/wp-json\/wp\/v2\/product"}],"about":[{"href":"https:\/\/nordicmart.andreevmaster.com\/sv\/wp-json\/wp\/v2\/types\/product"}],"replies":[{"embeddable":true,"href":"https:\/\/nordicmart.andreevmaster.com\/sv\/wp-json\/wp\/v2\/comments?post=19508"}],"wp:featuredmedia":[{"embeddable":true,"href":"https:\/\/nordicmart.andreevmaster.com\/sv\/wp-json\/wp\/v2\/media\/46405"}],"wp:attachment":[{"href":"https:\/\/nordicmart.andreevmaster.com\/sv\/wp-json\/wp\/v2\/media?parent=19508"}],"wp:term":[{"taxonomy":"product_brand","embeddable":true,"href":"https:\/\/nordicmart.andreevmaster.com\/sv\/wp-json\/wp\/v2\/product_brand?post=19508"},{"taxonomy":"product_cat","embeddable":true,"href":"https:\/\/nordicmart.andreevmaster.com\/sv\/wp-json\/wp\/v2\/product_cat?post=19508"},{"taxonomy":"product_tag","embeddable":true,"href":"https:\/\/nordicmart.andreevmaster.com\/sv\/wp-json\/wp\/v2\/product_tag?post=19508"}],"curies":[{"name":"wp","href":"https:\/\/api.w.org\/{rel}","templated":true}]}}