{"id":19507,"date":"2026-02-27T00:45:05","date_gmt":"2026-02-27T00:45:05","guid":{"rendered":"https:\/\/nordicmart.andreevmaster.com\/product\/swanderful-stripes-lakan-40x90\/"},"modified":"2026-02-27T08:32:26","modified_gmt":"2026-02-27T08:32:26","slug":"swanderful-stripes-lakan-40x90","status":"publish","type":"product","link":"https:\/\/nordicmart.andreevmaster.com\/sv\/produkt\/swanderful-stripes-lakan-40x90\/","title":{"rendered":"Swan&#8217;derful Stripes lakan 40&#215;90"},"content":{"rendered":"<p>Lakan av h\u00f6gkvalitativ bomull. Lakanets gr\u00e5 och vita f\u00e4rgskala g\u00f6r att det passar n\u00e4stan alla s\u00e4ngar och passar b\u00e5de pojkar och flickor.<br \/>\nDet diagonala randm\u00f6nstret \u00e4r dynamiskt och h\u00e5ller intresset uppe. Det ger en f\u00e4rgklick \u00e4ven till en enkel, modern s\u00e4ngdesign, b\u00e5de f\u00f6r flickor och pojkar. Lakanet sitter bra p\u00e5 madrassen tack vare det v\u00e4lsittande res\u00e5ret, vilket garanterar en bekv\u00e4m s\u00f6mn f\u00f6r ditt barn. Bomullen som anv\u00e4nds i tillverkningen \u00e4r skonsam mot barns och nyf\u00f6ddas hud. <\/p>\n<p>**Detaljer:**<br \/>\n\u2022 designat och tillverkat i Polen<br \/>\n\u2022 tryckta element bleknar inte (\u00e4ven efter upprepade tv\u00e4ttar)<br \/>\n\u2022 100 % bomull med en tr\u00e5dtjocklek p\u00e5 150 g\/m2 och Oeko-Tex Standard 100 IW 00034-certifikat<br \/>\n\u2022 tv\u00e4ttemperatur: 30\u02da C<\/p>\n<p>**Storlek:<br \/>\n**- 40&#215;90**<\/p>\n<p>Tillg\u00e4ngliga storlekar:**\u2022 60&#215;120 cm \u2022 90&#215;200 cm<\/p>\n","protected":false},"excerpt":{"rendered":"<p>Lakan av h\u00f6gkvalitativ bomull. Lakanets gr\u00e5 och vita f\u00e4rgskala g\u00f6r att det passar n\u00e4stan alla s\u00e4ngar och passar b\u00e5de pojkar och flickor. Det diagonala randm\u00f6nstret \u00e4r dynamiskt och h\u00e5ller intresset uppe. Det ger en f\u00e4rgklick \u00e4ven till en enkel, modern s\u00e4ngdesign, b\u00e5de f\u00f6r flickor och pojkar. Lakanet sitter bra p\u00e5 madrassen tack vare det v\u00e4lsittande [&hellip;]<\/p>\n","protected":false},"featured_media":0,"comment_status":"open","ping_status":"closed","template":"","meta":[],"product_brand":[],"product_cat":[33],"product_tag":[],"class_list":{"0":"post-19507","1":"product","2":"type-product","3":"status-publish","5":"product_cat-okategoriserad","7":"first","8":"instock","9":"shipping-taxable","10":"purchasable","11":"product-type-simple"},"_links":{"self":[{"href":"https:\/\/nordicmart.andreevmaster.com\/sv\/wp-json\/wp\/v2\/product\/19507","targetHints":{"allow":["GET"]}}],"collection":[{"href":"https:\/\/nordicmart.andreevmaster.com\/sv\/wp-json\/wp\/v2\/product"}],"about":[{"href":"https:\/\/nordicmart.andreevmaster.com\/sv\/wp-json\/wp\/v2\/types\/product"}],"replies":[{"embeddable":true,"href":"https:\/\/nordicmart.andreevmaster.com\/sv\/wp-json\/wp\/v2\/comments?post=19507"}],"wp:attachment":[{"href":"https:\/\/nordicmart.andreevmaster.com\/sv\/wp-json\/wp\/v2\/media?parent=19507"}],"wp:term":[{"taxonomy":"product_brand","embeddable":true,"href":"https:\/\/nordicmart.andreevmaster.com\/sv\/wp-json\/wp\/v2\/product_brand?post=19507"},{"taxonomy":"product_cat","embeddable":true,"href":"https:\/\/nordicmart.andreevmaster.com\/sv\/wp-json\/wp\/v2\/product_cat?post=19507"},{"taxonomy":"product_tag","embeddable":true,"href":"https:\/\/nordicmart.andreevmaster.com\/sv\/wp-json\/wp\/v2\/product_tag?post=19507"}],"curies":[{"name":"wp","href":"https:\/\/api.w.org\/{rel}","templated":true}]}}