{"id":19503,"date":"2026-02-27T00:45:04","date_gmt":"2026-02-27T00:45:04","guid":{"rendered":"https:\/\/nordicmart.andreevmaster.com\/product\/songmics-studsmatta-305-cm-d-tradgardsstudsmatta-med-sakerhetsnat-180-cm-hoga-bojda-stanger\/"},"modified":"2026-02-27T08:32:25","modified_gmt":"2026-02-27T08:32:25","slug":"songmics-studsmatta-305-cm-d-tradgardsstudsmatta-med-sakerhetsnat-180-cm-hoga-bojda-stanger","status":"publish","type":"product","link":"https:\/\/nordicmart.andreevmaster.com\/sv\/produkt\/songmics-studsmatta-305-cm-d-tradgardsstudsmatta-med-sakerhetsnat-180-cm-hoga-bojda-stanger\/","title":{"rendered":"SONGMICS studsmatta 305 cm d, tr\u00e4dg\u00e5rdsstudsmatta med s\u00e4kerhetsn\u00e4t, 180 cm h\u00f6ga b\u00f6jda st\u00e4nger"},"content":{"rendered":"<p>Kul i tr\u00e4dg\u00e5rden Denna trampolin fr\u00e5n SONGMICS lanserades helt ny p\u00e5 marknaden 2020 och erbjuder b\u00e5de dig och din familj en f\u00f6rstklassig hoppplevelse. Eftersom s\u00e4kerhet \u00e4r v\u00e5r prioritet \u00e4r det galvaniserade och pulverlackerade underredet stabilt och rostbest\u00e4ndigt. De fyra W-formade benen h\u00e5ller hoppduken i balans. Denna hoppanordning \u00e4r naturligtvis perfekt som present till dina barn. Men du kan sj\u00e4lvklart ocks\u00e5 hoppa, eftersom trampolinen t\u00e5l upp till 150 kg. I leveransen ing\u00e5r en hoppduk, en kantskydd, ett s\u00e4kerhetsn\u00e4t, st\u00f6dst\u00e4nger och en stege \u2013 allt du beh\u00f6ver f\u00f6r att ha kul utomhus!Tekniska detaljer Max. belastning: 150 kg H\u00f6jd mellan marken och trampolinens yta: ca 76 cm Tillverkad av h\u00f6gkvalitativa, galvaniserade st\u00e5lr\u00f6r, rostfria 64 galvaniserade st\u00e5lfj\u00e4drar Vattent\u00e4t och UV-best\u00e4ndig kantskydd H\u00f6gkvalitativt s\u00e4kerhetsn\u00e4t H\u00f6gkvalitativ hoppmatta &#8211; UV-best\u00e4ndigt H\u00e5llst\u00e4ngerna \u00e4r vadderade med EPE-skum Leveransomfattning: 1 x trampolin 1 x stege 1 x tillbeh\u00f6rspaket 1 x bruksanvisning (DE, EN, IT, FR, ES) SONGMICS Anm\u00e4rkningar: H\u00e4ng inte i kanten av s\u00e4kerhetsn\u00e4tet.Ta bort alla l\u00f6sa f\u00f6rem\u00e5l som du har p\u00e5 dig innan du anv\u00e4nder trampolinen. Barn under 3 \u00e5r f\u00e5r inte anv\u00e4nda trampolinen. G\u00f6r inga volter p\u00e5 trampolinen. Endast f\u00f6r privat bruk. Flera personer f\u00e5r inte anv\u00e4nda trampolinen samtidigt, eftersom det kan leda till kollisioner.Ta ner studsmattan vid storm eller vinterv\u00e4der (ta i synnerhet bort s\u00e4kerhetsn\u00e4tet, studsmattan och kantskyddet). F\u00f6rvara studsmattan p\u00e5 en torr och ren plats. Denna produkt levereras i tv\u00e5 paket. Montera den f\u00f6rst n\u00e4r alla delar har anl\u00e4nt.<\/p>\n","protected":false},"excerpt":{"rendered":"<p>Trampolin 366 cm d, tr\u00e4dg\u00e5rdstrampolin med s\u00e4kerhetsn\u00e4t, 180 cm h\u00f6ga b\u00f6jda st\u00e4nger, kantskydd, stege, st\u00e5lram, svartbl\u00e5<\/p>\n","protected":false},"featured_media":46401,"comment_status":"open","ping_status":"closed","template":"","meta":[],"product_brand":[],"product_cat":[33],"product_tag":[],"class_list":{"0":"post-19503","1":"product","2":"type-product","3":"status-publish","4":"has-post-thumbnail","6":"product_cat-okategoriserad","8":"first","9":"instock","10":"shipping-taxable","11":"purchasable","12":"product-type-simple"},"_links":{"self":[{"href":"https:\/\/nordicmart.andreevmaster.com\/sv\/wp-json\/wp\/v2\/product\/19503","targetHints":{"allow":["GET"]}}],"collection":[{"href":"https:\/\/nordicmart.andreevmaster.com\/sv\/wp-json\/wp\/v2\/product"}],"about":[{"href":"https:\/\/nordicmart.andreevmaster.com\/sv\/wp-json\/wp\/v2\/types\/product"}],"replies":[{"embeddable":true,"href":"https:\/\/nordicmart.andreevmaster.com\/sv\/wp-json\/wp\/v2\/comments?post=19503"}],"wp:featuredmedia":[{"embeddable":true,"href":"https:\/\/nordicmart.andreevmaster.com\/sv\/wp-json\/wp\/v2\/media\/46401"}],"wp:attachment":[{"href":"https:\/\/nordicmart.andreevmaster.com\/sv\/wp-json\/wp\/v2\/media?parent=19503"}],"wp:term":[{"taxonomy":"product_brand","embeddable":true,"href":"https:\/\/nordicmart.andreevmaster.com\/sv\/wp-json\/wp\/v2\/product_brand?post=19503"},{"taxonomy":"product_cat","embeddable":true,"href":"https:\/\/nordicmart.andreevmaster.com\/sv\/wp-json\/wp\/v2\/product_cat?post=19503"},{"taxonomy":"product_tag","embeddable":true,"href":"https:\/\/nordicmart.andreevmaster.com\/sv\/wp-json\/wp\/v2\/product_tag?post=19503"}],"curies":[{"name":"wp","href":"https:\/\/api.w.org\/{rel}","templated":true}]}}