{"id":19501,"date":"2026-02-27T00:45:03","date_gmt":"2026-02-27T00:45:03","guid":{"rendered":"https:\/\/nordicmart.andreevmaster.com\/product\/songmics-trampolin-183-cm-tradgardstrampolin-med-sakerhetsnat\/"},"modified":"2026-02-27T08:32:24","modified_gmt":"2026-02-27T08:32:24","slug":"songmics-trampolin-183-cm-tradgardstrampolin-med-sakerhetsnat","status":"publish","type":"product","link":"https:\/\/nordicmart.andreevmaster.com\/sv\/produkt\/songmics-trampolin-183-cm-tradgardstrampolin-med-sakerhetsnat\/","title":{"rendered":"SONGMICS trampolin 183 cm, tr\u00e4dg\u00e5rdstrampolin, med s\u00e4kerhetsn\u00e4t"},"content":{"rendered":"<p>Trampolin 305 cm, tr\u00e4dg\u00e5rdstrampolin, med s\u00e4kerhetsn\u00e4t, kantskydd, stege, 180 cm h\u00f6ga raka stolpar, st\u00e5lram, bl\u00e5<br \/>\nProduktdetaljer:<br \/>\n&#8211; F\u00e4rg: rosa<br \/>\n&#8211; Material:<br \/>\n&#8211; Ram: F\u00f6rzinkade st\u00e5lr\u00f6r<br \/>\n&#8211; Kantskydd: 500D PVC, 15 mm tjock EPE-skumplast, 130 g\/m\u00b2 PE<br \/>\n&#8211; Hoppduk: PP<br \/>\n&#8211; S\u00e4kerhetsn\u00e4t: 95 g\/m\u00b2 PE<br \/>\n&#8211; Skydd av st\u00e4nger: PE-skumplast, PVC-skydds\u00f6verdrag<br \/>\n&#8211; Fj\u00e4der: F\u00f6rzinkat st\u00e5l<br \/>\n&#8211; Storlek: 183 cm djup, 230 cm h\u00f6g<br \/>\n&#8211; Ramens h\u00f6jd: 50 cm<br \/>\n&#8211; Diameter p\u00e5 hoppomr\u00e5det: 129 cm<br \/>\n&#8211; St\u00e5ngernas h\u00f6jd: 180 cm<br \/>\n&#8211; Vikt: 28 kg<br \/>\n&#8211; Max. belastningskapacitet: 100 kg<\/p>\n<p>Leveransomfattning:<br \/>\n&#8211; 1 x trampolin d 183 cm<br \/>\n&#8211; 1 x stege<br \/>\n&#8211; 1 x tillbeh\u00f6rspaket<br \/>\n&#8211; 1 x monteringsverktygssats<br \/>\n&#8211; 1 x bruksanvisning<\/p>\n<p>Anm\u00e4rkningar:<br \/>\n&#8211; Trampolinen ska alltid anv\u00e4ndas av endast en person.<br \/>\n&#8211; G\u00f6r inga volter p\u00e5 trampolinen.<br \/>\n&#8211; Tr\u00e4dg\u00e5rdstrampolinen \u00e4r endast l\u00e4mplig f\u00f6r barn fr\u00e5n 6 \u00e5r.<\/p>\n","protected":false},"excerpt":{"rendered":"<p>Trampolin 305 cm, tr\u00e4dg\u00e5rdstrampolin, med s\u00e4kerhetsn\u00e4t, kantskydd, stege, 180 cm h\u00f6ga raka stolpar, st\u00e5lram, bl\u00e5<\/p>\n","protected":false},"featured_media":46399,"comment_status":"open","ping_status":"closed","template":"","meta":[],"product_brand":[],"product_cat":[33],"product_tag":[],"class_list":{"0":"post-19501","1":"product","2":"type-product","3":"status-publish","4":"has-post-thumbnail","6":"product_cat-okategoriserad","8":"first","9":"instock","10":"shipping-taxable","11":"purchasable","12":"product-type-simple"},"_links":{"self":[{"href":"https:\/\/nordicmart.andreevmaster.com\/sv\/wp-json\/wp\/v2\/product\/19501","targetHints":{"allow":["GET"]}}],"collection":[{"href":"https:\/\/nordicmart.andreevmaster.com\/sv\/wp-json\/wp\/v2\/product"}],"about":[{"href":"https:\/\/nordicmart.andreevmaster.com\/sv\/wp-json\/wp\/v2\/types\/product"}],"replies":[{"embeddable":true,"href":"https:\/\/nordicmart.andreevmaster.com\/sv\/wp-json\/wp\/v2\/comments?post=19501"}],"wp:featuredmedia":[{"embeddable":true,"href":"https:\/\/nordicmart.andreevmaster.com\/sv\/wp-json\/wp\/v2\/media\/46399"}],"wp:attachment":[{"href":"https:\/\/nordicmart.andreevmaster.com\/sv\/wp-json\/wp\/v2\/media?parent=19501"}],"wp:term":[{"taxonomy":"product_brand","embeddable":true,"href":"https:\/\/nordicmart.andreevmaster.com\/sv\/wp-json\/wp\/v2\/product_brand?post=19501"},{"taxonomy":"product_cat","embeddable":true,"href":"https:\/\/nordicmart.andreevmaster.com\/sv\/wp-json\/wp\/v2\/product_cat?post=19501"},{"taxonomy":"product_tag","embeddable":true,"href":"https:\/\/nordicmart.andreevmaster.com\/sv\/wp-json\/wp\/v2\/product_tag?post=19501"}],"curies":[{"name":"wp","href":"https:\/\/api.w.org\/{rel}","templated":true}]}}