{"id":19499,"date":"2026-02-27T00:45:03","date_gmt":"2026-02-27T00:45:03","guid":{"rendered":"https:\/\/nordicmart.andreevmaster.com\/product\/songmics-trampolin-244-cm-svart-bla\/"},"modified":"2026-02-27T08:32:24","modified_gmt":"2026-02-27T08:32:24","slug":"songmics-trampolin-244-cm-svart-bla","status":"publish","type":"product","link":"https:\/\/nordicmart.andreevmaster.com\/sv\/produkt\/songmics-trampolin-244-cm-svart-bla\/","title":{"rendered":"SONGMICS Trampolin 244 cm Svart-Bl\u00e5"},"content":{"rendered":"<p>Ha kul i tr\u00e4dg\u00e5rden! Denna 244 cm stora trampolin \u00e4r perfekt f\u00f6r att hoppa runt i tr\u00e4dg\u00e5rden en varm eftermiddag (eller till och med tr\u00e4na lite). L\u00e5t dina barn hoppa p\u00e5 denna trampolin fr\u00e5n SONGMICS s\u00e5 mycket de vill, medan du solar eller grillar.  S\u00e4kerhet har h\u00f6gsta prioritet Naturligtvis ska trampolinhoppning framf\u00f6r allt vara roligt. Men s\u00e4kerheten f\u00e5r inte komma i andra hand. D\u00e4rf\u00f6r \u00e4r denna trampolin utrustad med ett mycket t\u00e4tt s\u00e4kerhetsn\u00e4t som d\u00e4mpar st\u00f6tar s\u00e4rskilt bra. Dessutom \u00e4r n\u00e4tets st\u00e4nger och fj\u00e4drarna t\u00e4ckta med EPE-skum, vilket ocks\u00e5 minskar risken f\u00f6r skador.  Om du har ytterligare fr\u00e5gor om denna studsmatta, tveka inte att kontakta oss. Vi \u00e5terkommer s\u00e5 snart som m\u00f6jligt.  Produktdetaljer\uff1a &#8211; F\u00e4rg: Svart, bl\u00e5 &#8211; Diameter: 244 cm &#8211; Ramens material: F\u00f6rzinkat st\u00e5lr\u00f6r &#8211; Hoppduken: Polypropen (265 g\/m2) &#8211; S\u00e4kerhetsdynans material: PVC (310 g\/m2) + EPE-skumplast &#8211; Avst\u00e5nd mellan marken och trampolinens yta: 59 cm &#8211; Max. belastning: 80 kg  Leveransomfattning\uff1a &#8211; 1 x trampolin \u00d8 244 cm &#8211; 1 x stege &#8211; 1 x tillbeh\u00f6rsp\u00e5se &#8211; 1 x bruksanvisning (DE, EN, FR, ES, IT)  SONGMICS Anm\u00e4rkningar\uff1a &#8211; Trampolinen ska alltid anv\u00e4ndas av endast en person.  &#8211; G\u00f6r inga volter p\u00e5 trampolinen. &#8211; H\u00e4ng inte i den \u00f6vre kanten av s\u00e4kerhetsn\u00e4tet. &#8211; Ta bort alla vassa eller skarpa f\u00f6rem\u00e5l innan du g\u00e5r upp p\u00e5 trampolinen. &#8211; Trampolinen \u00e4r inte l\u00e4mplig f\u00f6r barn under 3 \u00e5r. EAN: 6955880353040<\/p>\n","protected":false},"excerpt":{"rendered":"<p>SONGMICS tr\u00e4dg\u00e5rdstrampolin \u00d8 244 cm, rund trampolin med s\u00e4kerhetsn\u00e4t, med vadderade st\u00e4nger, s\u00e4kerhets\u00f6verdrag, T\u00dcV Rheinland-testad, s\u00e4ker, utomhus, svart, bl\u00e5 STR8FT<\/p>\n","protected":false},"featured_media":46398,"comment_status":"open","ping_status":"closed","template":"","meta":[],"product_brand":[],"product_cat":[33],"product_tag":[],"class_list":{"0":"post-19499","1":"product","2":"type-product","3":"status-publish","4":"has-post-thumbnail","6":"product_cat-okategoriserad","8":"first","9":"instock","10":"shipping-taxable","11":"purchasable","12":"product-type-simple"},"_links":{"self":[{"href":"https:\/\/nordicmart.andreevmaster.com\/sv\/wp-json\/wp\/v2\/product\/19499","targetHints":{"allow":["GET"]}}],"collection":[{"href":"https:\/\/nordicmart.andreevmaster.com\/sv\/wp-json\/wp\/v2\/product"}],"about":[{"href":"https:\/\/nordicmart.andreevmaster.com\/sv\/wp-json\/wp\/v2\/types\/product"}],"replies":[{"embeddable":true,"href":"https:\/\/nordicmart.andreevmaster.com\/sv\/wp-json\/wp\/v2\/comments?post=19499"}],"wp:featuredmedia":[{"embeddable":true,"href":"https:\/\/nordicmart.andreevmaster.com\/sv\/wp-json\/wp\/v2\/media\/46398"}],"wp:attachment":[{"href":"https:\/\/nordicmart.andreevmaster.com\/sv\/wp-json\/wp\/v2\/media?parent=19499"}],"wp:term":[{"taxonomy":"product_brand","embeddable":true,"href":"https:\/\/nordicmart.andreevmaster.com\/sv\/wp-json\/wp\/v2\/product_brand?post=19499"},{"taxonomy":"product_cat","embeddable":true,"href":"https:\/\/nordicmart.andreevmaster.com\/sv\/wp-json\/wp\/v2\/product_cat?post=19499"},{"taxonomy":"product_tag","embeddable":true,"href":"https:\/\/nordicmart.andreevmaster.com\/sv\/wp-json\/wp\/v2\/product_tag?post=19499"}],"curies":[{"name":"wp","href":"https:\/\/api.w.org\/{rel}","templated":true}]}}