{"id":19498,"date":"2026-02-27T00:45:02","date_gmt":"2026-02-27T00:45:02","guid":{"rendered":"https:\/\/nordicmart.andreevmaster.com\/product\/songmics-tradgardstrampolin-med-nat-o-244-cm\/"},"modified":"2026-02-27T08:32:24","modified_gmt":"2026-02-27T08:32:24","slug":"songmics-tradgardstrampolin-med-nat-o-244-cm","status":"publish","type":"product","link":"https:\/\/nordicmart.andreevmaster.com\/sv\/produkt\/songmics-tradgardstrampolin-med-nat-o-244-cm\/","title":{"rendered":"SONGMICS tr\u00e4dg\u00e5rdstrampolin med n\u00e4t \u00d8 244 cm"},"content":{"rendered":"<p>SONGMICS har gjort sig ett namn inom trampolinbranschen genom att tillverka just de h\u00f6gkvalitativa produkter som anv\u00e4ndarna av s\u00e5dana hoppredskap f\u00f6rv\u00e4ntar sig. Med en pulverlackerad ram, b\u00e5gformade st\u00e4nger och ett t\u00e4tt n\u00e4t erbjuder denna modell en utm\u00e4rkt hoppplevelse samt n\u00f6je och s\u00e4kerhet. P\u00e5 tal om n\u00f6je och s\u00e4kerhet: vi tror att dessa tv\u00e5 inte utesluter varandra. Vi konstruerar d\u00e4rf\u00f6r v\u00e5ra trampoliner s\u00e5 s\u00e4kra som m\u00f6jligt, s\u00e5 att du inte beh\u00f6ver oroa dig n\u00e4r dina barn leker vilt p\u00e5 hoppredskapet. Detta set best\u00e5r av en hoppduk, s\u00e4kerhetsn\u00e4t, ett s\u00e4kerhetsskydd f\u00f6r fj\u00e4drarna, st\u00f6dst\u00e4nger och en stege. Den 244 cm stora trampolinen t\u00e5l en belastning p\u00e5 upp till 80 kg. S\u00e5 \u00e4ven vuxna har ingen urs\u00e4kt l\u00e4ngre f\u00f6r att inte v\u00e5ga sig upp p\u00e5 studsmattan. V\u00e5ra studsmattor \u00e4r l\u00e4mpliga f\u00f6r hela familjen \u2013 s\u00e5 ut och ha kul! Produktdetaljer: Max. belastning: 80 kg H\u00f6jd mellan marken och studsmattans yta: 59 cm F\u00f6rzinkat kvalitetsst\u00e5l Zinkpl\u00e4terade fj\u00e4drar Slitstark, vattent\u00e4t och UV-best\u00e4ndig s\u00e4kerhets\u00f6verdrag H\u00f6gkvalitativt s\u00e4kerhetsn\u00e4t med t\u00e4ta maskor Robust hoppduk \u2013 testad i 5000 timmar under UV-ljus B\u00e5gformade st\u00f6dst\u00e4nger omslutna med EPE-skumplast<\/p>\n","protected":false},"excerpt":{"rendered":"<p>SONGMICS tr\u00e4dg\u00e5rdstrampolin \u00d8 244 cm, rund trampolin med s\u00e4kerhetsn\u00e4t, med vadderade st\u00e4nger, s\u00e4kerhets\u00f6verdrag, T\u00dcV Rheinland-testad, s\u00e4ker, utomhus, svart, bl\u00e5 STR8FT<\/p>\n","protected":false},"featured_media":46397,"comment_status":"open","ping_status":"closed","template":"","meta":[],"product_brand":[],"product_cat":[33],"product_tag":[],"class_list":{"0":"post-19498","1":"product","2":"type-product","3":"status-publish","4":"has-post-thumbnail","6":"product_cat-okategoriserad","8":"first","9":"instock","10":"shipping-taxable","11":"purchasable","12":"product-type-simple"},"_links":{"self":[{"href":"https:\/\/nordicmart.andreevmaster.com\/sv\/wp-json\/wp\/v2\/product\/19498","targetHints":{"allow":["GET"]}}],"collection":[{"href":"https:\/\/nordicmart.andreevmaster.com\/sv\/wp-json\/wp\/v2\/product"}],"about":[{"href":"https:\/\/nordicmart.andreevmaster.com\/sv\/wp-json\/wp\/v2\/types\/product"}],"replies":[{"embeddable":true,"href":"https:\/\/nordicmart.andreevmaster.com\/sv\/wp-json\/wp\/v2\/comments?post=19498"}],"wp:featuredmedia":[{"embeddable":true,"href":"https:\/\/nordicmart.andreevmaster.com\/sv\/wp-json\/wp\/v2\/media\/46397"}],"wp:attachment":[{"href":"https:\/\/nordicmart.andreevmaster.com\/sv\/wp-json\/wp\/v2\/media?parent=19498"}],"wp:term":[{"taxonomy":"product_brand","embeddable":true,"href":"https:\/\/nordicmart.andreevmaster.com\/sv\/wp-json\/wp\/v2\/product_brand?post=19498"},{"taxonomy":"product_cat","embeddable":true,"href":"https:\/\/nordicmart.andreevmaster.com\/sv\/wp-json\/wp\/v2\/product_cat?post=19498"},{"taxonomy":"product_tag","embeddable":true,"href":"https:\/\/nordicmart.andreevmaster.com\/sv\/wp-json\/wp\/v2\/product_tag?post=19498"}],"curies":[{"name":"wp","href":"https:\/\/api.w.org\/{rel}","templated":true}]}}