{"id":19497,"date":"2026-02-27T00:45:02","date_gmt":"2026-02-27T00:45:02","guid":{"rendered":"https:\/\/nordicmart.andreevmaster.com\/product\/songmics-studsmatta-o-183-cm-svart-bla\/"},"modified":"2026-02-27T08:32:23","modified_gmt":"2026-02-27T08:32:23","slug":"songmics-studsmatta-o-183-cm-svart-bla","status":"publish","type":"product","link":"https:\/\/nordicmart.andreevmaster.com\/sv\/produkt\/songmics-studsmatta-o-183-cm-svart-bla\/","title":{"rendered":"SONGMICS studsmatta \u00d8 183 cm svart-bl\u00e5"},"content":{"rendered":"<p>Ha kul i tr\u00e4dg\u00e5rden! Denna 183 cm stora utomhustrampolin \u00e4r perfekt f\u00f6r att hoppa runt i tr\u00e4dg\u00e5rden en varm eftermiddag (eller till och med tr\u00e4na lite). L\u00e5t dina barn hoppa till hj\u00e4rtats lust p\u00e5 denna trampolin fr\u00e5n SONGMICS medan du solar eller grillar. S\u00e4kerhet har h\u00f6gsta prioritet: Naturligtvis ska trampolinhoppning framf\u00f6r allt vara roligt. Men s\u00e4kerheten f\u00e5r inte komma i andra hand. Av denna anledning \u00e4r denna trampolin f\u00f6r barn utrustad med ett mycket t\u00e4tt s\u00e4kerhetsn\u00e4t som d\u00e4mpar st\u00f6tar s\u00e4rskilt bra. Dessutom \u00e4r n\u00e4tets st\u00e4nger och fj\u00e4drarna t\u00e4ckta med EPE-skum, vilket ocks\u00e5 minskar risken f\u00f6r skador. Produktdetaljer: F\u00e4rg: Svart-bl\u00e5 Diameter: 183 cm Ramens material: F\u00f6rzinkat st\u00e5lr\u00f6r Hoppduken: Polypropen (265 g\/\u33a1) S\u00e4kerhetskudden: PVC (310 g\/\u33a1), EPE-skumplast Avst\u00e5nd mellan marken och trampolinens yta: 50 cm Max. statisk belastningskapacitet: 100 kg Leveransomfattning: 1 x trampolin \u00d8 183 cm 1 x tillbeh\u00f6rspaket 1 x monteringsverktygssats 1 x bruksanvisning SONGICs anvisningar: Trampolinen ska alltid anv\u00e4ndas av endast en person. Anv\u00e4ndning av flera personer samtidigt kan leda till skador. G\u00f6r inga volter p\u00e5 trampolinen. H\u00e4ng inte i den \u00f6vre kanten av s\u00e4kerhetsn\u00e4tet. Ta bort alla vassa eller skarpa f\u00f6rem\u00e5l innan du g\u00e5r upp p\u00e5 trampolinen. Trampolinen \u00e4r inte l\u00e4mplig f\u00f6r barn under 6 \u00e5r. Endast f\u00f6r privat bruk.<\/p>\n","protected":false},"excerpt":{"rendered":"<p>SONGMICS Ultrasport tr\u00e4dg\u00e5rdstrampolin Uni-Jump, trampolin f\u00f6r barn fr\u00e5n 4 \u00e5r, utomhusleksak, komplett trampolinset inkl. hoppmatta, s\u00e4kerhetsn\u00e4t, vadderade n\u00e4tstolpar och kantskydd, bl\u00e5, \u00d8 183 cm<\/p>\n","protected":false},"featured_media":46396,"comment_status":"open","ping_status":"closed","template":"","meta":[],"product_brand":[],"product_cat":[33],"product_tag":[],"class_list":{"0":"post-19497","1":"product","2":"type-product","3":"status-publish","4":"has-post-thumbnail","6":"product_cat-okategoriserad","8":"first","9":"instock","10":"shipping-taxable","11":"purchasable","12":"product-type-simple"},"_links":{"self":[{"href":"https:\/\/nordicmart.andreevmaster.com\/sv\/wp-json\/wp\/v2\/product\/19497","targetHints":{"allow":["GET"]}}],"collection":[{"href":"https:\/\/nordicmart.andreevmaster.com\/sv\/wp-json\/wp\/v2\/product"}],"about":[{"href":"https:\/\/nordicmart.andreevmaster.com\/sv\/wp-json\/wp\/v2\/types\/product"}],"replies":[{"embeddable":true,"href":"https:\/\/nordicmart.andreevmaster.com\/sv\/wp-json\/wp\/v2\/comments?post=19497"}],"wp:featuredmedia":[{"embeddable":true,"href":"https:\/\/nordicmart.andreevmaster.com\/sv\/wp-json\/wp\/v2\/media\/46396"}],"wp:attachment":[{"href":"https:\/\/nordicmart.andreevmaster.com\/sv\/wp-json\/wp\/v2\/media?parent=19497"}],"wp:term":[{"taxonomy":"product_brand","embeddable":true,"href":"https:\/\/nordicmart.andreevmaster.com\/sv\/wp-json\/wp\/v2\/product_brand?post=19497"},{"taxonomy":"product_cat","embeddable":true,"href":"https:\/\/nordicmart.andreevmaster.com\/sv\/wp-json\/wp\/v2\/product_cat?post=19497"},{"taxonomy":"product_tag","embeddable":true,"href":"https:\/\/nordicmart.andreevmaster.com\/sv\/wp-json\/wp\/v2\/product_tag?post=19497"}],"curies":[{"name":"wp","href":"https:\/\/api.w.org\/{rel}","templated":true}]}}